{"id":22234,"date":"2023-03-01T14:48:02","date_gmt":"2023-03-01T13:48:02","guid":{"rendered":"https:\/\/dreamonwedding.it\/product\/kerzenhaltersockel-aus-aluminium-mattschwarz\/"},"modified":"2023-03-01T14:48:02","modified_gmt":"2023-03-01T13:48:02","slug":"kerzenhaltersockel-aus-aluminium-mattschwarz","status":"publish","type":"product","link":"https:\/\/dreamonwedding.it\/de\/produkt\/kerzenhaltersockel-aus-aluminium-mattschwarz\/","title":{"rendered":"Kerzenhaltersockel aus Aluminium \u2013 Mattschwarz"},"content":{"rendered":"<h5>Halterbasis aus Ahornholz in Aluminium, mattschwarz.<\/h5>\n<p>Dieser Kerzenhalter aus Aluminium kann nicht nur als Dekoration im Wohnzimmer, Schlafzimmer und auf dem Balkon aufgestellt, sondern auch als Geschenk an Familie und Freunde verschenkt werden.<\/p>\n<p>Perfekt vor allem f\u00fcr Zeremonien wie Hochzeiten, Taufen oder Einweihungen, drinnen oder drau\u00dfen.<\/p>\n<p>&nbsp;<\/p>\n<p>Wir garantieren Expresszustellung per DHL-Kurier (2-3 Werktage).<\/p>\n<p>Wenn Sie ein Profi sind oder dieses Produkt in gr\u00f6\u00dferen Mengen als dem auf der Website angezeigten Bestand ben\u00f6tigen, <a href=\"https:\/\/dreamonwedding.it\/exclusive-italy-wedding-planner\/\">kontaktieren Sie uns<\/ a> um ein individuelles Angebot zu erhalten.<\/p>\n<p>Folgen Sie uns auf <a href=\"https:\/\/www.instagram.com\/dreamon_emporio\/\" target=\"_blank\" rel=\"noopener\">Instagram<\/a>, um sich inspirieren zu lassen, oder besuchen Sie uns auf unserer <a href=\"https:\/\/g.page\/ dream-on-emporio?we\" target=\"_blank\" rel=\"noopener\">Showroom!<\/a><\/p>\n","protected":false},"excerpt":{"rendered":"<p>Dieser Kerzenhalter aus Aluminium kann nicht nur als Dekoration im Wohnzimmer, Schlafzimmer und auf dem Balkon aufgestellt, sondern auch als Geschenk an Familie und Freunde verschenkt werden.<\/p>\n<p>Perfekt vor allem f\u00fcr Zeremonien wie Hochzeiten, Taufen oder Einweihungen, drinnen oder drau\u00dfen.<\/p>\n<p>&nbsp;<\/p>\n","protected":false},"featured_media":21130,"comment_status":"open","ping_status":"closed","template":"","meta":[],"product_brand":[],"product_cat":[648,641,664,642],"product_tag":[979,977,976,959,978],"class_list":{"0":"post-22234","1":"product","2":"type-product","3":"status-publish","4":"has-post-thumbnail","6":"product_cat-dekorationen","7":"product_cat-kerzen","8":"product_cat-kerzenhalter","9":"product_cat-kronleuchter","10":"product_tag-aluminium-de","11":"product_tag-kerze-de","12":"product_tag-kerzenhalter-de-2","13":"product_tag-schwarz","14":"product_tag-undurchsichtig","16":"first","17":"instock","18":"taxable","19":"shipping-taxable","20":"purchasable","21":"product-type-simple"},"_links":{"self":[{"href":"https:\/\/dreamonwedding.it\/de\/wp-json\/wp\/v2\/product\/22234","targetHints":{"allow":["GET"]}}],"collection":[{"href":"https:\/\/dreamonwedding.it\/de\/wp-json\/wp\/v2\/product"}],"about":[{"href":"https:\/\/dreamonwedding.it\/de\/wp-json\/wp\/v2\/types\/product"}],"replies":[{"embeddable":true,"href":"https:\/\/dreamonwedding.it\/de\/wp-json\/wp\/v2\/comments?post=22234"}],"wp:featuredmedia":[{"embeddable":true,"href":"https:\/\/dreamonwedding.it\/de\/wp-json\/wp\/v2\/media\/21130"}],"wp:attachment":[{"href":"https:\/\/dreamonwedding.it\/de\/wp-json\/wp\/v2\/media?parent=22234"}],"wp:term":[{"taxonomy":"product_brand","embeddable":true,"href":"https:\/\/dreamonwedding.it\/de\/wp-json\/wp\/v2\/product_brand?post=22234"},{"taxonomy":"product_cat","embeddable":true,"href":"https:\/\/dreamonwedding.it\/de\/wp-json\/wp\/v2\/product_cat?post=22234"},{"taxonomy":"product_tag","embeddable":true,"href":"https:\/\/dreamonwedding.it\/de\/wp-json\/wp\/v2\/product_tag?post=22234"}],"curies":[{"name":"wp","href":"https:\/\/api.w.org\/{rel}","templated":true}]}}