{"id":22236,"date":"2023-03-01T16:08:15","date_gmt":"2023-03-01T15:08:15","guid":{"rendered":"https:\/\/dreamonwedding.it\/product\/metallbecher-glanzendes-schwarz\/"},"modified":"2023-03-01T16:08:15","modified_gmt":"2023-03-01T15:08:15","slug":"metallbecher-glanzendes-schwarz","status":"publish","type":"product","link":"https:\/\/dreamonwedding.it\/de\/produkt\/metallbecher-glanzendes-schwarz\/","title":{"rendered":"Metallbecher \u2013 gl\u00e4nzendes Schwarz"},"content":{"rendered":"<h5>Gl\u00e4nzend schwarzer Metallbecher.<\/h5>\n<p>Elegante Tasse aus gl\u00e4nzend schwarzem Metall, ideal f\u00fcr Arrangements, Tafelaufs\u00e4tze, Empf\u00e4nge oder f\u00fcr die Inneneinrichtung.<\/p>\n<p>Ein hochwertiges M\u00f6belst\u00fcck, das als Pflanzgef\u00e4\u00df zur Einrichtung Ihres Gartens oder Ihrer Terrasse oder als Beh\u00e4lter f\u00fcr Dekorationen anl\u00e4sslich Ihrer Hochzeits- und Veranstaltungsarrangements verwendet werden kann.<\/p>\n<p>&nbsp;<\/p>\n<p>Wir garantieren Expresszustellung per DHL-Kurier (2-3 Werktage).<\/p>\n<p>Wenn Sie ein Profi sind oder dieses Produkt in gr\u00f6\u00dferen Mengen als dem auf der Website angezeigten Bestand ben\u00f6tigen, <a href=\"https:\/\/dreamonwedding.it\/exclusive-italy-wedding-planner\/\">kontaktieren Sie uns<\/ a> um ein individuelles Angebot zu erhalten.<\/p>\n<p>Folgen Sie uns auf <a href=\"https:\/\/www.instagram.com\/dreamon_emporio\/\" target=\"_blank\" rel=\"noopener\">Instagram<\/a>, um sich inspirieren zu lassen, oder besuchen Sie uns auf unserer <a href=\"https:\/\/g.page\/ dream-on-emporio?we\" target=\"_blank\" rel=\"noopener\">Showroom!<\/a><\/p>\n","protected":false},"excerpt":{"rendered":"<p>Elegante Tasse aus gl\u00e4nzend schwarzem Metall, ideal f\u00fcr Arrangements, Tafelaufs\u00e4tze, Empf\u00e4nge oder f\u00fcr die Inneneinrichtung.<\/p>\n<p>Ein hochwertiges M\u00f6belst\u00fcck, das als Pflanzgef\u00e4\u00df zur Einrichtung Ihres Gartens oder Ihrer Terrasse oder als Beh\u00e4lter f\u00fcr Dekorationen anl\u00e4sslich Ihrer Hochzeits- und Veranstaltungsarrangements verwendet werden kann.<\/p>\n","protected":false},"featured_media":21136,"comment_status":"open","ping_status":"closed","template":"","meta":[],"product_brand":[],"product_cat":[648,644],"product_tag":[858,980,959,888],"class_list":{"0":"post-22236","1":"product","2":"type-product","3":"status-publish","4":"has-post-thumbnail","6":"product_cat-dekorationen","7":"product_cat-tasse-de","8":"product_tag-metall","9":"product_tag-metallbecher","10":"product_tag-schwarz","11":"product_tag-tasse","13":"first","14":"instock","15":"taxable","16":"shipping-taxable","17":"purchasable","18":"product-type-simple"},"_links":{"self":[{"href":"https:\/\/dreamonwedding.it\/de\/wp-json\/wp\/v2\/product\/22236","targetHints":{"allow":["GET"]}}],"collection":[{"href":"https:\/\/dreamonwedding.it\/de\/wp-json\/wp\/v2\/product"}],"about":[{"href":"https:\/\/dreamonwedding.it\/de\/wp-json\/wp\/v2\/types\/product"}],"replies":[{"embeddable":true,"href":"https:\/\/dreamonwedding.it\/de\/wp-json\/wp\/v2\/comments?post=22236"}],"wp:featuredmedia":[{"embeddable":true,"href":"https:\/\/dreamonwedding.it\/de\/wp-json\/wp\/v2\/media\/21136"}],"wp:attachment":[{"href":"https:\/\/dreamonwedding.it\/de\/wp-json\/wp\/v2\/media?parent=22236"}],"wp:term":[{"taxonomy":"product_brand","embeddable":true,"href":"https:\/\/dreamonwedding.it\/de\/wp-json\/wp\/v2\/product_brand?post=22236"},{"taxonomy":"product_cat","embeddable":true,"href":"https:\/\/dreamonwedding.it\/de\/wp-json\/wp\/v2\/product_cat?post=22236"},{"taxonomy":"product_tag","embeddable":true,"href":"https:\/\/dreamonwedding.it\/de\/wp-json\/wp\/v2\/product_tag?post=22236"}],"curies":[{"name":"wp","href":"https:\/\/api.w.org\/{rel}","templated":true}]}}