{"id":22241,"date":"2023-03-01T17:26:21","date_gmt":"2023-03-01T16:26:21","guid":{"rendered":"https:\/\/dreamonwedding.it\/product\/gemeiselter-glasbecher\/"},"modified":"2023-03-01T17:26:21","modified_gmt":"2023-03-01T16:26:21","slug":"gemeiselter-glasbecher","status":"publish","type":"product","link":"https:\/\/dreamonwedding.it\/de\/produkt\/gemeiselter-glasbecher\/","title":{"rendered":"Gemei\u00dfelter Glasbecher"},"content":{"rendered":"<h5>Kelch aus gemei\u00dfeltem Glas.<\/h5>\n<p>Fein gemei\u00dfelter Glasbecher, verwendbar als Tafelaufsatz und Dekoration f\u00fcr Hochzeiten und Veranstaltungen im Allgemeinen.<\/p>\n<p>Ideal f\u00fcr Zuckermandeln oder als Beh\u00e4lter f\u00fcr Kleinteile und Gastgeschenke.<\/p>\n<p>&nbsp;<\/p>\n<p>Wir garantieren Expresszustellung per DHL-Kurier (2-3 Werktage).<\/p>\n<p>Wenn Sie ein Profi sind oder dieses Produkt in gr\u00f6\u00dferen Mengen als dem auf der Website angezeigten Bestand ben\u00f6tigen, <a href=\"https:\/\/dreamonwedding.it\/exclusive-italy-wedding-planner\/\">kontaktieren Sie uns<\/ a> um ein individuelles Angebot zu erhalten.<\/p>\n<p>Folgen Sie uns auf <a href=\"https:\/\/www.instagram.com\/dreamon_emporio\/\" target=\"_blank\" rel=\"noopener\">Instagram<\/a>, um sich inspirieren zu lassen, oder besuchen Sie uns auf unserer <a href=\"https:\/\/g.page\/ dream-on-emporio?we\" target=\"_blank\" rel=\"noopener\">Showroom!<\/a><\/p>\n","protected":false},"excerpt":{"rendered":"<p>Kelch aus gemei\u00dfeltem Glas, verwendbar als Tafelaufsatz und Dekoration f\u00fcr Hochzeiten und Veranstaltungen im Allgemeinen.<\/p>\n<p>Ideal f\u00fcr Zuckermandeln oder als Beh\u00e4lter f\u00fcr Kleinteile und Gastgeschenke.<\/p>\n","protected":false},"featured_media":21145,"comment_status":"open","ping_status":"closed","template":"","meta":[],"product_brand":[],"product_cat":[643,644,666],"product_tag":[971,972,843,888],"class_list":{"0":"post-22241","1":"product","2":"type-product","3":"status-publish","4":"has-post-thumbnail","6":"product_cat-behalter","7":"product_cat-tasse-de","8":"product_cat-vasen","9":"product_tag-gemeiselt","10":"product_tag-gezuckerte-mandeln","11":"product_tag-glas","12":"product_tag-tasse","14":"first","15":"instock","16":"taxable","17":"shipping-taxable","18":"purchasable","19":"product-type-simple"},"_links":{"self":[{"href":"https:\/\/dreamonwedding.it\/de\/wp-json\/wp\/v2\/product\/22241","targetHints":{"allow":["GET"]}}],"collection":[{"href":"https:\/\/dreamonwedding.it\/de\/wp-json\/wp\/v2\/product"}],"about":[{"href":"https:\/\/dreamonwedding.it\/de\/wp-json\/wp\/v2\/types\/product"}],"replies":[{"embeddable":true,"href":"https:\/\/dreamonwedding.it\/de\/wp-json\/wp\/v2\/comments?post=22241"}],"wp:featuredmedia":[{"embeddable":true,"href":"https:\/\/dreamonwedding.it\/de\/wp-json\/wp\/v2\/media\/21145"}],"wp:attachment":[{"href":"https:\/\/dreamonwedding.it\/de\/wp-json\/wp\/v2\/media?parent=22241"}],"wp:term":[{"taxonomy":"product_brand","embeddable":true,"href":"https:\/\/dreamonwedding.it\/de\/wp-json\/wp\/v2\/product_brand?post=22241"},{"taxonomy":"product_cat","embeddable":true,"href":"https:\/\/dreamonwedding.it\/de\/wp-json\/wp\/v2\/product_cat?post=22241"},{"taxonomy":"product_tag","embeddable":true,"href":"https:\/\/dreamonwedding.it\/de\/wp-json\/wp\/v2\/product_tag?post=22241"}],"curies":[{"name":"wp","href":"https:\/\/api.w.org\/{rel}","templated":true}]}}