{"id":22242,"date":"2023-03-01T17:38:23","date_gmt":"2023-03-01T16:38:23","guid":{"rendered":"https:\/\/dreamonwedding.it\/product\/gemeiselter-zuckermandelbecher-aus-glas-silberbasis\/"},"modified":"2023-03-01T17:38:23","modified_gmt":"2023-03-01T16:38:23","slug":"gemeiselter-zuckermandelbecher-aus-glas-silberbasis","status":"publish","type":"product","link":"https:\/\/dreamonwedding.it\/de\/produkt\/gemeiselter-zuckermandelbecher-aus-glas-silberbasis\/","title":{"rendered":"Gemei\u00dfelter Zuckermandelbecher aus Glas \u2013 Silberbasis"},"content":{"rendered":"<h5>Kelch aus gemei\u00dfeltem Glas mit silbernem Sockel.<\/h5>\n<p>Fein gemei\u00dfelter Glasbecher mit silbernem Boden, verwendbar als Tafelaufsatz und Dekoration f\u00fcr Hochzeiten und Veranstaltungen im Allgemeinen.<\/p>\n<p>Ideal f\u00fcr Zuckermandeln oder als Beh\u00e4lter f\u00fcr Kleinteile und Gastgeschenke.<\/p>\n<p>&nbsp;<\/p>\n<p>Wir garantieren Expresszustellung per DHL-Kurier (2-3 Werktage).<\/p>\n<p>Wenn Sie ein Profi sind oder dieses Produkt in gr\u00f6\u00dferen Mengen als dem auf der Website angezeigten Bestand ben\u00f6tigen, <a href=\"https:\/\/dreamonwedding.it\/exclusive-italy-wedding-planner\/\">kontaktieren Sie uns<\/ a> um ein individuelles Angebot oder Details zu unseren professionellen Produkten f\u00fcr Hochzeitsplaner und Innenarchitekten zu erhalten.<\/p>\n<p>Folgen Sie uns auf <a href=\"https:\/\/www.instagram.com\/dreamon_emporio\/\" target=\"_blank\" rel=\"noopener\">Instagram<\/a>, um sich inspirieren zu lassen, oder besuchen Sie uns auf unserer <a href=\"https:\/\/g.page\/ dream-on-emporio?we\" target=\"_blank\" rel=\"noopener\">Showroom!<\/a><\/p>\n","protected":false},"excerpt":{"rendered":"<p>Kelch aus gemei\u00dfeltem Glas mit silbernem Sockel, verwendbar als Tafelaufsatz und Dekoration f\u00fcr Hochzeiten und Veranstaltungen im Allgemeinen.<\/p>\n<p>Ideal f\u00fcr Zuckermandeln oder als Beh\u00e4lter f\u00fcr Kleinteile und Gastgeschenke.<\/p>\n","protected":false},"featured_media":21148,"comment_status":"open","ping_status":"closed","template":"","meta":[],"product_brand":[],"product_cat":[648,644],"product_tag":[971,972,843,888],"class_list":{"0":"post-22242","1":"product","2":"type-product","3":"status-publish","4":"has-post-thumbnail","6":"product_cat-dekorationen","7":"product_cat-tasse-de","8":"product_tag-gemeiselt","9":"product_tag-gezuckerte-mandeln","10":"product_tag-glas","11":"product_tag-tasse","13":"first","14":"instock","15":"taxable","16":"shipping-taxable","17":"purchasable","18":"product-type-simple"},"_links":{"self":[{"href":"https:\/\/dreamonwedding.it\/de\/wp-json\/wp\/v2\/product\/22242","targetHints":{"allow":["GET"]}}],"collection":[{"href":"https:\/\/dreamonwedding.it\/de\/wp-json\/wp\/v2\/product"}],"about":[{"href":"https:\/\/dreamonwedding.it\/de\/wp-json\/wp\/v2\/types\/product"}],"replies":[{"embeddable":true,"href":"https:\/\/dreamonwedding.it\/de\/wp-json\/wp\/v2\/comments?post=22242"}],"wp:featuredmedia":[{"embeddable":true,"href":"https:\/\/dreamonwedding.it\/de\/wp-json\/wp\/v2\/media\/21148"}],"wp:attachment":[{"href":"https:\/\/dreamonwedding.it\/de\/wp-json\/wp\/v2\/media?parent=22242"}],"wp:term":[{"taxonomy":"product_brand","embeddable":true,"href":"https:\/\/dreamonwedding.it\/de\/wp-json\/wp\/v2\/product_brand?post=22242"},{"taxonomy":"product_cat","embeddable":true,"href":"https:\/\/dreamonwedding.it\/de\/wp-json\/wp\/v2\/product_cat?post=22242"},{"taxonomy":"product_tag","embeddable":true,"href":"https:\/\/dreamonwedding.it\/de\/wp-json\/wp\/v2\/product_tag?post=22242"}],"curies":[{"name":"wp","href":"https:\/\/api.w.org\/{rel}","templated":true}]}}