{"id":22243,"date":"2023-03-08T08:57:47","date_gmt":"2023-03-08T07:57:47","guid":{"rendered":"https:\/\/dreamonwedding.it\/product\/gemeiselter-glaszylinder-sterndekoration\/"},"modified":"2023-03-08T08:57:47","modified_gmt":"2023-03-08T07:57:47","slug":"gemeiselter-glaszylinder-sterndekoration","status":"publish","type":"product","link":"https:\/\/dreamonwedding.it\/de\/produkt\/gemeiselter-glaszylinder-sterndekoration\/","title":{"rendered":"Gemei\u00dfelter Glaszylinder \u2013 Sterndekoration"},"content":{"rendered":"<h5>Geschliffener Glaszylinder mit Sterndekor.<\/h5>\n<p>Zylinder aus gemei\u00dfeltem Glas mit Sterndekor, verwendbar als Tafelaufsatz und Dekoration f\u00fcr Hochzeiten und Veranstaltungen im Allgemeinen.<\/p>\n<p>Ideal f\u00fcr Zuckermandeln oder als Beh\u00e4lter f\u00fcr Kleinteile und Gastgeschenke.<\/p>\n<p>&nbsp;<\/p>\n<p>Wir garantieren Expresszustellung per DHL-Kurier (2-3 Werktage).<\/p>\n<p>Wenn Sie ein Profi sind oder dieses Produkt in gr\u00f6\u00dferen Mengen als dem auf der Website angezeigten Bestand ben\u00f6tigen, <a href=\"https:\/\/dreamonwedding.it\/exclusive-italy-wedding-planner\/\">kontaktieren Sie uns<\/ a> um ein individuelles Angebot oder Details zu unseren professionellen Produkten f\u00fcr Hochzeitsplaner und Innenarchitekten zu erhalten.<\/p>\n<p>Folgen Sie uns auf <a href=\"https:\/\/www.instagram.com\/dreamon_emporio\/\" target=\"_blank\" rel=\"noopener\">Instagram<\/a>, um sich inspirieren zu lassen, oder besuchen Sie uns auf unserer <a href=\"https:\/\/g.page\/ dream-on-emporio?we\" target=\"_blank\" rel=\"noopener\">Showroom!<\/a><\/p>\n","protected":false},"excerpt":{"rendered":"<p>Zylinder aus gemei\u00dfeltem Glas mit Sterndekor, verwendbar als Tafelaufsatz und Dekoration f\u00fcr Hochzeiten und Veranstaltungen im Allgemeinen.<\/p>\n<p>Ideal f\u00fcr Zuckermandeln oder als Beh\u00e4lter f\u00fcr Kleinteile und Gastgeschenke.<\/p>\n","protected":false},"featured_media":21151,"comment_status":"open","ping_status":"closed","template":"","meta":[],"product_brand":[],"product_cat":[643],"product_tag":[971,972,843,888,983],"class_list":{"0":"post-22243","1":"product","2":"type-product","3":"status-publish","4":"has-post-thumbnail","6":"product_cat-behalter","7":"product_tag-gemeiselt","8":"product_tag-gezuckerte-mandeln","9":"product_tag-glas","10":"product_tag-tasse","11":"product_tag-zylinder","13":"first","14":"instock","15":"taxable","16":"shipping-taxable","17":"purchasable","18":"product-type-simple"},"_links":{"self":[{"href":"https:\/\/dreamonwedding.it\/de\/wp-json\/wp\/v2\/product\/22243","targetHints":{"allow":["GET"]}}],"collection":[{"href":"https:\/\/dreamonwedding.it\/de\/wp-json\/wp\/v2\/product"}],"about":[{"href":"https:\/\/dreamonwedding.it\/de\/wp-json\/wp\/v2\/types\/product"}],"replies":[{"embeddable":true,"href":"https:\/\/dreamonwedding.it\/de\/wp-json\/wp\/v2\/comments?post=22243"}],"wp:featuredmedia":[{"embeddable":true,"href":"https:\/\/dreamonwedding.it\/de\/wp-json\/wp\/v2\/media\/21151"}],"wp:attachment":[{"href":"https:\/\/dreamonwedding.it\/de\/wp-json\/wp\/v2\/media?parent=22243"}],"wp:term":[{"taxonomy":"product_brand","embeddable":true,"href":"https:\/\/dreamonwedding.it\/de\/wp-json\/wp\/v2\/product_brand?post=22243"},{"taxonomy":"product_cat","embeddable":true,"href":"https:\/\/dreamonwedding.it\/de\/wp-json\/wp\/v2\/product_cat?post=22243"},{"taxonomy":"product_tag","embeddable":true,"href":"https:\/\/dreamonwedding.it\/de\/wp-json\/wp\/v2\/product_tag?post=22243"}],"curies":[{"name":"wp","href":"https:\/\/api.w.org\/{rel}","templated":true}]}}