{"id":22244,"date":"2023-03-08T09:33:38","date_gmt":"2023-03-08T08:33:38","guid":{"rendered":"https:\/\/dreamonwedding.it\/product\/butterblumen-kerzenhalter-aus-metallblech-antik-gold-effekt\/"},"modified":"2025-06-06T10:17:10","modified_gmt":"2025-06-06T08:17:10","slug":"butterblumen-kerzenhalter-aus-metallblech-antik-gold-effekt","status":"publish","type":"product","link":"https:\/\/dreamonwedding.it\/de\/produkt\/butterblumen-kerzenhalter-aus-metallblech-antik-gold-effekt\/","title":{"rendered":"Butterblumen-Kerzenhalter aus Metallblech \u2013 Antik-Gold-Effekt"},"content":{"rendered":"<h5>Ranuncolo-Blumenkerzenhalter aus Blech mit Antikgold-Effekt.<\/h5>\n<p>Edler Kerzenhalter mit einem Brenner, mit Stiel mit Blumendekor und Goldfinish mit Antikeffekt.<\/p>\n<p>Perfekt als Dekoration f\u00fcr raffinierte Partytische, Veranstaltungen im Allgemeinen oder als Einrichtungsaccessoire f\u00fcr Innenr\u00e4ume.<\/p>\n<p>&nbsp;<\/p>\n<p>Wir garantieren Expresszustellung per DHL-Kurier (2-3 Werktage).<\/p>\n<p>Wenn Sie ein Profi sind oder dieses Produkt in gr\u00f6\u00dferen Mengen als dem auf der Website angezeigten Bestand ben\u00f6tigen, <a href=\"https:\/\/dreamonwedding.it\/exclusive-italy-wedding-planner\/\">kontaktieren Sie uns<\/ a> um ein individuelles Angebot zu erhalten.<\/p>\n<p>Folgen Sie uns auf <a href=\"https:\/\/www.instagram.com\/dreamon_emporio\/\" target=\"_blank\" rel=\"noopener\">Instagram<\/a>, um sich inspirieren zu lassen, oder besuchen Sie uns auf unserer <a href=\"https:\/\/g.page\/ dream-on-emporio?we\" target=\"_blank\" rel=\"noopener\">Showroom!<\/a><\/p>\n","protected":false},"excerpt":{"rendered":"<p>Edler einzelner Feuerkerzenhalter, mit Stiel mit Blumendekor und Goldfinish mit Antikeffekt.<\/p>\n<p>Perfekt als Dekoration f\u00fcr edle Festtafeln und als Einrichtungsaccessoire f\u00fcr Innenr\u00e4ume.<\/p>\n","protected":false},"featured_media":21154,"comment_status":"open","ping_status":"closed","template":"","meta":[],"product_brand":[],"product_cat":[649,641,664,642],"product_tag":[955,984,973,875,864],"class_list":{"0":"post-22244","1":"product","2":"type-product","3":"status-publish","4":"has-post-thumbnail","6":"product_cat-blumen","7":"product_cat-kerzen","8":"product_cat-kerzenhalter","9":"product_cat-kronleuchter","10":"product_tag-blumen-de","11":"product_tag-butterblume","12":"product_tag-gold-de","13":"product_tag-laterne-de","14":"product_tag-leuchter","16":"first","17":"instock","18":"taxable","19":"shipping-taxable","20":"purchasable","21":"product-type-simple"},"_links":{"self":[{"href":"https:\/\/dreamonwedding.it\/de\/wp-json\/wp\/v2\/product\/22244","targetHints":{"allow":["GET"]}}],"collection":[{"href":"https:\/\/dreamonwedding.it\/de\/wp-json\/wp\/v2\/product"}],"about":[{"href":"https:\/\/dreamonwedding.it\/de\/wp-json\/wp\/v2\/types\/product"}],"replies":[{"embeddable":true,"href":"https:\/\/dreamonwedding.it\/de\/wp-json\/wp\/v2\/comments?post=22244"}],"wp:featuredmedia":[{"embeddable":true,"href":"https:\/\/dreamonwedding.it\/de\/wp-json\/wp\/v2\/media\/21154"}],"wp:attachment":[{"href":"https:\/\/dreamonwedding.it\/de\/wp-json\/wp\/v2\/media?parent=22244"}],"wp:term":[{"taxonomy":"product_brand","embeddable":true,"href":"https:\/\/dreamonwedding.it\/de\/wp-json\/wp\/v2\/product_brand?post=22244"},{"taxonomy":"product_cat","embeddable":true,"href":"https:\/\/dreamonwedding.it\/de\/wp-json\/wp\/v2\/product_cat?post=22244"},{"taxonomy":"product_tag","embeddable":true,"href":"https:\/\/dreamonwedding.it\/de\/wp-json\/wp\/v2\/product_tag?post=22244"}],"curies":[{"name":"wp","href":"https:\/\/api.w.org\/{rel}","templated":true}]}}