{"id":22246,"date":"2023-03-08T10:50:02","date_gmt":"2023-03-08T09:50:02","guid":{"rendered":"https:\/\/dreamonwedding.it\/product\/gemeiselter-kristallbecher-dekoration-im-diamantschliff\/"},"modified":"2023-03-08T10:50:02","modified_gmt":"2023-03-08T09:50:02","slug":"gemeiselter-kristallbecher-dekoration-im-diamantschliff","status":"publish","type":"product","link":"https:\/\/dreamonwedding.it\/de\/produkt\/gemeiselter-kristallbecher-dekoration-im-diamantschliff\/","title":{"rendered":"Gemei\u00dfelter Kristallbecher \u2013 Dekoration im Diamantschliff"},"content":{"rendered":"<h5>Becher aus gemei\u00dfeltem Kristall mit Diamantschliff-Dekoration.<\/h5>\n<p>Fein gemei\u00dfelter Kristallbecher, Dekoration im Diamantschliff, verwendbar als Tafelaufsatz, Dekoration f\u00fcr Hochzeiten und Veranstaltungen im Allgemeinen oder als Einrichtungsaccessoire f\u00fcr Innenr\u00e4ume.<\/p>\n<p>Ideal f\u00fcr Zuckermandeln oder als Beh\u00e4lter f\u00fcr Kleinteile und Gastgeschenke.<\/p>\n<p>&nbsp;<\/p>\n<p>&nbsp;<\/p>\n<p>Wir garantieren Expresszustellung per DHL-Kurier (2-3 Werktage).<\/p>\n<p>Wenn Sie ein Profi sind oder dieses Produkt in gr\u00f6\u00dferen Mengen als dem auf der Website angezeigten Bestand ben\u00f6tigen, <a href=\"https:\/\/dreamonwedding.it\/exclusive-italy-wedding-planner\/\">kontaktieren Sie uns<\/ a> um ein individuelles Angebot zu erhalten.<\/p>\n<p>Folgen Sie uns auf <a href=\"https:\/\/www.instagram.com\/dreamon_emporio\/\" target=\"_blank\" rel=\"noopener\">Instagram<\/a>, um sich inspirieren zu lassen, oder besuchen Sie uns auf unserer <a href=\"https:\/\/g.page\/ dream-on-emporio?we\" target=\"_blank\" rel=\"noopener\">Showroom!<\/a><\/p>\n","protected":false},"excerpt":{"rendered":"<p>Becher aus gemei\u00dfeltem Kristall, Dekoration im Diamantschliff, verwendbar als Tafelaufsatz, Dekoration f\u00fcr Hochzeiten und Veranstaltungen im Allgemeinen oder als Einrichtungsaccessoire f\u00fcr Innenr\u00e4ume.<\/p>\n<p>Ideal f\u00fcr Zuckermandeln oder als Beh\u00e4lter f\u00fcr Kleinteile und Gastgeschenke.<\/p>\n<p>&nbsp;<\/p>\n","protected":false},"featured_media":21160,"comment_status":"open","ping_status":"closed","template":"","meta":[],"product_brand":[],"product_cat":[643,644,666],"product_tag":[971,972,969,888,970,673],"class_list":{"0":"post-22246","1":"product","2":"type-product","3":"status-publish","4":"has-post-thumbnail","6":"product_cat-behalter","7":"product_cat-tasse-de","8":"product_cat-vasen","9":"product_tag-gemeiselt","10":"product_tag-gezuckerte-mandeln","11":"product_tag-kristall","12":"product_tag-tasse","13":"product_tag-urne-de","14":"product_tag-vase-de","16":"first","17":"instock","18":"taxable","19":"shipping-taxable","20":"purchasable","21":"product-type-simple"},"_links":{"self":[{"href":"https:\/\/dreamonwedding.it\/de\/wp-json\/wp\/v2\/product\/22246","targetHints":{"allow":["GET"]}}],"collection":[{"href":"https:\/\/dreamonwedding.it\/de\/wp-json\/wp\/v2\/product"}],"about":[{"href":"https:\/\/dreamonwedding.it\/de\/wp-json\/wp\/v2\/types\/product"}],"replies":[{"embeddable":true,"href":"https:\/\/dreamonwedding.it\/de\/wp-json\/wp\/v2\/comments?post=22246"}],"wp:featuredmedia":[{"embeddable":true,"href":"https:\/\/dreamonwedding.it\/de\/wp-json\/wp\/v2\/media\/21160"}],"wp:attachment":[{"href":"https:\/\/dreamonwedding.it\/de\/wp-json\/wp\/v2\/media?parent=22246"}],"wp:term":[{"taxonomy":"product_brand","embeddable":true,"href":"https:\/\/dreamonwedding.it\/de\/wp-json\/wp\/v2\/product_brand?post=22246"},{"taxonomy":"product_cat","embeddable":true,"href":"https:\/\/dreamonwedding.it\/de\/wp-json\/wp\/v2\/product_cat?post=22246"},{"taxonomy":"product_tag","embeddable":true,"href":"https:\/\/dreamonwedding.it\/de\/wp-json\/wp\/v2\/product_tag?post=22246"}],"curies":[{"name":"wp","href":"https:\/\/api.w.org\/{rel}","templated":true}]}}