{"id":22247,"date":"2023-03-08T11:21:58","date_gmt":"2023-03-08T10:21:58","guid":{"rendered":"https:\/\/dreamonwedding.it\/product\/tafelaufsatz-aus-keramik-antik-anthrazit\/"},"modified":"2023-03-08T11:21:58","modified_gmt":"2023-03-08T10:21:58","slug":"tafelaufsatz-aus-keramik-antik-anthrazit","status":"publish","type":"product","link":"https:\/\/dreamonwedding.it\/de\/produkt\/tafelaufsatz-aus-keramik-antik-anthrazit\/","title":{"rendered":"Tafelaufsatz aus Keramik \u2013 Antik-Anthrazit"},"content":{"rendered":"<h5>Antikes anthrazitfarbenes Keramik-Tafelaufsatz.<\/h5>\n<p>Wundersch\u00f6nes Tafelaufsatz, perfekt f\u00fcr viele Arten von M\u00f6beln, au\u00dferdem ist die mittlere Gr\u00f6\u00dfe ideal f\u00fcr die Schaffung pr\u00e4chtiger Tafelaufs\u00e4tze f\u00fcr Ihre Veranstaltungen.<\/p>\n<p>Ideal als Dekoration f\u00fcr Hochzeiten oder als M\u00f6belst\u00fcck im Allgemeinen.<\/p>\n<p>&nbsp;<\/p>\n<p>Wir garantieren Expresszustellung per DHL-Kurier (2-3 Werktage).<\/p>\n<p>Wenn Sie ein Profi sind oder dieses Produkt in gr\u00f6\u00dferen Mengen als dem auf der Website angezeigten Bestand ben\u00f6tigen, <a href=\"https:\/\/dreamonwedding.it\/exclusive-italy-wedding-planner\/\">kontaktieren Sie uns<\/ a> um ein individuelles Angebot zu erhalten.<\/p>\n<p>Folgen Sie uns auf <a href=\"https:\/\/www.instagram.com\/dreamon_emporio\/\" target=\"_blank\" rel=\"noopener\">Instagram<\/a>, um sich inspirieren zu lassen, oder besuchen Sie uns auf unserer <a href=\"https:\/\/g.page\/ dream-on-emporio?we\" target=\"_blank\" rel=\"noopener\">Showroom!<\/a><\/p>\n","protected":false},"excerpt":{"rendered":"<p>Tafelaufsatz aus anthrazitfarbener Keramik mit Antikeffekt.<\/p>\n<p>Wundersch\u00f6nes Tafelaufsatz, perfekt f\u00fcr viele Arten von M\u00f6beln, au\u00dferdem ist die mittlere Gr\u00f6\u00dfe ideal f\u00fcr die Schaffung pr\u00e4chtiger Tafelaufs\u00e4tze f\u00fcr Ihre Veranstaltungen.<\/p>\n<p>Ideal als Dekoration f\u00fcr Hochzeiten und als M\u00f6belst\u00fcck.<\/p>\n<p>&nbsp;<\/p>\n","protected":false},"featured_media":21166,"comment_status":"open","ping_status":"closed","template":"","meta":[],"product_brand":[],"product_cat":[643,648,667],"product_tag":[833,832,675,885],"class_list":{"0":"post-22247","1":"product","2":"type-product","3":"status-publish","4":"has-post-thumbnail","6":"product_cat-behalter","7":"product_cat-dekorationen","8":"product_cat-tabletts","9":"product_tag-alt","10":"product_tag-anthrazit","11":"product_tag-keramik","12":"product_tag-kernstuck","14":"first","15":"instock","16":"taxable","17":"shipping-taxable","18":"purchasable","19":"product-type-simple"},"_links":{"self":[{"href":"https:\/\/dreamonwedding.it\/de\/wp-json\/wp\/v2\/product\/22247","targetHints":{"allow":["GET"]}}],"collection":[{"href":"https:\/\/dreamonwedding.it\/de\/wp-json\/wp\/v2\/product"}],"about":[{"href":"https:\/\/dreamonwedding.it\/de\/wp-json\/wp\/v2\/types\/product"}],"replies":[{"embeddable":true,"href":"https:\/\/dreamonwedding.it\/de\/wp-json\/wp\/v2\/comments?post=22247"}],"wp:featuredmedia":[{"embeddable":true,"href":"https:\/\/dreamonwedding.it\/de\/wp-json\/wp\/v2\/media\/21166"}],"wp:attachment":[{"href":"https:\/\/dreamonwedding.it\/de\/wp-json\/wp\/v2\/media?parent=22247"}],"wp:term":[{"taxonomy":"product_brand","embeddable":true,"href":"https:\/\/dreamonwedding.it\/de\/wp-json\/wp\/v2\/product_brand?post=22247"},{"taxonomy":"product_cat","embeddable":true,"href":"https:\/\/dreamonwedding.it\/de\/wp-json\/wp\/v2\/product_cat?post=22247"},{"taxonomy":"product_tag","embeddable":true,"href":"https:\/\/dreamonwedding.it\/de\/wp-json\/wp\/v2\/product_tag?post=22247"}],"curies":[{"name":"wp","href":"https:\/\/api.w.org\/{rel}","templated":true}]}}