{"id":22248,"date":"2023-03-15T09:22:27","date_gmt":"2023-03-15T08:22:27","guid":{"rendered":"https:\/\/dreamonwedding.it\/product\/schmuckstander-aus-metall-mattschwarz-h-84-cm\/"},"modified":"2023-03-15T09:22:27","modified_gmt":"2023-03-15T08:22:27","slug":"schmuckstander-aus-metall-mattschwarz-h-84-cm","status":"publish","type":"product","link":"https:\/\/dreamonwedding.it\/de\/produkt\/schmuckstander-aus-metall-mattschwarz-h-84-cm\/","title":{"rendered":"Schmuckst\u00e4nder aus Metall \u2013 Mattschwarz \u2013 H 84 cm"},"content":{"rendered":"<h5>Schmuckpr\u00e4sentationsbaum aus Metall, mattschwarze Farbe.<\/h5>\n<p>Elegantes mattschwarzes Display, ideal f\u00fcr Halsketten und Armb\u00e4nder.<\/p>\n<p>Diese pr\u00e4chtige Schmuckschatulle eignet sich perfekt zur Aufbewahrung von Schmuck in L\u00e4ngsrichtung und eignet sich hervorragend f\u00fcr Fotosets bei Veranstaltungen, Hochzeiten, aber auch als Inneneinrichtungsaccessoire.<\/p>\n<p>Der St\u00e4nder besteht aus einer 20 x 20 cm gro\u00dfen Metallbasis, einer zentralen 84 cm langen Stange und horizontalen Stangen in verschiedenen Gr\u00f6\u00dfen bis zu einem Durchmesser von 53 cm.<\/p>\n<p>&nbsp;<\/p>\n<p>Wir garantieren Expresszustellung per DHL-Kurier (2-3 Werktage).<\/p>\n<p>Wenn Sie ein Profi sind oder dieses Produkt in gr\u00f6\u00dferen Mengen als dem auf der Website angezeigten Bestand ben\u00f6tigen, <a href=\"https:\/\/dreamonwedding.it\/exclusive-italy-wedding-planner\/\">kontaktieren Sie uns<\/ a> um ein individuelles Angebot zu erhalten.<\/p>\n<p>Folgen Sie uns auf <a href=\"https:\/\/www.instagram.com\/dreamon_emporio\/\" target=\"_blank\" rel=\"noopener\">Instagram<\/a>, um sich inspirieren zu lassen, oder besuchen Sie uns auf unserer <a href=\"https:\/\/g.page\/ dream-on-emporio?we\" target=\"_blank\" rel=\"noopener\">Showroom!<\/a><\/p>\n","protected":false},"excerpt":{"rendered":"<p>Eleganter, mattschwarzer Pr\u00e4sentationsbaum, ideal f\u00fcr Halsketten und Armb\u00e4nder.<\/p>\n<p>Diese pr\u00e4chtige Schmuckschatulle aus Metall eignet sich perfekt zur Aufbewahrung von Schmuck in L\u00e4ngsrichtung und eignet sich hervorragend f\u00fcr Fotosets bei Veranstaltungen, Hochzeiten, aber auch als Inneneinrichtungsaccessoire.<\/p>\n","protected":false},"featured_media":21169,"comment_status":"open","ping_status":"closed","template":"","meta":[],"product_brand":[],"product_cat":[648,660],"product_tag":[985,941,986,858,932],"class_list":{"0":"post-22248","1":"product","2":"type-product","3":"status-publish","4":"has-post-thumbnail","6":"product_cat-dekorationen","7":"product_cat-juwelen","8":"product_tag-baum","9":"product_tag-juwelen","10":"product_tag-matt-schwarz","11":"product_tag-metall","12":"product_tag-schmuckschatulle","14":"first","15":"instock","16":"taxable","17":"shipping-taxable","18":"purchasable","19":"product-type-simple"},"_links":{"self":[{"href":"https:\/\/dreamonwedding.it\/de\/wp-json\/wp\/v2\/product\/22248","targetHints":{"allow":["GET"]}}],"collection":[{"href":"https:\/\/dreamonwedding.it\/de\/wp-json\/wp\/v2\/product"}],"about":[{"href":"https:\/\/dreamonwedding.it\/de\/wp-json\/wp\/v2\/types\/product"}],"replies":[{"embeddable":true,"href":"https:\/\/dreamonwedding.it\/de\/wp-json\/wp\/v2\/comments?post=22248"}],"wp:featuredmedia":[{"embeddable":true,"href":"https:\/\/dreamonwedding.it\/de\/wp-json\/wp\/v2\/media\/21169"}],"wp:attachment":[{"href":"https:\/\/dreamonwedding.it\/de\/wp-json\/wp\/v2\/media?parent=22248"}],"wp:term":[{"taxonomy":"product_brand","embeddable":true,"href":"https:\/\/dreamonwedding.it\/de\/wp-json\/wp\/v2\/product_brand?post=22248"},{"taxonomy":"product_cat","embeddable":true,"href":"https:\/\/dreamonwedding.it\/de\/wp-json\/wp\/v2\/product_cat?post=22248"},{"taxonomy":"product_tag","embeddable":true,"href":"https:\/\/dreamonwedding.it\/de\/wp-json\/wp\/v2\/product_tag?post=22248"}],"curies":[{"name":"wp","href":"https:\/\/api.w.org\/{rel}","templated":true}]}}