{"id":22250,"date":"2023-03-15T11:08:53","date_gmt":"2023-03-15T10:08:53","guid":{"rendered":"https:\/\/dreamonwedding.it\/product\/keramikvase-weiser-antikeffekt-2-grosen\/"},"modified":"2023-03-15T11:08:53","modified_gmt":"2023-03-15T10:08:53","slug":"keramikvase-weiser-antikeffekt-2-grosen","status":"publish","type":"product","link":"https:\/\/dreamonwedding.it\/de\/produkt\/keramikvase-weiser-antikeffekt-2-grosen\/","title":{"rendered":"Keramikvase &#8211; Wei\u00dfer Antikeffekt &#8211; 2 Gr\u00f6\u00dfen"},"content":{"rendered":"<h5>Wei\u00dfe Keramikvase mit Antikeffekt.<\/h5>\n<p>Edle wei\u00dfe Keramikvase, ideal f\u00fcr Arrangements, Tafelaufs\u00e4tze, Empf\u00e4nge oder f\u00fcr die Inneneinrichtung.<\/p>\n<p>M\u00f6bel, das als Pflanzgef\u00e4\u00df zur Ausstattung Ihres Gartens oder Ihrer Terrasse oder als Beh\u00e4lter zur Dekoration f\u00fcr Veranstaltungen, Arrangements oder Hochzeiten verwendet werden kann.<\/p>\n<p>&nbsp;<\/p>\n<p>Wir garantieren Expresszustellung per DHL-Kurier (2-3 Werktage).<\/p>\n<p>Wenn Sie ein Profi sind oder dieses Produkt in gr\u00f6\u00dferen Mengen als dem auf der Website angezeigten Bestand ben\u00f6tigen, <a href=\"https:\/\/dreamonwedding.it\/exclusive-italy-wedding-planner\/\">kontaktieren Sie uns<\/ a> um ein individuelles Angebot zu erhalten.<\/p>\n<p>Folgen Sie uns auf <a href=\"https:\/\/www.instagram.com\/dreamon_emporio\/\" target=\"_blank\" rel=\"noopener\">Instagram<\/a>, um sich inspirieren zu lassen, oder besuchen Sie uns auf unserer <a href=\"https:\/\/g.page\/ dream-on-emporio?we\" target=\"_blank\" rel=\"noopener\">Showroom!<\/a><\/p>\n","protected":false},"excerpt":{"rendered":"<p>Edle wei\u00dfe Keramikvase, ideal f\u00fcr Arrangements, Tafelaufs\u00e4tze, Empf\u00e4nge oder f\u00fcr die Inneneinrichtung.<\/p>\n<p>M\u00f6bel, das als Pflanzgef\u00e4\u00df zur Ausstattung Ihres Gartens oder Ihrer Terrasse oder als Beh\u00e4lter zur Dekoration f\u00fcr Veranstaltungen, Arrangements oder Hochzeiten verwendet werden kann.<\/p>\n","protected":false},"featured_media":21175,"comment_status":"open","ping_status":"closed","template":"","meta":[],"product_brand":[],"product_cat":[643,648,666],"product_tag":[833,674,675,673,835],"class_list":{"0":"post-22250","1":"product","2":"type-product","3":"status-publish","4":"has-post-thumbnail","6":"product_cat-behalter","7":"product_cat-dekorationen","8":"product_cat-vasen","9":"product_tag-alt","10":"product_tag-blumen","11":"product_tag-keramik","12":"product_tag-vase-de","13":"product_tag-weiss","15":"first","16":"instock","17":"taxable","18":"shipping-taxable","19":"purchasable","20":"product-type-variable"},"_links":{"self":[{"href":"https:\/\/dreamonwedding.it\/de\/wp-json\/wp\/v2\/product\/22250","targetHints":{"allow":["GET"]}}],"collection":[{"href":"https:\/\/dreamonwedding.it\/de\/wp-json\/wp\/v2\/product"}],"about":[{"href":"https:\/\/dreamonwedding.it\/de\/wp-json\/wp\/v2\/types\/product"}],"replies":[{"embeddable":true,"href":"https:\/\/dreamonwedding.it\/de\/wp-json\/wp\/v2\/comments?post=22250"}],"wp:featuredmedia":[{"embeddable":true,"href":"https:\/\/dreamonwedding.it\/de\/wp-json\/wp\/v2\/media\/21175"}],"wp:attachment":[{"href":"https:\/\/dreamonwedding.it\/de\/wp-json\/wp\/v2\/media?parent=22250"}],"wp:term":[{"taxonomy":"product_brand","embeddable":true,"href":"https:\/\/dreamonwedding.it\/de\/wp-json\/wp\/v2\/product_brand?post=22250"},{"taxonomy":"product_cat","embeddable":true,"href":"https:\/\/dreamonwedding.it\/de\/wp-json\/wp\/v2\/product_cat?post=22250"},{"taxonomy":"product_tag","embeddable":true,"href":"https:\/\/dreamonwedding.it\/de\/wp-json\/wp\/v2\/product_tag?post=22250"}],"curies":[{"name":"wp","href":"https:\/\/api.w.org\/{rel}","templated":true}]}}