{"id":22254,"date":"2023-03-15T11:52:34","date_gmt":"2023-03-15T10:52:34","guid":{"rendered":"https:\/\/dreamonwedding.it\/product\/metallkerzenhalter-mit-blumendekor-weisgrun-h24-cm\/"},"modified":"2024-11-10T07:07:09","modified_gmt":"2024-11-10T06:07:09","slug":"metallkerzenhalter-mit-blumendekor-weisgrun-h24-cm","status":"publish","type":"product","link":"https:\/\/dreamonwedding.it\/de\/produkt\/metallkerzenhalter-mit-blumendekor-weisgrun-h24-cm\/","title":{"rendered":"Metallkerzenhalter mit Blumendekor \u2013 Wei\u00dfgr\u00fcn \u2013 H24 cm"},"content":{"rendered":"<h5>Kerzenhalter aus Metall mit Blumendekor, wei\u00df-gr\u00fcne Farbe.<\/h5>\n<p>Edler 1-flammiger Kerzenhalter mit Blumendekor und Antik-Effekt-Finish.<\/p>\n<p>Perfekt als Dekoration f\u00fcr edle Festtafeln und als Einrichtungsaccessoire f\u00fcr Innenr\u00e4ume.<\/p>\n<p>Dekoration mit viel Liebe zum Detail, ein Muss in Themensets.<\/p>\n<p>&nbsp;<\/p>\n<p>Wir garantieren Expresszustellung per DHL-Kurier (2-3 Werktage).<\/p>\n<p>Wenn Sie ein Profi sind oder dieses Produkt in gr\u00f6\u00dferen Mengen als dem auf der Website angezeigten Bestand ben\u00f6tigen, <a href=\"https:\/\/dreamonwedding.it\/exclusive-italy-wedding-planner\/\">kontaktieren Sie uns<\/ a> um ein individuelles Angebot zu erhalten.<\/p>\n<p>Folgen Sie uns auf <a href=\"https:\/\/www.instagram.com\/dreamon_emporio\/\" target=\"_blank\" rel=\"noopener\">Instagram<\/a>, um sich inspirieren zu lassen, oder besuchen Sie uns auf unserer <a href=\"https:\/\/g.page\/ dream-on-emporio?we\" target=\"_blank\" rel=\"noopener\">Showroom!<\/a><\/p>\n","protected":false},"excerpt":{"rendered":"<p>Edler 1-flammiger Kerzenhalter aus Metall mit Blumendekor und Antik-Effekt.<\/p>\n<p>Perfekt als Dekoration f\u00fcr edle Festtafeln und als Einrichtungsaccessoire f\u00fcr Innenr\u00e4ume.<\/p>\n","protected":false},"featured_media":21184,"comment_status":"open","ping_status":"closed","template":"","meta":[],"product_brand":[],"product_cat":[649,641,664,642],"product_tag":[956,955,676,875,864,835],"class_list":{"0":"post-22254","1":"product","2":"type-product","3":"status-publish","4":"has-post-thumbnail","6":"product_cat-blumen","7":"product_cat-kerzen","8":"product_cat-kerzenhalter","9":"product_cat-kronleuchter","10":"product_tag-anstand","11":"product_tag-blumen-de","12":"product_tag-grun","13":"product_tag-laterne-de","14":"product_tag-leuchter","15":"product_tag-weiss","17":"first","18":"instock","19":"taxable","20":"shipping-taxable","21":"purchasable","22":"product-type-simple"},"_links":{"self":[{"href":"https:\/\/dreamonwedding.it\/de\/wp-json\/wp\/v2\/product\/22254","targetHints":{"allow":["GET"]}}],"collection":[{"href":"https:\/\/dreamonwedding.it\/de\/wp-json\/wp\/v2\/product"}],"about":[{"href":"https:\/\/dreamonwedding.it\/de\/wp-json\/wp\/v2\/types\/product"}],"replies":[{"embeddable":true,"href":"https:\/\/dreamonwedding.it\/de\/wp-json\/wp\/v2\/comments?post=22254"}],"wp:featuredmedia":[{"embeddable":true,"href":"https:\/\/dreamonwedding.it\/de\/wp-json\/wp\/v2\/media\/21184"}],"wp:attachment":[{"href":"https:\/\/dreamonwedding.it\/de\/wp-json\/wp\/v2\/media?parent=22254"}],"wp:term":[{"taxonomy":"product_brand","embeddable":true,"href":"https:\/\/dreamonwedding.it\/de\/wp-json\/wp\/v2\/product_brand?post=22254"},{"taxonomy":"product_cat","embeddable":true,"href":"https:\/\/dreamonwedding.it\/de\/wp-json\/wp\/v2\/product_cat?post=22254"},{"taxonomy":"product_tag","embeddable":true,"href":"https:\/\/dreamonwedding.it\/de\/wp-json\/wp\/v2\/product_tag?post=22254"}],"curies":[{"name":"wp","href":"https:\/\/api.w.org\/{rel}","templated":true}]}}