{"id":22270,"date":"2023-03-15T14:46:44","date_gmt":"2023-03-15T13:46:44","guid":{"rendered":"https:\/\/dreamonwedding.it\/product\/glasvitrine-mit-schildkrotenpanzer-h21-cm\/"},"modified":"2023-03-15T14:46:44","modified_gmt":"2023-03-15T13:46:44","slug":"glasvitrine-mit-schildkrotenpanzer-h21-cm","status":"publish","type":"product","link":"https:\/\/dreamonwedding.it\/de\/produkt\/glasvitrine-mit-schildkrotenpanzer-h21-cm\/","title":{"rendered":"Glasvitrine mit Schildkr\u00f6tenpanzer \u2013 H21 cm"},"content":{"rendered":"<h5>Geh\u00e4use aus Schildpattglas<\/h5>\n<p>Diese Glasvitrine enth\u00e4lt einen wundersch\u00f6nen Schildpatt auf einem Sockel.<\/p>\n<p>Kann als Herzst\u00fcck verwendet werden und eignet sich perfekt als exklusives Einrichtungsaccessoire f\u00fcr Innenr\u00e4ume.<\/p>\n<p>Wir garantieren Expresszustellung per DHL-Kurier (2-3 Werktage).<\/p>\n<p>Wenn Sie ein Profi sind oder dieses Produkt in gr\u00f6\u00dferen Mengen als dem auf der Website angezeigten Bestand ben\u00f6tigen, <a href=\"https:\/\/dreamonwedding.it\/exclusive-italy-wedding-planner\/\">kontaktieren Sie uns<\/ a> um ein individuelles Angebot zu erhalten.<\/p>\n<p>Folgen Sie uns auf <a href=\"https:\/\/www.instagram.com\/dreamon_emporio\/\" target=\"_blank\" rel=\"noopener\">Instagram<\/a>, um sich inspirieren zu lassen, oder besuchen Sie uns auf unserer <a href=\"https:\/\/g.page\/ dream-on-emporio?we\" target=\"_blank\" rel=\"noopener\">Showroom!<\/a><\/p>\n","protected":false},"excerpt":{"rendered":"<p>Diese Glasvitrine enth\u00e4lt einen wundersch\u00f6nen Schildpatt auf einem Sockel.<\/p>\n<p>Kann als Herzst\u00fcck verwendet werden und eignet sich perfekt als exklusives Einrichtungsaccessoire f\u00fcr Innenr\u00e4ume.<\/p>\n","protected":false},"featured_media":21193,"comment_status":"open","ping_status":"closed","template":"","meta":[],"product_brand":[],"product_cat":[648,640],"product_tag":[834,843,988,990,989],"class_list":{"0":"post-22270","1":"product","2":"type-product","3":"status-publish","4":"has-post-thumbnail","6":"product_cat-dekorationen","7":"product_cat-glasglocke","8":"product_tag-dekoration","9":"product_tag-glas","10":"product_tag-glocke","11":"product_tag-schaukasten","12":"product_tag-schildkrote","14":"first","15":"instock","16":"taxable","17":"shipping-taxable","18":"purchasable","19":"product-type-simple"},"_links":{"self":[{"href":"https:\/\/dreamonwedding.it\/de\/wp-json\/wp\/v2\/product\/22270","targetHints":{"allow":["GET"]}}],"collection":[{"href":"https:\/\/dreamonwedding.it\/de\/wp-json\/wp\/v2\/product"}],"about":[{"href":"https:\/\/dreamonwedding.it\/de\/wp-json\/wp\/v2\/types\/product"}],"replies":[{"embeddable":true,"href":"https:\/\/dreamonwedding.it\/de\/wp-json\/wp\/v2\/comments?post=22270"}],"wp:featuredmedia":[{"embeddable":true,"href":"https:\/\/dreamonwedding.it\/de\/wp-json\/wp\/v2\/media\/21193"}],"wp:attachment":[{"href":"https:\/\/dreamonwedding.it\/de\/wp-json\/wp\/v2\/media?parent=22270"}],"wp:term":[{"taxonomy":"product_brand","embeddable":true,"href":"https:\/\/dreamonwedding.it\/de\/wp-json\/wp\/v2\/product_brand?post=22270"},{"taxonomy":"product_cat","embeddable":true,"href":"https:\/\/dreamonwedding.it\/de\/wp-json\/wp\/v2\/product_cat?post=22270"},{"taxonomy":"product_tag","embeddable":true,"href":"https:\/\/dreamonwedding.it\/de\/wp-json\/wp\/v2\/product_tag?post=22270"}],"curies":[{"name":"wp","href":"https:\/\/api.w.org\/{rel}","templated":true}]}}