{"id":21899,"date":"2023-03-17T08:43:41","date_gmt":"2023-03-17T07:43:41","guid":{"rendered":"https:\/\/dreamonwedding.it\/product\/vase-en-fil-de-fer-vieilli-2-modeles\/"},"modified":"2025-06-03T16:51:03","modified_gmt":"2025-06-03T14:51:03","slug":"vase-en-fil-de-fer-vieilli-2-modeles","status":"publish","type":"product","link":"https:\/\/dreamonwedding.it\/fr\/produit\/vase-en-fil-de-fer-vieilli-2-modeles\/","title":{"rendered":"Vase en fil de fer vieilli &#8211; 2 Mod\u00e8les"},"content":{"rendered":"<h5>Joli vase en fil de fer vieilli.<\/h5>\n<p>Ce magnifique vase est id\u00e9al pour cr\u00e9er des compositions florales lors d&rsquo;\u00e9v\u00e9nements ou parfait pour un usage quotidien.<\/p>\n<p>Id\u00e9al pour ajouter une touche d\u00e9corative au d\u00e9cor de n&rsquo;importe quelle pi\u00e8ce et <span class=\"a-list-item\"> accentuer votre maison pour obtenir le bon d\u00e9cor avec ou sans ajouts de fleurs ou de verdure.<\/span>< \/p><\/p>\n<p>&nbsp;<\/p>\n<p>Nous garantissons la livraison express par courrier DHL (2-3 jours ouvrables).<\/p>\n<p>Si vous \u00eates un professionnel ou si vous avez besoin de ce produit en plus grande quantit\u00e9 que le stock affich\u00e9 sur le site<a href=\"https:\/\/dreamonwedding.it\/exclusive-italy-wedding-planner\/\"> contactez-nous< \/a> pour obtenir un devis personnalis\u00e9.<\/p>\n<p>Vous pouvez \u00e9galement trouver tous nos produits dans notre <a href=\"https:\/\/g.page\/dream-on-emporio?gm\" target=\"_blank\" rel=\"noopener\"> Emporio, venez nous rendre visite en salle d&rsquo;exposition !<\/a><\/p>\n","protected":false},"excerpt":{"rendered":"<p>Ce magnifique vase est id\u00e9al pour cr\u00e9er des compositions florales lors d&rsquo;\u00e9v\u00e9nements ou parfait pour un usage quotidien.<\/p>\n<p>Id\u00e9al pour ajouter une touche d\u00e9corative au d\u00e9cor de n&rsquo;importe quelle pi\u00e8ce et <span class=\"a-list-item\"> accentuer votre maison pour juste le bon d\u00e9cor avec ou sans ajouts floraux ou de verdure.<\/span>< \/p><\/p>\n","protected":false},"featured_media":21297,"comment_status":"open","ping_status":"closed","template":"","meta":[],"product_brand":[],"product_cat":[638,657],"product_tag":[688,669,687,668],"class_list":{"0":"post-21899","1":"product","2":"type-product","3":"status-publish","4":"has-post-thumbnail","6":"product_cat-decorations","7":"product_cat-vases","8":"product_tag-fer","9":"product_tag-fleurs","10":"product_tag-recipient","11":"product_tag-vase","13":"first","14":"instock","15":"taxable","16":"shipping-taxable","17":"purchasable","18":"product-type-variable"},"_links":{"self":[{"href":"https:\/\/dreamonwedding.it\/fr\/wp-json\/wp\/v2\/product\/21899","targetHints":{"allow":["GET"]}}],"collection":[{"href":"https:\/\/dreamonwedding.it\/fr\/wp-json\/wp\/v2\/product"}],"about":[{"href":"https:\/\/dreamonwedding.it\/fr\/wp-json\/wp\/v2\/types\/product"}],"replies":[{"embeddable":true,"href":"https:\/\/dreamonwedding.it\/fr\/wp-json\/wp\/v2\/comments?post=21899"}],"wp:featuredmedia":[{"embeddable":true,"href":"https:\/\/dreamonwedding.it\/fr\/wp-json\/wp\/v2\/media\/21297"}],"wp:attachment":[{"href":"https:\/\/dreamonwedding.it\/fr\/wp-json\/wp\/v2\/media?parent=21899"}],"wp:term":[{"taxonomy":"product_brand","embeddable":true,"href":"https:\/\/dreamonwedding.it\/fr\/wp-json\/wp\/v2\/product_brand?post=21899"},{"taxonomy":"product_cat","embeddable":true,"href":"https:\/\/dreamonwedding.it\/fr\/wp-json\/wp\/v2\/product_cat?post=21899"},{"taxonomy":"product_tag","embeddable":true,"href":"https:\/\/dreamonwedding.it\/fr\/wp-json\/wp\/v2\/product_tag?post=21899"}],"curies":[{"name":"wp","href":"https:\/\/api.w.org\/{rel}","templated":true}]}}