{"id":21902,"date":"2023-03-16T16:56:54","date_gmt":"2023-03-16T15:56:54","guid":{"rendered":"https:\/\/dreamonwedding.it\/product\/vase-en-ceramique-ocre-effet-antique-2-tailles\/"},"modified":"2023-03-16T16:56:54","modified_gmt":"2023-03-16T15:56:54","slug":"vase-en-ceramique-ocre-effet-antique-2-tailles","status":"publish","type":"product","link":"https:\/\/dreamonwedding.it\/fr\/produit\/vase-en-ceramique-ocre-effet-antique-2-tailles\/","title":{"rendered":"Vase en c\u00e9ramique &#8211; Ocre effet antique &#8211; 2 tailles"},"content":{"rendered":"<h5>Vase en c\u00e9ramique ocre effet antique.<\/h5>\n<p>Vase en c\u00e9ramique ocre pr\u00e9cieux id\u00e9al pour les arrangements, les d\u00e9corations de centre de table, les r\u00e9ceptions ou pour la d\u00e9coration int\u00e9rieure.<\/p>\n<p>Meuble qui peut \u00eatre utilis\u00e9 comme jardini\u00e8re et meubler votre jardin ou votre terrasse ou comme conteneur pour la d\u00e9coration d&rsquo;\u00e9v\u00e9nements, d&rsquo;arrangements ou de mariages.<\/p>\n<p>&nbsp;<\/p>\n<p>Nous garantissons la livraison express par courrier DHL (2-3 jours ouvrables).<\/p>\n<p>Si vous \u00eates un professionnel ou si vous avez besoin de ce produit en plus grande quantit\u00e9 que le stock affich\u00e9 sur le site <a href=\"https:\/\/dreamonwedding.it\/exclusive-italy-wedding-planner\/\">contactez-nous<\/ a> pour obtenir un devis personnalis\u00e9.<\/p>\n<p>Suivez-nous sur <a href=\"https:\/\/www.instagram.com\/dreamon_emporio\/\" target=\"_blank\" rel=\"noopener\"> Instagram<\/a> pour vous inspirer ou rendez-nous visite sur notre <a href=\"https:\/\/g.page\/ dream-on-emporio?we\" target=\"_blank\" rel=\"noopener\">Showroom !<\/a><\/p>\n","protected":false},"excerpt":{"rendered":"<p>Vase en c\u00e9ramique ocre pr\u00e9cieux id\u00e9al pour les arrangements, les d\u00e9corations de centre de table, les r\u00e9ceptions ou pour la d\u00e9coration int\u00e9rieure.<\/p>\n<p>Meuble qui peut \u00eatre utilis\u00e9 comme jardini\u00e8re et meubler votre jardin ou votre terrasse ou comme conteneur pour la d\u00e9coration d&rsquo;\u00e9v\u00e9nements, d&rsquo;arrangements ou de mariages.<\/p>\n<p>&nbsp;<\/p>\n<p>&nbsp;<\/p>\n","protected":false},"featured_media":21291,"comment_status":"open","ping_status":"closed","template":"","meta":[],"product_brand":[],"product_cat":[633,638,657],"product_tag":[681,670,669,689,668],"class_list":{"0":"post-21902","1":"product","2":"type-product","3":"status-publish","4":"has-post-thumbnail","6":"product_cat-conteneurs","7":"product_cat-decorations","8":"product_cat-vases","9":"product_tag-antico-fr","10":"product_tag-ceramique","11":"product_tag-fleurs","12":"product_tag-ocre","13":"product_tag-vase","15":"first","16":"instock","17":"taxable","18":"shipping-taxable","19":"purchasable","20":"product-type-variable"},"_links":{"self":[{"href":"https:\/\/dreamonwedding.it\/fr\/wp-json\/wp\/v2\/product\/21902","targetHints":{"allow":["GET"]}}],"collection":[{"href":"https:\/\/dreamonwedding.it\/fr\/wp-json\/wp\/v2\/product"}],"about":[{"href":"https:\/\/dreamonwedding.it\/fr\/wp-json\/wp\/v2\/types\/product"}],"replies":[{"embeddable":true,"href":"https:\/\/dreamonwedding.it\/fr\/wp-json\/wp\/v2\/comments?post=21902"}],"wp:featuredmedia":[{"embeddable":true,"href":"https:\/\/dreamonwedding.it\/fr\/wp-json\/wp\/v2\/media\/21291"}],"wp:attachment":[{"href":"https:\/\/dreamonwedding.it\/fr\/wp-json\/wp\/v2\/media?parent=21902"}],"wp:term":[{"taxonomy":"product_brand","embeddable":true,"href":"https:\/\/dreamonwedding.it\/fr\/wp-json\/wp\/v2\/product_brand?post=21902"},{"taxonomy":"product_cat","embeddable":true,"href":"https:\/\/dreamonwedding.it\/fr\/wp-json\/wp\/v2\/product_cat?post=21902"},{"taxonomy":"product_tag","embeddable":true,"href":"https:\/\/dreamonwedding.it\/fr\/wp-json\/wp\/v2\/product_tag?post=21902"}],"curies":[{"name":"wp","href":"https:\/\/api.w.org\/{rel}","templated":true}]}}