{"id":21905,"date":"2023-03-16T16:41:21","date_gmt":"2023-03-16T15:41:21","guid":{"rendered":"https:\/\/dreamonwedding.it\/product\/vase-en-ceramique-en-forme-de-baie-effet-antique-anthracite-h17-cm\/"},"modified":"2025-06-06T11:33:54","modified_gmt":"2025-06-06T09:33:54","slug":"vase-en-ceramique-en-forme-de-baie-effet-antique-anthracite-h17-cm","status":"publish","type":"product","link":"https:\/\/dreamonwedding.it\/fr\/produit\/vase-en-ceramique-en-forme-de-baie-effet-antique-anthracite-h17-cm\/","title":{"rendered":"Vase en c\u00e9ramique en forme de baie &#8211; Effet antique anthracite &#8211; h17 cm"},"content":{"rendered":"<h5>Vase en forme de baie en c\u00e9ramique anthracite effet vieilli.<\/h5>\n<p>Vase en c\u00e9ramique de couleur anthracite enchanteur, qui avec sa forme particuli\u00e8re est id\u00e9al pour les arrangements, les d\u00e9corations de centre de table, les r\u00e9ceptions ou pour la d\u00e9coration int\u00e9rieure.<\/p>\n<p>Meuble pouvant \u00eatre utilis\u00e9 comme conteneur pour la d\u00e9coration d&rsquo;\u00e9v\u00e9nements ou de mariages.<\/p>\n<p>&nbsp;<\/p>\n<p>Nous garantissons la livraison express par courrier DHL (2-3 jours ouvrables).<\/p>\n<p>Si vous \u00eates un professionnel ou si vous avez besoin de ce produit en plus grande quantit\u00e9 que le stock affich\u00e9 sur le site <a href=\"https:\/\/dreamonwedding.it\/exclusive-italy-wedding-planner\/\">contactez-nous<\/ a> pour obtenir un devis personnalis\u00e9.<\/p>\n<p>Suivez-nous sur <a href=\"https:\/\/www.instagram.com\/dreamon_emporio\/\" target=\"_blank\" rel=\"noopener\"> Instagram<\/a> pour vous inspirer ou rendez-nous visite sur notre <a href=\"https:\/\/g.page\/ dream-on-emporio?we\" target=\"_blank\" rel=\"noopener\">Showroom !<\/a><\/p>\n","protected":false},"excerpt":{"rendered":"<p>Vase en c\u00e9ramique de couleur anthracite enchanteur, qui avec sa forme particuli\u00e8re est id\u00e9al pour les arrangements, les d\u00e9corations de centre de table, les r\u00e9ceptions ou pour la d\u00e9coration int\u00e9rieure.<\/p>\n<p>Meuble pouvant \u00eatre utilis\u00e9 comme conteneur pour la d\u00e9coration d&rsquo;\u00e9v\u00e9nements ou de mariages.<\/p>\n","protected":false},"featured_media":21279,"comment_status":"open","ping_status":"closed","template":"","meta":[],"product_brand":[],"product_cat":[633,638,657],"product_tag":[680,681,690,670,668],"class_list":{"0":"post-21905","1":"product","2":"type-product","3":"status-publish","4":"has-post-thumbnail","6":"product_cat-conteneurs","7":"product_cat-decorations","8":"product_cat-vases","9":"product_tag-anthracite","10":"product_tag-antico-fr","11":"product_tag-baie","12":"product_tag-ceramique","13":"product_tag-vase","15":"first","16":"instock","17":"taxable","18":"shipping-taxable","19":"purchasable","20":"product-type-simple"},"_links":{"self":[{"href":"https:\/\/dreamonwedding.it\/fr\/wp-json\/wp\/v2\/product\/21905","targetHints":{"allow":["GET"]}}],"collection":[{"href":"https:\/\/dreamonwedding.it\/fr\/wp-json\/wp\/v2\/product"}],"about":[{"href":"https:\/\/dreamonwedding.it\/fr\/wp-json\/wp\/v2\/types\/product"}],"replies":[{"embeddable":true,"href":"https:\/\/dreamonwedding.it\/fr\/wp-json\/wp\/v2\/comments?post=21905"}],"wp:featuredmedia":[{"embeddable":true,"href":"https:\/\/dreamonwedding.it\/fr\/wp-json\/wp\/v2\/media\/21279"}],"wp:attachment":[{"href":"https:\/\/dreamonwedding.it\/fr\/wp-json\/wp\/v2\/media?parent=21905"}],"wp:term":[{"taxonomy":"product_brand","embeddable":true,"href":"https:\/\/dreamonwedding.it\/fr\/wp-json\/wp\/v2\/product_brand?post=21905"},{"taxonomy":"product_cat","embeddable":true,"href":"https:\/\/dreamonwedding.it\/fr\/wp-json\/wp\/v2\/product_cat?post=21905"},{"taxonomy":"product_tag","embeddable":true,"href":"https:\/\/dreamonwedding.it\/fr\/wp-json\/wp\/v2\/product_tag?post=21905"}],"curies":[{"name":"wp","href":"https:\/\/api.w.org\/{rel}","templated":true}]}}