{"id":21915,"date":"2023-03-16T10:53:14","date_gmt":"2023-03-16T09:53:14","guid":{"rendered":"https:\/\/dreamonwedding.it\/product\/coeur-ex-voto-en-metal-couleur-vieil-or-et-strass-2-tailles\/"},"modified":"2023-03-16T10:53:14","modified_gmt":"2023-03-16T09:53:14","slug":"coeur-ex-voto-en-metal-couleur-vieil-or-et-strass-2-tailles","status":"publish","type":"product","link":"https:\/\/dreamonwedding.it\/fr\/produit\/coeur-ex-voto-en-metal-couleur-vieil-or-et-strass-2-tailles\/","title":{"rendered":"Coeur ex voto en m\u00e9tal &#8211; Couleur vieil or et strass &#8211; 2 Tailles"},"content":{"rendered":"<h5>Coeur ex voto en m\u00e9tal avec strass et nacre couleur or antique.<\/h5>\n<p>Magnifique pendentif repr\u00e9sentant un c\u0153ur sacr\u00e9 votif d&rsquo;aspect classique en m\u00e9tal et d\u00e9cor\u00e9 de nacre et de strass \u00e9l\u00e9gants de couleur or antique.<\/p>\n<p>Sa forme le rend parfait pour les d\u00e9corations.<\/p>\n<p>&nbsp;<\/p>\n<p>Nous garantissons la livraison express par courrier DHL (2-3 jours ouvrables).<\/p>\n<p>Si vous \u00eates un professionnel ou si vous avez besoin de ce produit en plus grande quantit\u00e9 que le stock affich\u00e9 sur le site <a href=\"https:\/\/dreamonwedding.it\/exclusive-italy-wedding-planner\/\">contactez-nous<\/ a> pour obtenir un devis personnalis\u00e9.<\/p>\n<p>Suivez-nous sur <a href=\"https:\/\/www.instagram.com\/dreamon_emporio\/\" target=\"_blank\" rel=\"noopener\"> Instagram<\/a> pour vous inspirer ou rendez-nous visite sur notre <a href=\"https:\/\/g.page\/ dream-on-emporio?we\" target=\"_blank\" rel=\"noopener\">Showroom !<\/a><\/p>\n","protected":false},"excerpt":{"rendered":"<p>Magnifique pendentif repr\u00e9sentant un c\u0153ur sacr\u00e9 votif d&rsquo;aspect classique en m\u00e9tal et d\u00e9cor\u00e9 de nacre et de strass \u00e9l\u00e9gants de couleur or antique.<\/p>\n<p>Sa forme le rend parfait pour les d\u00e9corations.<\/p>\n","protected":false},"featured_media":21234,"comment_status":"open","ping_status":"closed","template":"","meta":[],"product_brand":[],"product_cat":[638],"product_tag":[703,682,701,699,704,700,702],"class_list":{"0":"post-21915","1":"product","2":"type-product","3":"status-publish","4":"has-post-thumbnail","6":"product_cat-decorations","7":"product_tag-coeur","8":"product_tag-decoration","9":"product_tag-ex-voto-fr","10":"product_tag-metal","11":"product_tag-nacre","12":"product_tag-or","13":"product_tag-strass-fr","15":"first","16":"instock","17":"taxable","18":"shipping-taxable","19":"purchasable","20":"product-type-variable"},"_links":{"self":[{"href":"https:\/\/dreamonwedding.it\/fr\/wp-json\/wp\/v2\/product\/21915","targetHints":{"allow":["GET"]}}],"collection":[{"href":"https:\/\/dreamonwedding.it\/fr\/wp-json\/wp\/v2\/product"}],"about":[{"href":"https:\/\/dreamonwedding.it\/fr\/wp-json\/wp\/v2\/types\/product"}],"replies":[{"embeddable":true,"href":"https:\/\/dreamonwedding.it\/fr\/wp-json\/wp\/v2\/comments?post=21915"}],"wp:featuredmedia":[{"embeddable":true,"href":"https:\/\/dreamonwedding.it\/fr\/wp-json\/wp\/v2\/media\/21234"}],"wp:attachment":[{"href":"https:\/\/dreamonwedding.it\/fr\/wp-json\/wp\/v2\/media?parent=21915"}],"wp:term":[{"taxonomy":"product_brand","embeddable":true,"href":"https:\/\/dreamonwedding.it\/fr\/wp-json\/wp\/v2\/product_brand?post=21915"},{"taxonomy":"product_cat","embeddable":true,"href":"https:\/\/dreamonwedding.it\/fr\/wp-json\/wp\/v2\/product_cat?post=21915"},{"taxonomy":"product_tag","embeddable":true,"href":"https:\/\/dreamonwedding.it\/fr\/wp-json\/wp\/v2\/product_tag?post=21915"}],"curies":[{"name":"wp","href":"https:\/\/api.w.org\/{rel}","templated":true}]}}