{"id":21922,"date":"2023-03-15T17:38:08","date_gmt":"2023-03-15T16:38:08","guid":{"rendered":"https:\/\/dreamonwedding.it\/product\/couronne-metal-bronze-antique-h7-cm\/"},"modified":"2023-06-26T11:35:27","modified_gmt":"2023-06-26T09:35:27","slug":"couronne-metal-bronze-antique-h7-cm","status":"publish","type":"product","link":"https:\/\/dreamonwedding.it\/fr\/produit\/couronne-metal-bronze-antique-h7-cm\/","title":{"rendered":"Couronne m\u00e9tal bronze antique &#8211; h7 cm"},"content":{"rendered":"<h5>Couronne en m\u00e9tal de couleur bronze avec effet antique.<\/h5>\n<p>Couronne en m\u00e9tal, couleur bronze antique, d\u00e9cor\u00e9e d&rsquo;\u00e9toiles et de fleurs et de petits cristaux transparents, un d\u00e9tail d\u00e9coratif qui donne \u00e9l\u00e9gance et originalit\u00e9.<\/p>\n<p>Cette couronne donnera un air particulier \u00e0 vos d\u00e9corations.<\/p>\n<p>&nbsp;<\/p>\n<p>Nous garantissons la livraison express par courrier DHL (2-3 jours ouvrables).<\/p>\n<p>Si vous \u00eates un professionnel ou si vous avez besoin de ce produit en plus grande quantit\u00e9 que le stock affich\u00e9 sur le site <a href=\"https:\/\/dreamonwedding.it\/exclusive-italy-wedding-planner\/\">contactez-nous<\/ a> pour obtenir un devis personnalis\u00e9.<\/p>\n<p>Suivez-nous sur <a href=\"https:\/\/www.instagram.com\/dreamon_emporio\/\" target=\"_blank\" rel=\"noopener\"> Instagram<\/a> pour vous inspirer ou rendez-nous visite sur notre <a href=\"https:\/\/g.page\/ dream-on-emporio?we\" target=\"_blank\" rel=\"noopener\">Showroom !<\/a><\/p>\n","protected":false},"excerpt":{"rendered":"<p>Couronne en m\u00e9tal, couleur bronze antique, d\u00e9cor\u00e9e d&rsquo;\u00e9toiles et de fleurs et de petits cristaux transparents, un d\u00e9tail d\u00e9coratif qui donne \u00e9l\u00e9gance et originalit\u00e9.<\/p>\n<p>Cette couronne donnera un air particulier \u00e0 vos d\u00e9corations.<\/p>\n","protected":false},"featured_media":21222,"comment_status":"open","ping_status":"closed","template":"","meta":[],"product_brand":[],"product_cat":[651,638],"product_tag":[695,706,707,699],"class_list":{"0":"post-21922","1":"product","2":"type-product","3":"status-publish","4":"has-post-thumbnail","6":"product_cat-bijoux","7":"product_cat-decorations","8":"product_tag-bronze","9":"product_tag-couronne","10":"product_tag-etoiles","11":"product_tag-metal","13":"first","14":"instock","15":"taxable","16":"shipping-taxable","17":"purchasable","18":"product-type-simple"},"_links":{"self":[{"href":"https:\/\/dreamonwedding.it\/fr\/wp-json\/wp\/v2\/product\/21922","targetHints":{"allow":["GET"]}}],"collection":[{"href":"https:\/\/dreamonwedding.it\/fr\/wp-json\/wp\/v2\/product"}],"about":[{"href":"https:\/\/dreamonwedding.it\/fr\/wp-json\/wp\/v2\/types\/product"}],"replies":[{"embeddable":true,"href":"https:\/\/dreamonwedding.it\/fr\/wp-json\/wp\/v2\/comments?post=21922"}],"wp:featuredmedia":[{"embeddable":true,"href":"https:\/\/dreamonwedding.it\/fr\/wp-json\/wp\/v2\/media\/21222"}],"wp:attachment":[{"href":"https:\/\/dreamonwedding.it\/fr\/wp-json\/wp\/v2\/media?parent=21922"}],"wp:term":[{"taxonomy":"product_brand","embeddable":true,"href":"https:\/\/dreamonwedding.it\/fr\/wp-json\/wp\/v2\/product_brand?post=21922"},{"taxonomy":"product_cat","embeddable":true,"href":"https:\/\/dreamonwedding.it\/fr\/wp-json\/wp\/v2\/product_cat?post=21922"},{"taxonomy":"product_tag","embeddable":true,"href":"https:\/\/dreamonwedding.it\/fr\/wp-json\/wp\/v2\/product_tag?post=21922"}],"curies":[{"name":"wp","href":"https:\/\/api.w.org\/{rel}","templated":true}]}}