{"id":21929,"date":"2023-03-15T15:59:06","date_gmt":"2023-03-15T14:59:06","guid":{"rendered":"https:\/\/dreamonwedding.it\/product\/bougeoir-a-decor-floral-feuille-dor-antique-2-tailles\/"},"modified":"2023-03-15T15:59:06","modified_gmt":"2023-03-15T14:59:06","slug":"bougeoir-a-decor-floral-feuille-dor-antique-2-tailles","status":"publish","type":"product","link":"https:\/\/dreamonwedding.it\/fr\/produit\/bougeoir-a-decor-floral-feuille-dor-antique-2-tailles\/","title":{"rendered":"Bougeoir \u00e0 d\u00e9cor floral &#8211; Feuille d&rsquo;or antique &#8211; 2 Tailles"},"content":{"rendered":"<h5>Chandelier \u00e0 d\u00e9cor floral dor\u00e9 \u00e0 l&rsquo;ancienne.<\/h5>\n<p>Pr\u00e9cieux bougeoir \u00e0 5 feux, avec d\u00e9coration florale et finition effet or antique.<\/p>\n<p>Parfait comme d\u00e9coration pour les tables de f\u00eate raffin\u00e9es et comme accessoire d&rsquo;ameublement pour les int\u00e9rieurs.<\/p>\n<p>D\u00e9coration soign\u00e9e dans les moindres d\u00e9tails, indispensable dans les ensembles th\u00e9matiques.<\/p>\n<p>&nbsp;<\/p>\n<p>Nous garantissons la livraison express par courrier DHL (2-3 jours ouvrables).<\/p>\n<p>Si vous \u00eates un professionnel ou si vous avez besoin de ce produit en plus grande quantit\u00e9 que le stock affich\u00e9 sur le site <a href=\"https:\/\/dreamonwedding.it\/exclusive-italy-wedding-planner\/\">contactez-nous<\/ a> pour obtenir un devis personnalis\u00e9.<\/p>\n<p>Suivez-nous sur <a href=\"https:\/\/www.instagram.com\/dreamon_emporio\/\" target=\"_blank\" rel=\"noopener\"> Instagram<\/a> pour vous inspirer ou rendez-nous visite sur notre <a href=\"https:\/\/g.page\/ dream-on-emporio?we\" target=\"_blank\" rel=\"noopener\">Showroom !<\/a><\/p>\n","protected":false},"excerpt":{"rendered":"<p>Pr\u00e9cieux bougeoir \u00e0 5 feux, avec d\u00e9coration florale et finition effet or antique.<\/p>\n<p>Parfait comme d\u00e9coration pour les tables de f\u00eate raffin\u00e9es et comme accessoire d&rsquo;ameublement pour les int\u00e9rieurs.<\/p>\n","protected":false},"featured_media":21201,"comment_status":"open","ping_status":"closed","template":"","meta":[],"product_brand":[],"product_cat":[655,631,638,639,632],"product_tag":[709,708,711,710,700],"class_list":{"0":"post-21929","1":"product","2":"type-product","3":"status-publish","4":"has-post-thumbnail","6":"product_cat-bougeoir","7":"product_cat-bougies","8":"product_cat-decorations","9":"product_cat-fleurs","10":"product_cat-lustres","11":"product_tag-bougies","12":"product_tag-chandelier","13":"product_tag-decorum","14":"product_tag-floral","15":"product_tag-or","17":"first","18":"instock","19":"taxable","20":"shipping-taxable","21":"purchasable","22":"product-type-variable"},"_links":{"self":[{"href":"https:\/\/dreamonwedding.it\/fr\/wp-json\/wp\/v2\/product\/21929","targetHints":{"allow":["GET"]}}],"collection":[{"href":"https:\/\/dreamonwedding.it\/fr\/wp-json\/wp\/v2\/product"}],"about":[{"href":"https:\/\/dreamonwedding.it\/fr\/wp-json\/wp\/v2\/types\/product"}],"replies":[{"embeddable":true,"href":"https:\/\/dreamonwedding.it\/fr\/wp-json\/wp\/v2\/comments?post=21929"}],"wp:featuredmedia":[{"embeddable":true,"href":"https:\/\/dreamonwedding.it\/fr\/wp-json\/wp\/v2\/media\/21201"}],"wp:attachment":[{"href":"https:\/\/dreamonwedding.it\/fr\/wp-json\/wp\/v2\/media?parent=21929"}],"wp:term":[{"taxonomy":"product_brand","embeddable":true,"href":"https:\/\/dreamonwedding.it\/fr\/wp-json\/wp\/v2\/product_brand?post=21929"},{"taxonomy":"product_cat","embeddable":true,"href":"https:\/\/dreamonwedding.it\/fr\/wp-json\/wp\/v2\/product_cat?post=21929"},{"taxonomy":"product_tag","embeddable":true,"href":"https:\/\/dreamonwedding.it\/fr\/wp-json\/wp\/v2\/product_tag?post=21929"}],"curies":[{"name":"wp","href":"https:\/\/api.w.org\/{rel}","templated":true}]}}