{"id":21932,"date":"2023-03-15T15:23:43","date_gmt":"2023-03-15T14:23:43","guid":{"rendered":"https:\/\/dreamonwedding.it\/product\/clip-photo-metal-noir-2-tailles\/"},"modified":"2023-06-26T11:49:05","modified_gmt":"2023-06-26T09:49:05","slug":"clip-photo-metal-noir-2-tailles","status":"publish","type":"product","link":"https:\/\/dreamonwedding.it\/fr\/produit\/clip-photo-metal-noir-2-tailles\/","title":{"rendered":"Clip photo m\u00e9tal noir &#8211; 2 Tailles"},"content":{"rendered":"<h5>Pince photo en m\u00e9tal noir<\/h5>\n<p>Cadre photo unique et \u00e9l\u00e9gant en fer de haute qualit\u00e9, solide et durable.<\/p>\n<p>Id\u00e9al pour les centres de table, les faveurs, les photos et les invitations, et tr\u00e8s utile pour les \u00e9v\u00e9nements, les mariages ou comme meuble.<\/p>\n<p>&nbsp;<\/p>\n<p>Nous garantissons la livraison express par courrier DHL (2-3 jours ouvrables).<\/p>\n<p>Si vous \u00eates un professionnel ou si vous avez besoin de ce produit en plus grande quantit\u00e9 que le stock affich\u00e9 sur le site <a href=\"https:\/\/dreamonwedding.it\/exclusive-italy-wedding-planner\/\">contactez-nous<\/ a> pour obtenir un devis personnalis\u00e9.<\/p>\n<p>Suivez-nous sur <a href=\"https:\/\/www.instagram.com\/dreamon_emporio\/\" target=\"_blank\" rel=\"noopener\"> Instagram<\/a> pour vous inspirer ou rendez-nous visite sur notre <a href=\"https:\/\/g.page\/ dream-on-emporio?we\" target=\"_blank\" rel=\"noopener\">Showroom !<\/a><\/p>\n","protected":false},"excerpt":{"rendered":"<p>Cadre photo unique et \u00e9l\u00e9gant en fer de haute qualit\u00e9, solide et durable.<\/p>\n<p>Id\u00e9al pour les centres de table, les faveurs, les photos et les invitations, et tr\u00e8s utile pour les \u00e9v\u00e9nements, les mariages ou comme meuble.<\/p>\n","protected":false},"featured_media":21195,"comment_status":"open","ping_status":"closed","template":"","meta":[],"product_brand":[],"product_cat":[15],"product_tag":[714,716,699,715],"class_list":{"0":"post-21932","1":"product","2":"type-product","3":"status-publish","4":"has-post-thumbnail","6":"product_cat-uncategorized","7":"product_tag-agrafe","8":"product_tag-cadre","9":"product_tag-metal","10":"product_tag-noir","12":"first","13":"instock","14":"taxable","15":"shipping-taxable","16":"purchasable","17":"product-type-variable"},"_links":{"self":[{"href":"https:\/\/dreamonwedding.it\/fr\/wp-json\/wp\/v2\/product\/21932","targetHints":{"allow":["GET"]}}],"collection":[{"href":"https:\/\/dreamonwedding.it\/fr\/wp-json\/wp\/v2\/product"}],"about":[{"href":"https:\/\/dreamonwedding.it\/fr\/wp-json\/wp\/v2\/types\/product"}],"replies":[{"embeddable":true,"href":"https:\/\/dreamonwedding.it\/fr\/wp-json\/wp\/v2\/comments?post=21932"}],"wp:featuredmedia":[{"embeddable":true,"href":"https:\/\/dreamonwedding.it\/fr\/wp-json\/wp\/v2\/media\/21195"}],"wp:attachment":[{"href":"https:\/\/dreamonwedding.it\/fr\/wp-json\/wp\/v2\/media?parent=21932"}],"wp:term":[{"taxonomy":"product_brand","embeddable":true,"href":"https:\/\/dreamonwedding.it\/fr\/wp-json\/wp\/v2\/product_brand?post=21932"},{"taxonomy":"product_cat","embeddable":true,"href":"https:\/\/dreamonwedding.it\/fr\/wp-json\/wp\/v2\/product_cat?post=21932"},{"taxonomy":"product_tag","embeddable":true,"href":"https:\/\/dreamonwedding.it\/fr\/wp-json\/wp\/v2\/product_tag?post=21932"}],"curies":[{"name":"wp","href":"https:\/\/api.w.org\/{rel}","templated":true}]}}