{"id":21935,"date":"2023-03-15T14:46:44","date_gmt":"2023-03-15T13:46:44","guid":{"rendered":"https:\/\/dreamonwedding.it\/product\/etui-en-verre-avec-carapace-de-tortue-h21-cm\/"},"modified":"2023-03-15T14:46:44","modified_gmt":"2023-03-15T13:46:44","slug":"etui-en-verre-avec-carapace-de-tortue-h21-cm","status":"publish","type":"product","link":"https:\/\/dreamonwedding.it\/fr\/produit\/etui-en-verre-avec-carapace-de-tortue-h21-cm\/","title":{"rendered":"Etui en verre avec carapace de tortue &#8211; h21 cm"},"content":{"rendered":"<h5>\u00c9tui en verre \u00e9caille de tortue<\/h5>\n<p>Cette vitrine contient une belle carapace de tortue sur un socle.<\/p>\n<p>Peut \u00eatre utilis\u00e9 comme pi\u00e8ce ma\u00eetresse et parfait comme accessoire d&rsquo;ameublement exclusif pour les int\u00e9rieurs.<\/p>\n<p>Nous garantissons la livraison express par courrier DHL (2-3 jours ouvrables).<\/p>\n<p>Si vous \u00eates un professionnel ou si vous avez besoin de ce produit en plus grande quantit\u00e9 que le stock affich\u00e9 sur le site <a href=\"https:\/\/dreamonwedding.it\/exclusive-italy-wedding-planner\/\">contactez-nous<\/ a> pour obtenir un devis personnalis\u00e9.<\/p>\n<p>Suivez-nous sur <a href=\"https:\/\/www.instagram.com\/dreamon_emporio\/\" target=\"_blank\" rel=\"noopener\"> Instagram<\/a> pour vous inspirer ou rendez-nous visite sur notre <a href=\"https:\/\/g.page\/ dream-on-emporio?we\" target=\"_blank\" rel=\"noopener\">Showroom !<\/a><\/p>\n","protected":false},"excerpt":{"rendered":"<p>Cette vitrine contient une belle carapace de tortue sur un socle.<\/p>\n<p>Peut \u00eatre utilis\u00e9 comme pi\u00e8ce ma\u00eetresse et parfait comme accessoire d&rsquo;ameublement exclusif pour les int\u00e9rieurs.<\/p>\n","protected":false},"featured_media":21192,"comment_status":"open","ping_status":"closed","template":"","meta":[],"product_brand":[],"product_cat":[630,638],"product_tag":[717,682,718,691,719],"class_list":{"0":"post-21935","1":"product","2":"type-product","3":"status-publish","4":"has-post-thumbnail","6":"product_cat-cloche-en-verre","7":"product_cat-decorations","8":"product_tag-cloche","9":"product_tag-decoration","10":"product_tag-tortue","11":"product_tag-verre","12":"product_tag-vitrine","14":"first","15":"instock","16":"taxable","17":"shipping-taxable","18":"purchasable","19":"product-type-simple"},"_links":{"self":[{"href":"https:\/\/dreamonwedding.it\/fr\/wp-json\/wp\/v2\/product\/21935","targetHints":{"allow":["GET"]}}],"collection":[{"href":"https:\/\/dreamonwedding.it\/fr\/wp-json\/wp\/v2\/product"}],"about":[{"href":"https:\/\/dreamonwedding.it\/fr\/wp-json\/wp\/v2\/types\/product"}],"replies":[{"embeddable":true,"href":"https:\/\/dreamonwedding.it\/fr\/wp-json\/wp\/v2\/comments?post=21935"}],"wp:featuredmedia":[{"embeddable":true,"href":"https:\/\/dreamonwedding.it\/fr\/wp-json\/wp\/v2\/media\/21192"}],"wp:attachment":[{"href":"https:\/\/dreamonwedding.it\/fr\/wp-json\/wp\/v2\/media?parent=21935"}],"wp:term":[{"taxonomy":"product_brand","embeddable":true,"href":"https:\/\/dreamonwedding.it\/fr\/wp-json\/wp\/v2\/product_brand?post=21935"},{"taxonomy":"product_cat","embeddable":true,"href":"https:\/\/dreamonwedding.it\/fr\/wp-json\/wp\/v2\/product_cat?post=21935"},{"taxonomy":"product_tag","embeddable":true,"href":"https:\/\/dreamonwedding.it\/fr\/wp-json\/wp\/v2\/product_tag?post=21935"}],"curies":[{"name":"wp","href":"https:\/\/api.w.org\/{rel}","templated":true}]}}