{"id":21936,"date":"2023-03-15T12:59:49","date_gmt":"2023-03-15T11:59:49","guid":{"rendered":"https:\/\/dreamonwedding.it\/product\/cloche-en-verre-ex-voto-en-metal-2-tailles\/"},"modified":"2023-03-15T12:59:49","modified_gmt":"2023-03-15T11:59:49","slug":"cloche-en-verre-ex-voto-en-metal-2-tailles","status":"publish","type":"product","link":"https:\/\/dreamonwedding.it\/fr\/produit\/cloche-en-verre-ex-voto-en-metal-2-tailles\/","title":{"rendered":"Cloche en verre &#8211; Ex voto en m\u00e9tal &#8211; 2 Tailles"},"content":{"rendered":"<h5>Cloche en verre avec ex-voto en m\u00e9tal<\/h5>\n<p>Cloche en verre d&rsquo;aspect classique avec des c\u0153urs sacr\u00e9s votifs en m\u00e9tal vieilli mont\u00e9s sur une base en bois.<\/p>\n<p>Sa particularit\u00e9 est sa forme ovale qui le rend parfait pour d\u00e9corer votre table.<\/p>\n<p>&nbsp;<\/p>\n<p>Nous garantissons la livraison express par courrier DHL (2-3 jours ouvrables).<\/p>\n<p>Si vous \u00eates un professionnel ou si vous avez besoin de ce produit en plus grande quantit\u00e9 que le stock affich\u00e9 sur le site <a href=\"https:\/\/dreamonwedding.it\/exclusive-italy-wedding-planner\/\">contactez-nous<\/ a> pour obtenir un devis personnalis\u00e9.<\/p>\n<p>Suivez-nous sur <a href=\"https:\/\/www.instagram.com\/dreamon_emporio\/\" target=\"_blank\" rel=\"noopener\"> Instagram<\/a> pour vous inspirer ou rendez-nous visite sur notre <a href=\"https:\/\/g.page\/ dream-on-emporio?we\" target=\"_blank\" rel=\"noopener\">Showroom !<\/a><\/p>\n","protected":false},"excerpt":{"rendered":"<p>Cloche en verre d&rsquo;aspect classique avec des c\u0153urs sacr\u00e9s votifs en m\u00e9tal vieilli mont\u00e9s sur une base en bois.<\/p>\n<p>Sa particularit\u00e9 est sa forme ovale qui le rend parfait pour d\u00e9corer votre table.<\/p>\n","protected":false},"featured_media":21186,"comment_status":"open","ping_status":"closed","template":"","meta":[],"product_brand":[],"product_cat":[630,638],"product_tag":[717,682,699,691],"class_list":{"0":"post-21936","1":"product","2":"type-product","3":"status-publish","4":"has-post-thumbnail","6":"product_cat-cloche-en-verre","7":"product_cat-decorations","8":"product_tag-cloche","9":"product_tag-decoration","10":"product_tag-metal","11":"product_tag-verre","13":"first","14":"instock","15":"taxable","16":"shipping-taxable","17":"purchasable","18":"product-type-variable"},"_links":{"self":[{"href":"https:\/\/dreamonwedding.it\/fr\/wp-json\/wp\/v2\/product\/21936","targetHints":{"allow":["GET"]}}],"collection":[{"href":"https:\/\/dreamonwedding.it\/fr\/wp-json\/wp\/v2\/product"}],"about":[{"href":"https:\/\/dreamonwedding.it\/fr\/wp-json\/wp\/v2\/types\/product"}],"replies":[{"embeddable":true,"href":"https:\/\/dreamonwedding.it\/fr\/wp-json\/wp\/v2\/comments?post=21936"}],"wp:featuredmedia":[{"embeddable":true,"href":"https:\/\/dreamonwedding.it\/fr\/wp-json\/wp\/v2\/media\/21186"}],"wp:attachment":[{"href":"https:\/\/dreamonwedding.it\/fr\/wp-json\/wp\/v2\/media?parent=21936"}],"wp:term":[{"taxonomy":"product_brand","embeddable":true,"href":"https:\/\/dreamonwedding.it\/fr\/wp-json\/wp\/v2\/product_brand?post=21936"},{"taxonomy":"product_cat","embeddable":true,"href":"https:\/\/dreamonwedding.it\/fr\/wp-json\/wp\/v2\/product_cat?post=21936"},{"taxonomy":"product_tag","embeddable":true,"href":"https:\/\/dreamonwedding.it\/fr\/wp-json\/wp\/v2\/product_tag?post=21936"}],"curies":[{"name":"wp","href":"https:\/\/api.w.org\/{rel}","templated":true}]}}