{"id":21939,"date":"2023-03-15T12:57:33","date_gmt":"2023-03-15T11:57:33","guid":{"rendered":"https:\/\/dreamonwedding.it\/product\/vase-en-cristal-cisele\/"},"modified":"2023-03-15T12:57:33","modified_gmt":"2023-03-15T11:57:33","slug":"vase-en-cristal-cisele","status":"publish","type":"product","link":"https:\/\/dreamonwedding.it\/fr\/produit\/vase-en-cristal-cisele\/","title":{"rendered":"Vase en cristal cisel\u00e9"},"content":{"rendered":"<h5>Vase en cristal cisel\u00e9.<\/h5>\n<p>Vase en cristal finement cisel\u00e9, utilisable comme centre de table et d\u00e9coration pour les mariages et \u00e9v\u00e9nements en g\u00e9n\u00e9ral ou comme accessoire d&rsquo;ameublement pour les int\u00e9rieurs.<\/p>\n<p>Id\u00e9al pour les drag\u00e9es ou comme r\u00e9cipient pour les petites pi\u00e8ces et les faveurs.<\/p>\n<p>&nbsp;<\/p>\n<p>&nbsp;<\/p>\n<p>Nous garantissons la livraison express par courrier DHL (2-3 jours ouvrables).<\/p>\n<p>Si vous \u00eates un professionnel ou si vous avez besoin de ce produit en plus grande quantit\u00e9 que le stock affich\u00e9 sur le site <a href=\"https:\/\/dreamonwedding.it\/exclusive-italy-wedding-planner\/\">contactez-nous<\/ a> pour obtenir un devis personnalis\u00e9.<\/p>\n<p>Suivez-nous sur <a href=\"https:\/\/www.instagram.com\/dreamon_emporio\/\" target=\"_blank\" rel=\"noopener\"> Instagram<\/a> pour vous inspirer ou rendez-nous visite sur notre <a href=\"https:\/\/g.page\/ dream-on-emporio?we\" target=\"_blank\" rel=\"noopener\">Showroom !<\/a><\/p>\n","protected":false},"excerpt":{"rendered":"<p>Vase en cristal cisel\u00e9, utilisable comme centre de table et d\u00e9coration pour les mariages et \u00e9v\u00e9nements en g\u00e9n\u00e9ral ou comme accessoire d&rsquo;ameublement pour les int\u00e9rieurs.<\/p>\n<p>Id\u00e9al pour les drag\u00e9es ou comme r\u00e9cipient pour les petites pi\u00e8ces et les faveurs.<\/p>\n","protected":false},"featured_media":21156,"comment_status":"open","ping_status":"closed","template":"","meta":[],"product_brand":[],"product_cat":[633],"product_tag":[722,720,723,721,668],"class_list":{"0":"post-21939","1":"product","2":"type-product","3":"status-publish","4":"has-post-thumbnail","6":"product_cat-conteneurs","7":"product_tag-cisele","8":"product_tag-cristal","9":"product_tag-dragees","10":"product_tag-urne","11":"product_tag-vase","13":"first","14":"instock","15":"taxable","16":"shipping-taxable","17":"purchasable","18":"product-type-simple"},"_links":{"self":[{"href":"https:\/\/dreamonwedding.it\/fr\/wp-json\/wp\/v2\/product\/21939","targetHints":{"allow":["GET"]}}],"collection":[{"href":"https:\/\/dreamonwedding.it\/fr\/wp-json\/wp\/v2\/product"}],"about":[{"href":"https:\/\/dreamonwedding.it\/fr\/wp-json\/wp\/v2\/types\/product"}],"replies":[{"embeddable":true,"href":"https:\/\/dreamonwedding.it\/fr\/wp-json\/wp\/v2\/comments?post=21939"}],"wp:featuredmedia":[{"embeddable":true,"href":"https:\/\/dreamonwedding.it\/fr\/wp-json\/wp\/v2\/media\/21156"}],"wp:attachment":[{"href":"https:\/\/dreamonwedding.it\/fr\/wp-json\/wp\/v2\/media?parent=21939"}],"wp:term":[{"taxonomy":"product_brand","embeddable":true,"href":"https:\/\/dreamonwedding.it\/fr\/wp-json\/wp\/v2\/product_brand?post=21939"},{"taxonomy":"product_cat","embeddable":true,"href":"https:\/\/dreamonwedding.it\/fr\/wp-json\/wp\/v2\/product_cat?post=21939"},{"taxonomy":"product_tag","embeddable":true,"href":"https:\/\/dreamonwedding.it\/fr\/wp-json\/wp\/v2\/product_tag?post=21939"}],"curies":[{"name":"wp","href":"https:\/\/api.w.org\/{rel}","templated":true}]}}