{"id":21940,"date":"2023-03-15T11:52:34","date_gmt":"2023-03-15T10:52:34","guid":{"rendered":"https:\/\/dreamonwedding.it\/product\/bougeoir-en-metal-decor-floral-blanc-vert-h24-cm\/"},"modified":"2024-10-23T02:50:23","modified_gmt":"2024-10-23T00:50:23","slug":"bougeoir-en-metal-decor-floral-blanc-vert-h24-cm","status":"publish","type":"product","link":"https:\/\/dreamonwedding.it\/fr\/produit\/bougeoir-en-metal-decor-floral-blanc-vert-h24-cm\/","title":{"rendered":"Bougeoir en m\u00e9tal d\u00e9cor floral &#8211; Blanc vert &#8211; h24 cm"},"content":{"rendered":"<h5>Bougeoir en m\u00e9tal \u00e0 d\u00e9cor floral, couleur blanc-vert.<\/h5>\n<p>Pr\u00e9cieux bougeoir \u00e0 1 br\u00fbleur, avec d\u00e9coration florale et finition effet antique.<\/p>\n<p>Parfait comme d\u00e9coration pour les tables de f\u00eate raffin\u00e9es et comme accessoire d&rsquo;ameublement pour les int\u00e9rieurs.<\/p>\n<p>D\u00e9coration soign\u00e9e dans les moindres d\u00e9tails, indispensable dans les ensembles th\u00e9matiques.<\/p>\n<p>&nbsp;<\/p>\n<p>Nous garantissons la livraison express par courrier DHL (2-3 jours ouvrables).<\/p>\n<p>Si vous \u00eates un professionnel ou si vous avez besoin de ce produit en plus grande quantit\u00e9 que le stock affich\u00e9 sur le site <a href=\"https:\/\/dreamonwedding.it\/exclusive-italy-wedding-planner\/\">contactez-nous<\/ a> pour obtenir un devis personnalis\u00e9.<\/p>\n<p>Suivez-nous sur <a href=\"https:\/\/www.instagram.com\/dreamon_emporio\/\" target=\"_blank\" rel=\"noopener\"> Instagram<\/a> pour vous inspirer ou rendez-nous visite sur notre <a href=\"https:\/\/g.page\/ dream-on-emporio?we\" target=\"_blank\" rel=\"noopener\">Showroom !<\/a><\/p>\n","protected":false},"excerpt":{"rendered":"<p>Bougeoir en m\u00e9tal pr\u00e9cieux \u00e0 1 br\u00fbleur, avec d\u00e9coration florale et finition effet antique.<\/p>\n<p>Parfait comme d\u00e9coration pour les tables de f\u00eate raffin\u00e9es et comme accessoire d&rsquo;ameublement pour les int\u00e9rieurs.<\/p>\n","protected":false},"featured_media":21183,"comment_status":"open","ping_status":"closed","template":"","meta":[],"product_brand":[],"product_cat":[655,631,639,632],"product_tag":[683,709,708,711,710,671],"class_list":{"0":"post-21940","1":"product","2":"type-product","3":"status-publish","4":"has-post-thumbnail","6":"product_cat-bougeoir","7":"product_cat-bougies","8":"product_cat-fleurs","9":"product_cat-lustres","10":"product_tag-blanc","11":"product_tag-bougies","12":"product_tag-chandelier","13":"product_tag-decorum","14":"product_tag-floral","15":"product_tag-vert","17":"first","18":"instock","19":"taxable","20":"shipping-taxable","21":"purchasable","22":"product-type-simple"},"_links":{"self":[{"href":"https:\/\/dreamonwedding.it\/fr\/wp-json\/wp\/v2\/product\/21940","targetHints":{"allow":["GET"]}}],"collection":[{"href":"https:\/\/dreamonwedding.it\/fr\/wp-json\/wp\/v2\/product"}],"about":[{"href":"https:\/\/dreamonwedding.it\/fr\/wp-json\/wp\/v2\/types\/product"}],"replies":[{"embeddable":true,"href":"https:\/\/dreamonwedding.it\/fr\/wp-json\/wp\/v2\/comments?post=21940"}],"wp:featuredmedia":[{"embeddable":true,"href":"https:\/\/dreamonwedding.it\/fr\/wp-json\/wp\/v2\/media\/21183"}],"wp:attachment":[{"href":"https:\/\/dreamonwedding.it\/fr\/wp-json\/wp\/v2\/media?parent=21940"}],"wp:term":[{"taxonomy":"product_brand","embeddable":true,"href":"https:\/\/dreamonwedding.it\/fr\/wp-json\/wp\/v2\/product_brand?post=21940"},{"taxonomy":"product_cat","embeddable":true,"href":"https:\/\/dreamonwedding.it\/fr\/wp-json\/wp\/v2\/product_cat?post=21940"},{"taxonomy":"product_tag","embeddable":true,"href":"https:\/\/dreamonwedding.it\/fr\/wp-json\/wp\/v2\/product_tag?post=21940"}],"curies":[{"name":"wp","href":"https:\/\/api.w.org\/{rel}","templated":true}]}}