{"id":21945,"date":"2023-03-15T10:03:32","date_gmt":"2023-03-15T09:03:32","guid":{"rendered":"https:\/\/dreamonwedding.it\/product\/bougeoir-metal-fleur-dhortensia-blanc-rose-h60-cm\/"},"modified":"2025-05-30T21:28:58","modified_gmt":"2025-05-30T19:28:58","slug":"bougeoir-metal-fleur-dhortensia-blanc-rose-h60-cm","status":"publish","type":"product","link":"https:\/\/dreamonwedding.it\/fr\/produit\/bougeoir-metal-fleur-dhortensia-blanc-rose-h60-cm\/","title":{"rendered":"Bougeoir m\u00e9tal fleur d&rsquo;hortensia &#8211; Blanc rose &#8211; h60 cm"},"content":{"rendered":"<h5>Bougeoir en m\u00e9tal fleur d&rsquo;hortensia, couleur blanc-rose.<\/h5>\n<p>Pr\u00e9cieux bougeoir \u00e0 1 br\u00fbleur, avec d\u00e9coration florale et finition effet antique.<\/p>\n<p>Parfait comme d\u00e9coration pour les tables de f\u00eate raffin\u00e9es et comme accessoire d&rsquo;ameublement pour les int\u00e9rieurs.<\/p>\n<p>D\u00e9coration finement travaill\u00e9e qui suit l&rsquo;essence de l&rsquo;hortensia avec un r\u00e9alisme marqu\u00e9.<\/p>\n<p>&nbsp;<\/p>\n<p>Nous garantissons la livraison express par courrier DHL (2-3 jours ouvrables).<\/p>\n<p>Si vous \u00eates un professionnel ou si vous avez besoin de ce produit en plus grande quantit\u00e9 que le stock affich\u00e9 sur le site <a href=\"https:\/\/dreamonwedding.it\/exclusive-italy-wedding-planner\/\">contactez-nous<\/ a> pour obtenir un devis personnalis\u00e9.<\/p>\n<p>Suivez-nous sur <a href=\"https:\/\/www.instagram.com\/dreamon_emporio\/\" target=\"_blank\" rel=\"noopener\"> Instagram<\/a> pour vous inspirer ou rendez-nous visite sur notre <a href=\"https:\/\/g.page\/ dream-on-emporio?we\" target=\"_blank\" rel=\"noopener\">Showroom !<\/a><\/p>\n","protected":false},"excerpt":{"rendered":"<p>Bougeoir en m\u00e9tal pr\u00e9cieux \u00e0 1 br\u00fbleur, avec d\u00e9coration florale et finition effet antique.<\/p>\n<p>Parfait comme d\u00e9coration pour les tables de f\u00eate raffin\u00e9es et comme accessoire d&rsquo;ameublement pour les int\u00e9rieurs.<\/p>\n","protected":false},"featured_media":21171,"comment_status":"open","ping_status":"closed","template":"","meta":[],"product_brand":[],"product_cat":[655,631,639,632],"product_tag":[683,709,708,710,724,693],"class_list":{"0":"post-21945","1":"product","2":"type-product","3":"status-publish","4":"has-post-thumbnail","6":"product_cat-bougeoir","7":"product_cat-bougies","8":"product_cat-fleurs","9":"product_cat-lustres","10":"product_tag-blanc","11":"product_tag-bougies","12":"product_tag-chandelier","13":"product_tag-floral","14":"product_tag-hortensia","15":"product_tag-rose","17":"first","18":"instock","19":"taxable","20":"shipping-taxable","21":"purchasable","22":"product-type-simple"},"_links":{"self":[{"href":"https:\/\/dreamonwedding.it\/fr\/wp-json\/wp\/v2\/product\/21945","targetHints":{"allow":["GET"]}}],"collection":[{"href":"https:\/\/dreamonwedding.it\/fr\/wp-json\/wp\/v2\/product"}],"about":[{"href":"https:\/\/dreamonwedding.it\/fr\/wp-json\/wp\/v2\/types\/product"}],"replies":[{"embeddable":true,"href":"https:\/\/dreamonwedding.it\/fr\/wp-json\/wp\/v2\/comments?post=21945"}],"wp:featuredmedia":[{"embeddable":true,"href":"https:\/\/dreamonwedding.it\/fr\/wp-json\/wp\/v2\/media\/21171"}],"wp:attachment":[{"href":"https:\/\/dreamonwedding.it\/fr\/wp-json\/wp\/v2\/media?parent=21945"}],"wp:term":[{"taxonomy":"product_brand","embeddable":true,"href":"https:\/\/dreamonwedding.it\/fr\/wp-json\/wp\/v2\/product_brand?post=21945"},{"taxonomy":"product_cat","embeddable":true,"href":"https:\/\/dreamonwedding.it\/fr\/wp-json\/wp\/v2\/product_cat?post=21945"},{"taxonomy":"product_tag","embeddable":true,"href":"https:\/\/dreamonwedding.it\/fr\/wp-json\/wp\/v2\/product_tag?post=21945"}],"curies":[{"name":"wp","href":"https:\/\/api.w.org\/{rel}","templated":true}]}}