{"id":21946,"date":"2023-03-15T09:22:27","date_gmt":"2023-03-15T08:22:27","guid":{"rendered":"https:\/\/dreamonwedding.it\/product\/presentoir-a-bijoux-en-metal-noir-mat-h-84-cm\/"},"modified":"2023-03-15T09:22:27","modified_gmt":"2023-03-15T08:22:27","slug":"presentoir-a-bijoux-en-metal-noir-mat-h-84-cm","status":"publish","type":"product","link":"https:\/\/dreamonwedding.it\/fr\/produit\/presentoir-a-bijoux-en-metal-noir-mat-h-84-cm\/","title":{"rendered":"Pr\u00e9sentoir \u00e0 bijoux en m\u00e9tal &#8211; Noir mat &#8211; h 84 cm"},"content":{"rendered":"<h5>Arbre de pr\u00e9sentation de bijoux en m\u00e9tal, couleur noir mat.<\/h5>\n<p>\u00c9l\u00e9gant pr\u00e9sentoir noir mat, id\u00e9al pour les colliers et les bracelets.<\/p>\n<p>Cette splendide bo\u00eete \u00e0 bijoux est parfaite pour ranger des bijoux dans le sens de la longueur, efficace pour les d\u00e9cors photographiques d&rsquo;\u00e9v\u00e9nements, de mariages, mais aussi comme accessoire d&rsquo;ameublement d&rsquo;int\u00e9rieur.<\/p>\n<p>Le support est compos\u00e9 d&rsquo;une base en m\u00e9tal de 20x20cm, d&rsquo;une tige centrale de 84cm et de tiges horizontales de diff\u00e9rentes tailles, jusqu&rsquo;\u00e0 un diam\u00e8tre de 53cm.<\/p>\n<p>&nbsp;<\/p>\n<p>Nous garantissons la livraison express par courrier DHL (2-3 jours ouvrables).<\/p>\n<p>Si vous \u00eates un professionnel ou si vous avez besoin de ce produit en plus grande quantit\u00e9 que le stock affich\u00e9 sur le site <a href=\"https:\/\/dreamonwedding.it\/exclusive-italy-wedding-planner\/\">contactez-nous<\/ a> pour obtenir un devis personnalis\u00e9.<\/p>\n<p>Suivez-nous sur <a href=\"https:\/\/www.instagram.com\/dreamon_emporio\/\" target=\"_blank\" rel=\"noopener\"> Instagram<\/a> pour vous inspirer ou rendez-nous visite sur notre <a href=\"https:\/\/g.page\/ dream-on-emporio?we\" target=\"_blank\" rel=\"noopener\">Showroom !<\/a><\/p>\n","protected":false},"excerpt":{"rendered":"<p>\u00c9l\u00e9gant arbre de pr\u00e9sentation noir mat, id\u00e9al pour les colliers et les bracelets.<\/p>\n<p>Cette splendide bo\u00eete \u00e0 bijoux en m\u00e9tal est parfaite pour ranger des bijoux dans le sens de la longueur, efficace pour les d\u00e9cors photographiques d&rsquo;\u00e9v\u00e9nements, de mariages, mais aussi comme accessoire d&rsquo;ameublement d&rsquo;int\u00e9rieur.<\/p>\n","protected":false},"featured_media":21168,"comment_status":"open","ping_status":"closed","template":"","meta":[],"product_brand":[],"product_cat":[651,638],"product_tag":[792,699],"class_list":{"0":"post-21946","1":"product","2":"type-product","3":"status-publish","4":"has-post-thumbnail","6":"product_cat-bijoux","7":"product_cat-decorations","8":"product_tag-boite-a-bijoux","9":"product_tag-metal","11":"first","12":"instock","13":"taxable","14":"shipping-taxable","15":"purchasable","16":"product-type-simple"},"_links":{"self":[{"href":"https:\/\/dreamonwedding.it\/fr\/wp-json\/wp\/v2\/product\/21946","targetHints":{"allow":["GET"]}}],"collection":[{"href":"https:\/\/dreamonwedding.it\/fr\/wp-json\/wp\/v2\/product"}],"about":[{"href":"https:\/\/dreamonwedding.it\/fr\/wp-json\/wp\/v2\/types\/product"}],"replies":[{"embeddable":true,"href":"https:\/\/dreamonwedding.it\/fr\/wp-json\/wp\/v2\/comments?post=21946"}],"wp:featuredmedia":[{"embeddable":true,"href":"https:\/\/dreamonwedding.it\/fr\/wp-json\/wp\/v2\/media\/21168"}],"wp:attachment":[{"href":"https:\/\/dreamonwedding.it\/fr\/wp-json\/wp\/v2\/media?parent=21946"}],"wp:term":[{"taxonomy":"product_brand","embeddable":true,"href":"https:\/\/dreamonwedding.it\/fr\/wp-json\/wp\/v2\/product_brand?post=21946"},{"taxonomy":"product_cat","embeddable":true,"href":"https:\/\/dreamonwedding.it\/fr\/wp-json\/wp\/v2\/product_cat?post=21946"},{"taxonomy":"product_tag","embeddable":true,"href":"https:\/\/dreamonwedding.it\/fr\/wp-json\/wp\/v2\/product_tag?post=21946"}],"curies":[{"name":"wp","href":"https:\/\/api.w.org\/{rel}","templated":true}]}}