{"id":21947,"date":"2023-03-08T11:21:58","date_gmt":"2023-03-08T10:21:58","guid":{"rendered":"https:\/\/dreamonwedding.it\/product\/centre-de-table-en-ceramique-anthracite-antique\/"},"modified":"2023-03-08T11:21:58","modified_gmt":"2023-03-08T10:21:58","slug":"centre-de-table-en-ceramique-anthracite-antique","status":"publish","type":"product","link":"https:\/\/dreamonwedding.it\/fr\/produit\/centre-de-table-en-ceramique-anthracite-antique\/","title":{"rendered":"Centre de table en c\u00e9ramique &#8211; Anthracite antique"},"content":{"rendered":"<h5>Centre de table en c\u00e9ramique de couleur anthracite antique.<\/h5>\n<p>Magnifique centre de table parfait pour de nombreux types de mobilier, de plus la taille moyenne est id\u00e9ale pour cr\u00e9er de splendides centres de table pour vos \u00e9v\u00e9nements.<\/p>\n<p>Id\u00e9al comme d\u00e9coration pour les mariages ou comme meuble en g\u00e9n\u00e9ral.<\/p>\n<p>&nbsp;<\/p>\n<p>Nous garantissons la livraison express par courrier DHL (2-3 jours ouvrables).<\/p>\n<p>Si vous \u00eates un professionnel ou si vous avez besoin de ce produit en plus grande quantit\u00e9 que le stock affich\u00e9 sur le site <a href=\"https:\/\/dreamonwedding.it\/exclusive-italy-wedding-planner\/\">contactez-nous<\/ a> pour obtenir un devis personnalis\u00e9.<\/p>\n<p>Suivez-nous sur <a href=\"https:\/\/www.instagram.com\/dreamon_emporio\/\" target=\"_blank\" rel=\"noopener\"> Instagram<\/a> pour vous inspirer ou rendez-nous visite sur notre <a href=\"https:\/\/g.page\/ dream-on-emporio?we\" target=\"_blank\" rel=\"noopener\">Showroom !<\/a><\/p>\n","protected":false},"excerpt":{"rendered":"<p>Centre de table en c\u00e9ramique de couleur anthracite \u00e0 effet vieilli.<\/p>\n<p>Magnifique centre de table parfait pour de nombreux types de mobilier, de plus la taille moyenne est id\u00e9ale pour cr\u00e9er de splendides centres de table pour vos \u00e9v\u00e9nements.<\/p>\n<p>Id\u00e9al comme d\u00e9coration pour les mariages et comme meuble.<\/p>\n<p>&nbsp;<\/p>\n","protected":false},"featured_media":21165,"comment_status":"open","ping_status":"closed","template":"","meta":[],"product_brand":[],"product_cat":[633,638,658],"product_tag":[680,681,670,725],"class_list":{"0":"post-21947","1":"product","2":"type-product","3":"status-publish","4":"has-post-thumbnail","6":"product_cat-conteneurs","7":"product_cat-decorations","8":"product_cat-plateaux","9":"product_tag-anthracite","10":"product_tag-antico-fr","11":"product_tag-ceramique","12":"product_tag-piece-maitresse","14":"first","15":"instock","16":"taxable","17":"shipping-taxable","18":"purchasable","19":"product-type-simple"},"_links":{"self":[{"href":"https:\/\/dreamonwedding.it\/fr\/wp-json\/wp\/v2\/product\/21947","targetHints":{"allow":["GET"]}}],"collection":[{"href":"https:\/\/dreamonwedding.it\/fr\/wp-json\/wp\/v2\/product"}],"about":[{"href":"https:\/\/dreamonwedding.it\/fr\/wp-json\/wp\/v2\/types\/product"}],"replies":[{"embeddable":true,"href":"https:\/\/dreamonwedding.it\/fr\/wp-json\/wp\/v2\/comments?post=21947"}],"wp:featuredmedia":[{"embeddable":true,"href":"https:\/\/dreamonwedding.it\/fr\/wp-json\/wp\/v2\/media\/21165"}],"wp:attachment":[{"href":"https:\/\/dreamonwedding.it\/fr\/wp-json\/wp\/v2\/media?parent=21947"}],"wp:term":[{"taxonomy":"product_brand","embeddable":true,"href":"https:\/\/dreamonwedding.it\/fr\/wp-json\/wp\/v2\/product_brand?post=21947"},{"taxonomy":"product_cat","embeddable":true,"href":"https:\/\/dreamonwedding.it\/fr\/wp-json\/wp\/v2\/product_cat?post=21947"},{"taxonomy":"product_tag","embeddable":true,"href":"https:\/\/dreamonwedding.it\/fr\/wp-json\/wp\/v2\/product_tag?post=21947"}],"curies":[{"name":"wp","href":"https:\/\/api.w.org\/{rel}","templated":true}]}}