{"id":21948,"date":"2023-03-08T10:50:02","date_gmt":"2023-03-08T09:50:02","guid":{"rendered":"https:\/\/dreamonwedding.it\/product\/coupe-en-cristal-cisele-decor-taille-diamant\/"},"modified":"2023-03-08T10:50:02","modified_gmt":"2023-03-08T09:50:02","slug":"coupe-en-cristal-cisele-decor-taille-diamant","status":"publish","type":"product","link":"https:\/\/dreamonwedding.it\/fr\/produit\/coupe-en-cristal-cisele-decor-taille-diamant\/","title":{"rendered":"Coupe en cristal cisel\u00e9 &#8211; D\u00e9cor taille diamant"},"content":{"rendered":"","protected":false},"excerpt":{"rendered":"<h5>Coupe en cristal cisel\u00e9 avec d\u00e9coration taill\u00e9e en diamant.<\/h5>\n<p>Coupe en cristal finement cisel\u00e9, d\u00e9coration taill\u00e9e au diamant, utilisable comme centre de table, d\u00e9coration pour mariages et \u00e9v\u00e9nements en g\u00e9n\u00e9ral ou comme accessoire d&rsquo;ameublement pour int\u00e9rieurs.<\/p>\n<p>Id\u00e9al pour les drag\u00e9es ou comme r\u00e9cipient pour les petites pi\u00e8ces et les faveurs.<\/p>\n<p>&nbsp;<\/p>\n<p>&nbsp;<\/p>\n<p>Nous garantissons la livraison express par courrier DHL (2-3 jours ouvrables).<\/p>\n<p>Si vous \u00eates un professionnel ou si vous avez besoin de ce produit en plus grande quantit\u00e9 que le stock affich\u00e9 sur le site <a href=\"https:\/\/dreamonwedding.it\/exclusive-italy-wedding-planner\/\">contactez-nous<\/ a> pour obtenir un devis personnalis\u00e9.<\/p>\n<p>Suivez-nous sur <a href=\"https:\/\/www.instagram.com\/dreamon_emporio\/\"> Instagram<\/a> pour vous inspirer ou rendez-nous visite sur notre <a href=\"https:\/\/g.page\/ dream-on-emporio?we\" target=\"_blank\" rel=\"noopener\">Showroom !<\/a><\/p>\n","protected":false},"featured_media":21159,"comment_status":"open","ping_status":"closed","template":"","meta":[],"product_brand":[],"product_cat":[633,634,657],"product_tag":[722,726,720,723,721,668],"class_list":{"0":"post-21948","1":"product","2":"type-product","3":"status-publish","4":"has-post-thumbnail","6":"product_cat-conteneurs","7":"product_cat-tasse","8":"product_cat-vases","9":"product_tag-cisele","10":"product_tag-coupe","11":"product_tag-cristal","12":"product_tag-dragees","13":"product_tag-urne","14":"product_tag-vase","16":"first","17":"instock","18":"taxable","19":"shipping-taxable","20":"purchasable","21":"product-type-simple"},"_links":{"self":[{"href":"https:\/\/dreamonwedding.it\/fr\/wp-json\/wp\/v2\/product\/21948","targetHints":{"allow":["GET"]}}],"collection":[{"href":"https:\/\/dreamonwedding.it\/fr\/wp-json\/wp\/v2\/product"}],"about":[{"href":"https:\/\/dreamonwedding.it\/fr\/wp-json\/wp\/v2\/types\/product"}],"replies":[{"embeddable":true,"href":"https:\/\/dreamonwedding.it\/fr\/wp-json\/wp\/v2\/comments?post=21948"}],"wp:featuredmedia":[{"embeddable":true,"href":"https:\/\/dreamonwedding.it\/fr\/wp-json\/wp\/v2\/media\/21159"}],"wp:attachment":[{"href":"https:\/\/dreamonwedding.it\/fr\/wp-json\/wp\/v2\/media?parent=21948"}],"wp:term":[{"taxonomy":"product_brand","embeddable":true,"href":"https:\/\/dreamonwedding.it\/fr\/wp-json\/wp\/v2\/product_brand?post=21948"},{"taxonomy":"product_cat","embeddable":true,"href":"https:\/\/dreamonwedding.it\/fr\/wp-json\/wp\/v2\/product_cat?post=21948"},{"taxonomy":"product_tag","embeddable":true,"href":"https:\/\/dreamonwedding.it\/fr\/wp-json\/wp\/v2\/product_tag?post=21948"}],"curies":[{"name":"wp","href":"https:\/\/api.w.org\/{rel}","templated":true}]}}