{"id":21950,"date":"2023-03-08T09:33:38","date_gmt":"2023-03-08T08:33:38","guid":{"rendered":"https:\/\/dreamonwedding.it\/product\/bougeoir-en-tole-a-fleurs-bouton-dor-effet-or-antique\/"},"modified":"2023-03-08T09:33:38","modified_gmt":"2023-03-08T08:33:38","slug":"bougeoir-en-tole-a-fleurs-bouton-dor-effet-or-antique","status":"publish","type":"product","link":"https:\/\/dreamonwedding.it\/fr\/produit\/bougeoir-en-tole-a-fleurs-bouton-dor-effet-or-antique\/","title":{"rendered":"Bougeoir en t\u00f4le \u00e0 fleurs bouton d&rsquo;or &#8211; Effet or antique"},"content":{"rendered":"<h5>Portacandele fiore Ranuncolo in lamiera, con effetto Oro Antico.<\/h5>\n<p>Pregiato candeliere a un fuoco, con stelo a decoro floreale e finitura d&rsquo;orata con effetto anticato.<\/p>\n<p>Perfetto come decorazione di raffinate tavole delle feste, di eventi in generale, o come complemento di arredo per interni.<\/p>\n<p>&nbsp;<\/p>\n<p>Garantiamo la consegna Espressa tramite corriere DHL (2-3 gg lavorativi).<\/p>\n<p>Se sei un professionista o hai bisogno di questo prodotto in maggiori quantit\u00e0 rispetto alla giacenza riportata nel sito <a href=\"https:\/\/dreamonwedding.it\/exclusive-italy-wedding-planner\/\">contattaci<\/a> per avere un preventivo personalizzato.<\/p>\n<p>Seguici su<a href=\"https:\/\/www.instagram.com\/dreamon_emporio\/\" target=\"_blank\" rel=\"noopener\"> Instagram<\/a> per ispirazioni o vieni a trovarci al nostro <a href=\"https:\/\/g.page\/dream-on-emporio?we\" target=\"_blank\" rel=\"noopener\">Showroom!<\/a><\/p>\n","protected":false},"excerpt":{"rendered":"<p>Pr\u00e9cieux bougeoir \u00e0 une flamme avec tige d\u00e9cor\u00e9e de fleurs et finition dor\u00e9e \u00e0 effet vieilli.<\/p>\n<\/p>\n<p>Parfait comme d\u00e9coration de table festive raffin\u00e9e et compl\u00e9ment de d\u00e9coration d&rsquo;int\u00e9rieur.<\/p>\n","protected":false},"featured_media":21153,"comment_status":"open","ping_status":"closed","template":"","meta":[],"product_brand":[],"product_cat":[655,631,639,632],"product_tag":[709,728,708,727,710],"class_list":{"0":"post-21950","1":"product","2":"type-product","3":"status-publish","4":"has-post-thumbnail","6":"product_cat-bougeoir","7":"product_cat-bougies","8":"product_cat-fleurs","9":"product_cat-lustres","10":"product_tag-bougies","11":"product_tag-bouton-dor","12":"product_tag-chandelier","13":"product_tag-dore","14":"product_tag-floral","16":"first","17":"instock","18":"taxable","19":"shipping-taxable","20":"purchasable","21":"product-type-simple"},"_links":{"self":[{"href":"https:\/\/dreamonwedding.it\/fr\/wp-json\/wp\/v2\/product\/21950","targetHints":{"allow":["GET"]}}],"collection":[{"href":"https:\/\/dreamonwedding.it\/fr\/wp-json\/wp\/v2\/product"}],"about":[{"href":"https:\/\/dreamonwedding.it\/fr\/wp-json\/wp\/v2\/types\/product"}],"replies":[{"embeddable":true,"href":"https:\/\/dreamonwedding.it\/fr\/wp-json\/wp\/v2\/comments?post=21950"}],"wp:featuredmedia":[{"embeddable":true,"href":"https:\/\/dreamonwedding.it\/fr\/wp-json\/wp\/v2\/media\/21153"}],"wp:attachment":[{"href":"https:\/\/dreamonwedding.it\/fr\/wp-json\/wp\/v2\/media?parent=21950"}],"wp:term":[{"taxonomy":"product_brand","embeddable":true,"href":"https:\/\/dreamonwedding.it\/fr\/wp-json\/wp\/v2\/product_brand?post=21950"},{"taxonomy":"product_cat","embeddable":true,"href":"https:\/\/dreamonwedding.it\/fr\/wp-json\/wp\/v2\/product_cat?post=21950"},{"taxonomy":"product_tag","embeddable":true,"href":"https:\/\/dreamonwedding.it\/fr\/wp-json\/wp\/v2\/product_tag?post=21950"}],"curies":[{"name":"wp","href":"https:\/\/api.w.org\/{rel}","templated":true}]}}