{"id":21951,"date":"2020-08-19T15:20:16","date_gmt":"2020-08-19T13:20:16","guid":{"rendered":"https:\/\/dreamonwedding.it\/product\/chandelier-bugia-etain\/"},"modified":"2020-08-19T15:20:16","modified_gmt":"2020-08-19T13:20:16","slug":"chandelier-bugia-etain","status":"publish","type":"product","link":"https:\/\/dreamonwedding.it\/fr\/produit\/chandelier-bugia-etain\/","title":{"rendered":"Chandelier Bugia &#8211; Etain"},"content":{"rendered":"<h6>Grazioso candeliere bugia in metallo coloro cenere effetto industriale.<\/h6>\n<p>Realizzato in latta piegata a forma di stella \u00e8 un oggetto molto originale e ideale per la decorazione della tavola durante un evento o come decorazione d&rsquo;interno per la casa.<br \/>\nIl color cenere opaco si abbina fantasticamente con delle caldele dai colori pastello.<\/p>\n<p>Il candeliere bugia in metallo (latta piegata) \u00e8 perfetto per allestimenti in stile rustico, country ed industriale.<\/p>\n<p>&nbsp;<\/p>\n<p>Garantiamo la consegna Espressa tramite corriere DHL (2-3 gg lavorativi).<\/p>\n<p>Se sei un professionista o hai bisogno di questo prodotto in maggiori quantit\u00e0 rispetto alla giacenza riportata nel sito<a href=\"https:\/\/dreamonwedding.it\/exclusive-italy-wedding-planner\/\"> contattaci<\/a> per avere un preventivo personalizzato.<\/p>\n<p>Puoi trovare tutti i nostri prodotti anche nel nostro<a href=\"https:\/\/g.page\/dream-on-emporio?gm\"> Emporio, vieni a trovarci in showroom!<\/a><\/p>\n","protected":false},"excerpt":{"rendered":"<p>Bougeoir bougie simple m\u00e9tal (\u00e9tain pli\u00e9), forme \u00e9toile, couleur gris cendr\u00e9.<\/p>\n","protected":false},"featured_media":19485,"comment_status":"open","ping_status":"closed","template":"","meta":[],"product_brand":[],"product_cat":[632],"product_tag":[708,682,729,730],"class_list":{"0":"post-21951","1":"product","2":"type-product","3":"status-publish","4":"has-post-thumbnail","6":"product_cat-lustres","7":"product_tag-chandelier","8":"product_tag-decoration","9":"product_tag-evenements","10":"product_tag-leclairage","12":"first","13":"instock","14":"taxable","15":"shipping-taxable","16":"purchasable","17":"product-type-simple"},"_links":{"self":[{"href":"https:\/\/dreamonwedding.it\/fr\/wp-json\/wp\/v2\/product\/21951","targetHints":{"allow":["GET"]}}],"collection":[{"href":"https:\/\/dreamonwedding.it\/fr\/wp-json\/wp\/v2\/product"}],"about":[{"href":"https:\/\/dreamonwedding.it\/fr\/wp-json\/wp\/v2\/types\/product"}],"replies":[{"embeddable":true,"href":"https:\/\/dreamonwedding.it\/fr\/wp-json\/wp\/v2\/comments?post=21951"}],"wp:featuredmedia":[{"embeddable":true,"href":"https:\/\/dreamonwedding.it\/fr\/wp-json\/wp\/v2\/media\/19485"}],"wp:attachment":[{"href":"https:\/\/dreamonwedding.it\/fr\/wp-json\/wp\/v2\/media?parent=21951"}],"wp:term":[{"taxonomy":"product_brand","embeddable":true,"href":"https:\/\/dreamonwedding.it\/fr\/wp-json\/wp\/v2\/product_brand?post=21951"},{"taxonomy":"product_cat","embeddable":true,"href":"https:\/\/dreamonwedding.it\/fr\/wp-json\/wp\/v2\/product_cat?post=21951"},{"taxonomy":"product_tag","embeddable":true,"href":"https:\/\/dreamonwedding.it\/fr\/wp-json\/wp\/v2\/product_tag?post=21951"}],"curies":[{"name":"wp","href":"https:\/\/api.w.org\/{rel}","templated":true}]}}