{"id":21955,"date":"2020-08-20T11:02:18","date_gmt":"2020-08-20T09:02:18","guid":{"rendered":"https:\/\/dreamonwedding.it\/product\/lanterne-cylindrique-en-verre-2-tailles\/"},"modified":"2025-06-04T08:14:51","modified_gmt":"2025-06-04T06:14:51","slug":"lanterne-cylindrique-en-verre-2-tailles","status":"publish","type":"product","link":"https:\/\/dreamonwedding.it\/fr\/produit\/lanterne-cylindrique-en-verre-2-tailles\/","title":{"rendered":"Lanterne cylindrique en verre &#8211; 2 tailles"},"content":{"rendered":"<h6>Grazionsa lanterna a cilindro in vetro, con base in metallo, per piccole candele (non incluse).<\/h6>\n<p>Realizzata in vetro a forma di cilindro \u00e8 un oggetto molto originale e ideale per la decorazione della tavola durante un evento o come decorazione d&rsquo;interno per la casa.<\/p>\n<p>La lanterna in vetro \u00e8 perfetta per allestimenti in stile rustico, country ed industriale.<\/p>\n<p>&nbsp;<\/p>\n<p>Garantiamo la consegna Espressa tramite corriere DHL (2-3 gg lavorativi).<\/p>\n<p>Se sei un professionista o hai bisogno di questo prodotto in maggiori quantit\u00e0 rispetto alla giacenza riportata nel sito<a href=\"https:\/\/dreamonwedding.it\/exclusive-italy-wedding-planner\/\"> contattaci<\/a> per avere un preventivo personalizzato.<\/p>\n<p>Puoi trovare tutti i nostri prodotti anche nel nostro<a href=\"https:\/\/g.page\/dream-on-emporio?gm\"> Emporio, vieni a trovarci in showroom!<\/a><\/p>\n<p>Disponibile in diverse altezze.<\/p>\n","protected":false},"excerpt":{"rendered":"\n<p>Lanterne cylindrique en verre avec base en m\u00e9tal pour l&rsquo;\u00e9clairage int\u00e9rieur et ext\u00e9rieur au moyen de petites bougies (non incluses) \u00e0 y enfermer.<\/p>\n<\/p>\n<p>Id\u00e9al pour cr\u00e9er une ambiance dans le jardin, sur les terrasses ou lors d&rsquo;\u00e9v\u00e9nements.<\/p>\n","protected":false},"featured_media":19503,"comment_status":"open","ping_status":"closed","template":"","meta":[],"product_brand":[],"product_cat":[653],"product_tag":[709,730,737,691],"class_list":{"0":"post-21955","1":"product","2":"type-product","3":"status-publish","4":"has-post-thumbnail","6":"product_cat-lanternes","7":"product_tag-bougies","8":"product_tag-leclairage","9":"product_tag-lanterne-fr","10":"product_tag-verre","12":"first","13":"instock","14":"taxable","15":"shipping-taxable","16":"purchasable","17":"product-type-variable"},"_links":{"self":[{"href":"https:\/\/dreamonwedding.it\/fr\/wp-json\/wp\/v2\/product\/21955","targetHints":{"allow":["GET"]}}],"collection":[{"href":"https:\/\/dreamonwedding.it\/fr\/wp-json\/wp\/v2\/product"}],"about":[{"href":"https:\/\/dreamonwedding.it\/fr\/wp-json\/wp\/v2\/types\/product"}],"replies":[{"embeddable":true,"href":"https:\/\/dreamonwedding.it\/fr\/wp-json\/wp\/v2\/comments?post=21955"}],"wp:featuredmedia":[{"embeddable":true,"href":"https:\/\/dreamonwedding.it\/fr\/wp-json\/wp\/v2\/media\/19503"}],"wp:attachment":[{"href":"https:\/\/dreamonwedding.it\/fr\/wp-json\/wp\/v2\/media?parent=21955"}],"wp:term":[{"taxonomy":"product_brand","embeddable":true,"href":"https:\/\/dreamonwedding.it\/fr\/wp-json\/wp\/v2\/product_brand?post=21955"},{"taxonomy":"product_cat","embeddable":true,"href":"https:\/\/dreamonwedding.it\/fr\/wp-json\/wp\/v2\/product_cat?post=21955"},{"taxonomy":"product_tag","embeddable":true,"href":"https:\/\/dreamonwedding.it\/fr\/wp-json\/wp\/v2\/product_tag?post=21955"}],"curies":[{"name":"wp","href":"https:\/\/api.w.org\/{rel}","templated":true}]}}