{"id":21958,"date":"2020-08-20T11:42:36","date_gmt":"2020-08-20T09:42:36","guid":{"rendered":"https:\/\/dreamonwedding.it\/product\/cloche-en-verre-3-tailles\/"},"modified":"2020-08-20T11:42:36","modified_gmt":"2020-08-20T09:42:36","slug":"cloche-en-verre-3-tailles","status":"publish","type":"product","link":"https:\/\/dreamonwedding.it\/fr\/produit\/cloche-en-verre-3-tailles\/","title":{"rendered":"Cloche en verre &#8211; 3 tailles"},"content":{"rendered":"<h6>Elegante campana in vetro di varie dimensioni. La base tonda, anch&rsquo;essa in vetro, le conferisce un aspetto minimalista e contemporaneo.<\/h6>\n<p>Adatta a diversi tipi di allestimento per eventi e matrimoni e all&rsquo;arredamento e il design d&rsquo;interni. La campana in vetro \u00e8 un classico dal fascino intramontabile e costruisce gli oggetti pi\u00f9 preziosi.<\/p>\n<p>&nbsp;<\/p>\n<p>Garantiamo la consegna Espressa tramite corriere DHL (2-3 gg lavorativi).<\/p>\n<p>Se sei un professionista o hai bisogno di questo prodotto in maggiori quantit\u00e0 rispetto alla giacenza riportata nel sito <a href=\"https:\/\/dreamonwedding.it\/exclusive-italy-wedding-planner\/\">contattaci<\/a> per avere un preventivo personalizzato.<\/p>\n<p>Trovi tutti i nostri prodotti al nostro Emporio, vieni a trovarci in su <a href=\"https:\/\/g.page\/dream-on-emporio?we\" target=\"_blank\" rel=\"noopener\">Showroom.<\/a><\/p>\n<p>&nbsp;<\/p>\n","protected":false},"excerpt":{"rendered":"<p>Cloche en verre \u00e9l\u00e9gante et minimaliste. Disponible en diff\u00e9rentes tailles, elle est id\u00e9ale pour contenir des objets pr\u00e9cieux et pour d\u00e9corer des \u00e9v\u00e9nements et des int\u00e9rieurs.<\/p>\n","protected":false},"featured_media":19758,"comment_status":"open","ping_status":"closed","template":"","meta":[],"product_brand":[],"product_cat":[630,633],"product_tag":[738,682],"class_list":{"0":"post-21958","1":"product","2":"type-product","3":"status-publish","4":"has-post-thumbnail","6":"product_cat-cloche-en-verre","7":"product_cat-conteneurs","8":"product_tag-cloche-de-verre","9":"product_tag-decoration","11":"first","12":"instock","13":"taxable","14":"shipping-taxable","15":"purchasable","16":"product-type-variable"},"_links":{"self":[{"href":"https:\/\/dreamonwedding.it\/fr\/wp-json\/wp\/v2\/product\/21958","targetHints":{"allow":["GET"]}}],"collection":[{"href":"https:\/\/dreamonwedding.it\/fr\/wp-json\/wp\/v2\/product"}],"about":[{"href":"https:\/\/dreamonwedding.it\/fr\/wp-json\/wp\/v2\/types\/product"}],"replies":[{"embeddable":true,"href":"https:\/\/dreamonwedding.it\/fr\/wp-json\/wp\/v2\/comments?post=21958"}],"wp:featuredmedia":[{"embeddable":true,"href":"https:\/\/dreamonwedding.it\/fr\/wp-json\/wp\/v2\/media\/19758"}],"wp:attachment":[{"href":"https:\/\/dreamonwedding.it\/fr\/wp-json\/wp\/v2\/media?parent=21958"}],"wp:term":[{"taxonomy":"product_brand","embeddable":true,"href":"https:\/\/dreamonwedding.it\/fr\/wp-json\/wp\/v2\/product_brand?post=21958"},{"taxonomy":"product_cat","embeddable":true,"href":"https:\/\/dreamonwedding.it\/fr\/wp-json\/wp\/v2\/product_cat?post=21958"},{"taxonomy":"product_tag","embeddable":true,"href":"https:\/\/dreamonwedding.it\/fr\/wp-json\/wp\/v2\/product_tag?post=21958"}],"curies":[{"name":"wp","href":"https:\/\/api.w.org\/{rel}","templated":true}]}}