{"id":21962,"date":"2020-08-20T12:08:34","date_gmt":"2020-08-20T10:08:34","guid":{"rendered":"https:\/\/dreamonwedding.it\/product\/plateau-en-metal-antique\/"},"modified":"2020-08-20T12:08:34","modified_gmt":"2020-08-20T10:08:34","slug":"plateau-en-metal-antique","status":"publish","type":"product","link":"https:\/\/dreamonwedding.it\/fr\/produit\/plateau-en-metal-antique\/","title":{"rendered":"Plateau en m\u00e9tal &#8211; Antique"},"content":{"rendered":"<h6>Plateau en m\u00e9tal robuste \u00e0 effet industriel.<\/h6>\n<p>Fabriqu\u00e9 en m\u00e9tal, c&rsquo;est un objet tr\u00e8s original et id\u00e9al pour la d\u00e9coration de table lors d&rsquo;un \u00e9v\u00e9nement ou comme d\u00e9coration d&rsquo;int\u00e9rieur pour la maison.<br \/>\nLa couleur cendr\u00e9e mate se marie tr\u00e8s bien avec des bougies de couleur pastel.<\/p>\n<p>Le plateau en m\u00e9tal est parfait pour les d\u00e9cors de style rustique, campagnard et industriel.<\/p>\n<p>&nbsp;<\/p>\n<p>Nous garantissons la livraison express par courrier DHL (2-3 jours ouvrables).<\/p>\n<p>Si vous \u00eates un professionnel ou si vous avez besoin de ce produit en plus grande quantit\u00e9 que le stock affich\u00e9 sur le site<a href=\"https:\/\/dreamonwedding.it\/exclusive-italy-wedding-planner\/\">contactez-nous<\/ a> pour obtenir un devis personnalis\u00e9.<\/p>\n<p>Vous pouvez \u00e9galement retrouver tous nos produits dans notre <a href=\"https:\/\/g.page\/dream-on-emporio?gm\" target=\"_blank\" rel=\"noopener\"> Emporio, venez nous rendre visite en salle d&rsquo;exposition !<\/a><\/p>\n","protected":false},"excerpt":{"rendered":"<p>Plateau en m\u00e9tal, c&rsquo;est un objet tr\u00e8s original et id\u00e9al pour la d\u00e9coration de table lors d&rsquo;un \u00e9v\u00e9nement ou comme d\u00e9coration d&rsquo;int\u00e9rieur pour la maison.<\/p>\n","protected":false},"featured_media":19752,"comment_status":"open","ping_status":"closed","template":"","meta":[],"product_brand":[],"product_cat":[658],"product_tag":[740,739],"class_list":{"0":"post-21962","1":"product","2":"type-product","3":"status-publish","4":"has-post-thumbnail","6":"product_cat-plateaux","7":"product_tag-decorations","8":"product_tag-plateaux","10":"first","11":"outofstock","12":"taxable","13":"shipping-taxable","14":"purchasable","15":"product-type-simple"},"_links":{"self":[{"href":"https:\/\/dreamonwedding.it\/fr\/wp-json\/wp\/v2\/product\/21962","targetHints":{"allow":["GET"]}}],"collection":[{"href":"https:\/\/dreamonwedding.it\/fr\/wp-json\/wp\/v2\/product"}],"about":[{"href":"https:\/\/dreamonwedding.it\/fr\/wp-json\/wp\/v2\/types\/product"}],"replies":[{"embeddable":true,"href":"https:\/\/dreamonwedding.it\/fr\/wp-json\/wp\/v2\/comments?post=21962"}],"wp:featuredmedia":[{"embeddable":true,"href":"https:\/\/dreamonwedding.it\/fr\/wp-json\/wp\/v2\/media\/19752"}],"wp:attachment":[{"href":"https:\/\/dreamonwedding.it\/fr\/wp-json\/wp\/v2\/media?parent=21962"}],"wp:term":[{"taxonomy":"product_brand","embeddable":true,"href":"https:\/\/dreamonwedding.it\/fr\/wp-json\/wp\/v2\/product_brand?post=21962"},{"taxonomy":"product_cat","embeddable":true,"href":"https:\/\/dreamonwedding.it\/fr\/wp-json\/wp\/v2\/product_cat?post=21962"},{"taxonomy":"product_tag","embeddable":true,"href":"https:\/\/dreamonwedding.it\/fr\/wp-json\/wp\/v2\/product_tag?post=21962"}],"curies":[{"name":"wp","href":"https:\/\/api.w.org\/{rel}","templated":true}]}}