{"id":21964,"date":"2020-08-21T09:42:28","date_gmt":"2020-08-21T07:42:28","guid":{"rendered":"https:\/\/dreamonwedding.it\/product\/support-metal-etain-brut\/"},"modified":"2020-08-21T09:42:28","modified_gmt":"2020-08-21T07:42:28","slug":"support-metal-etain-brut","status":"publish","type":"product","link":"https:\/\/dreamonwedding.it\/fr\/produit\/support-metal-etain-brut\/","title":{"rendered":"Support m\u00e9tal &#8211; Etain brut"},"content":{"rendered":"<h6>Support en m\u00e9tal galvanis\u00e9 non rev\u00eatu, id\u00e9al pour les arrangements, les d\u00e9corations de centre de table, les r\u00e9ceptions ou pour la d\u00e9coration int\u00e9rieure.<\/h6>\n<p>Le style vintage et patine vieillie est id\u00e9al dans des contextes de style rustique ou industriel.<\/p>\n<p>La belle couleur gris \u00e9tain oxyd\u00e9 rend l&rsquo;objet int\u00e9ressant et polyvalent.<\/p>\n<p>Le pr\u00e9sentoir \u00e0 g\u00e2teaux en m\u00e9tal est un objet tr\u00e8s int\u00e9ressant, sa forme classique, en contraste avec la finition au go\u00fbt contemporain, le rend parfait pour de nombreux types de meubles, de plus la taille moyenne est id\u00e9ale pour cr\u00e9er de splendides centres de table pour vos \u00e9v\u00e9nements.<\/ p><\/p>\n<p>&nbsp;<\/p>\n<p>Ne pas utiliser en contact direct avec des liquides, l&rsquo;oxydation se poursuit au contact de l&rsquo;humidit\u00e9.<\/p>\n<p>&nbsp;<\/p>\n<p>Nous garantissons la livraison express par courrier DHL (2-3 jours ouvrables).<\/p>\n<p>Si vous \u00eates un professionnel ou si vous avez besoin de ce produit en plus grande quantit\u00e9 que le stock affich\u00e9 sur le site <a href=\"https:\/\/dreamonwedding.it\/exclusive-italy-wedding-planner\/\">contactez-nous<\/ a> pour obtenir un devis personnalis\u00e9.<\/p>\n<p>Vous pouvez \u00e9galement trouver tous nos produits sur <a href=\"https:\/\/g.page\/dream-on-emporio?we\">Google Shopping.<\/a><\/p>\n","protected":false},"excerpt":{"rendered":"<p>Support en m\u00e9tal galvanis\u00e9 non rev\u00eatu. Beau centre de table en t\u00f4le effet vieilli effet vintage.<\/p>\n<p>Id\u00e9al comme d\u00e9coration pour les \u00e9v\u00e9nements et les int\u00e9rieurs.<\/p>\n","protected":false},"featured_media":19737,"comment_status":"open","ping_status":"closed","template":"","meta":[],"product_brand":[],"product_cat":[658],"product_tag":[740,739,743],"class_list":{"0":"post-21964","1":"product","2":"type-product","3":"status-publish","4":"has-post-thumbnail","6":"product_cat-plateaux","7":"product_tag-decorations","8":"product_tag-plateaux","9":"product_tag-se-lever","11":"first","12":"instock","13":"taxable","14":"shipping-taxable","15":"purchasable","16":"product-type-simple"},"_links":{"self":[{"href":"https:\/\/dreamonwedding.it\/fr\/wp-json\/wp\/v2\/product\/21964","targetHints":{"allow":["GET"]}}],"collection":[{"href":"https:\/\/dreamonwedding.it\/fr\/wp-json\/wp\/v2\/product"}],"about":[{"href":"https:\/\/dreamonwedding.it\/fr\/wp-json\/wp\/v2\/types\/product"}],"replies":[{"embeddable":true,"href":"https:\/\/dreamonwedding.it\/fr\/wp-json\/wp\/v2\/comments?post=21964"}],"wp:featuredmedia":[{"embeddable":true,"href":"https:\/\/dreamonwedding.it\/fr\/wp-json\/wp\/v2\/media\/19737"}],"wp:attachment":[{"href":"https:\/\/dreamonwedding.it\/fr\/wp-json\/wp\/v2\/media?parent=21964"}],"wp:term":[{"taxonomy":"product_brand","embeddable":true,"href":"https:\/\/dreamonwedding.it\/fr\/wp-json\/wp\/v2\/product_brand?post=21964"},{"taxonomy":"product_cat","embeddable":true,"href":"https:\/\/dreamonwedding.it\/fr\/wp-json\/wp\/v2\/product_cat?post=21964"},{"taxonomy":"product_tag","embeddable":true,"href":"https:\/\/dreamonwedding.it\/fr\/wp-json\/wp\/v2\/product_tag?post=21964"}],"curies":[{"name":"wp","href":"https:\/\/api.w.org\/{rel}","templated":true}]}}