{"id":21965,"date":"2020-08-21T10:13:24","date_gmt":"2020-08-21T08:13:24","guid":{"rendered":"https:\/\/dreamonwedding.it\/product\/jardinier-jardiniere-en-metal-etain-brut-2-tailles\/"},"modified":"2020-08-21T10:13:24","modified_gmt":"2020-08-21T08:13:24","slug":"jardinier-jardiniere-en-metal-etain-brut-2-tailles","status":"publish","type":"product","link":"https:\/\/dreamonwedding.it\/fr\/produit\/jardinier-jardiniere-en-metal-etain-brut-2-tailles\/","title":{"rendered":"Jardinier &#8211; Jardini\u00e8re en m\u00e9tal &#8211; Etain brut &#8211; 2 Tailles"},"content":{"rendered":"<h5>Jardinier &#8211; Jardini\u00e8re en m\u00e9tal &#8211; Etain brut<\/h5>\n<p>Splendide Jeardinier en m\u00e9tal galvanis\u00e9 patin\u00e9, id\u00e9al pour les arrangements, les d\u00e9corations de centres de table, les r\u00e9ceptions ou pour l&rsquo;am\u00e9nagement int\u00e9rieur.<\/p>\n<p>Le meuble s&rsquo;int\u00e8gre exceptionnellement dans des contextes champ\u00eatres, il peut \u00eatre utilis\u00e9 comme jardini\u00e8re et meubler votre jardin ou votre terrasse ou comme contenant pour les d\u00e9corations \u00e0 l&rsquo;occasion de vos mariages et arrangements \u00e9v\u00e9nementiels.<\/p>\n<p>Ne pas utiliser en contact direct avec des liquides, l&rsquo;oxydation se poursuit au contact de l&rsquo;humidit\u00e9.<\/p>\n<p>Suivez notre page <a href=\"https:\/\/www.instagram.com\/dreamon_emporio\/\" target=\"_blank\" rel=\"noopener\">Instagram<\/a> pour trouver l&rsquo;inspiration et les nouveaut\u00e9s arrivant dans notre showroom Emporio, ou contactez-nous pour plus d&rsquo;informations <a href=\" https:\/\/dreamonwedding.it\/exclusive-italy-wedding-planner\/\">informations<\/a> sur ce produit.<\/p>\n","protected":false},"excerpt":{"rendered":"<h5>Jardinier &#8211; Jardini\u00e8re en m\u00e9tal &#8211; Etain brut<\/h5>\n<p>Splendide Jeardinier en m\u00e9tal galvanis\u00e9 patin\u00e9, id\u00e9al pour les arrangements, les d\u00e9corations de centres de table, les r\u00e9ceptions ou pour l&rsquo;am\u00e9nagement int\u00e9rieur.<\/p>\n","protected":false},"featured_media":19722,"comment_status":"open","ping_status":"closed","template":"","meta":[],"product_brand":[],"product_cat":[633,657],"product_tag":[740,746,744,745],"class_list":{"0":"post-21965","1":"product","2":"type-product","3":"status-publish","4":"has-post-thumbnail","6":"product_cat-conteneurs","7":"product_cat-vases","8":"product_tag-decorations","9":"product_tag-etain","10":"product_tag-jardinieres","11":"product_tag-vases","13":"first","14":"instock","15":"taxable","16":"shipping-taxable","17":"purchasable","18":"product-type-variable"},"_links":{"self":[{"href":"https:\/\/dreamonwedding.it\/fr\/wp-json\/wp\/v2\/product\/21965","targetHints":{"allow":["GET"]}}],"collection":[{"href":"https:\/\/dreamonwedding.it\/fr\/wp-json\/wp\/v2\/product"}],"about":[{"href":"https:\/\/dreamonwedding.it\/fr\/wp-json\/wp\/v2\/types\/product"}],"replies":[{"embeddable":true,"href":"https:\/\/dreamonwedding.it\/fr\/wp-json\/wp\/v2\/comments?post=21965"}],"wp:featuredmedia":[{"embeddable":true,"href":"https:\/\/dreamonwedding.it\/fr\/wp-json\/wp\/v2\/media\/19722"}],"wp:attachment":[{"href":"https:\/\/dreamonwedding.it\/fr\/wp-json\/wp\/v2\/media?parent=21965"}],"wp:term":[{"taxonomy":"product_brand","embeddable":true,"href":"https:\/\/dreamonwedding.it\/fr\/wp-json\/wp\/v2\/product_brand?post=21965"},{"taxonomy":"product_cat","embeddable":true,"href":"https:\/\/dreamonwedding.it\/fr\/wp-json\/wp\/v2\/product_cat?post=21965"},{"taxonomy":"product_tag","embeddable":true,"href":"https:\/\/dreamonwedding.it\/fr\/wp-json\/wp\/v2\/product_tag?post=21965"}],"curies":[{"name":"wp","href":"https:\/\/api.w.org\/{rel}","templated":true}]}}