{"id":21968,"date":"2020-08-21T10:29:58","date_gmt":"2020-08-21T08:29:58","guid":{"rendered":"https:\/\/dreamonwedding.it\/product\/contenants-en-metal-etain-brut-ensemble-de-4\/"},"modified":"2025-06-04T07:19:21","modified_gmt":"2025-06-04T05:19:21","slug":"contenants-en-metal-etain-brut-ensemble-de-4","status":"publish","type":"product","link":"https:\/\/dreamonwedding.it\/fr\/produit\/contenants-en-metal-etain-brut-ensemble-de-4\/","title":{"rendered":"Contenants en m\u00e9tal &#8211; \u00c9tain brut &#8211; Ensemble de 4"},"content":{"rendered":"<h5>Conteneurs en m\u00e9tal galvanis\u00e9 mat.<\/h5>\n<p>Ensemble de 4, id\u00e9al pour les arrangements, les d\u00e9corations de centre de table, les r\u00e9ceptions ou pour la d\u00e9coration int\u00e9rieure.<\/p>\n<p>L&rsquo;ensemble de diff\u00e9rentes tailles est con\u00e7u pour les d\u00e9corateurs et les fleuristes mais est parfait comme meuble pour la d\u00e9coration de la maison en g\u00e9n\u00e9ral.<\/p>\n<p>Ne pas utiliser en contact direct avec des liquides, l&rsquo;oxydation se poursuit au contact de l&rsquo;humidit\u00e9.<\/p>\n<p>&nbsp;<\/p>\n<p>Si vous \u00eates \u00e0 la recherche d&rsquo;inspiration sur la fa\u00e7on d&rsquo;utiliser ces magnifiques contenants de couleur \u00e9tain brut, suivez notre page <a href=\"https:\/\/www.instagram.com\/dreamon_emporio\/\" target=\"_blank\" rel=\"noopener\">Instagram<\/a> ou rendez-vous sur retrouvez-nous dans <a href=\"https:\/\/dreamonwedding.it\/exclusive-italy-wedding-planner\/\">showroom.<\/a><\/p>\n","protected":false},"excerpt":{"rendered":"<p>Conteneurs en m\u00e9tal galvanis\u00e9 non opaque. Lot de 4, en diff\u00e9rentes tailles : \u23009, \u230012, \u230016, \u230018<\/p>\n","protected":false},"featured_media":19707,"comment_status":"open","ping_status":"closed","template":"","meta":[],"product_brand":[],"product_cat":[633,657],"product_tag":[742,740,725],"class_list":{"0":"post-21968","1":"product","2":"type-product","3":"status-publish","4":"has-post-thumbnail","6":"product_cat-conteneurs","7":"product_cat-vases","8":"product_tag-conteneurs","9":"product_tag-decorations","10":"product_tag-piece-maitresse","12":"first","13":"instock","14":"taxable","15":"shipping-taxable","16":"purchasable","17":"product-type-simple"},"_links":{"self":[{"href":"https:\/\/dreamonwedding.it\/fr\/wp-json\/wp\/v2\/product\/21968","targetHints":{"allow":["GET"]}}],"collection":[{"href":"https:\/\/dreamonwedding.it\/fr\/wp-json\/wp\/v2\/product"}],"about":[{"href":"https:\/\/dreamonwedding.it\/fr\/wp-json\/wp\/v2\/types\/product"}],"replies":[{"embeddable":true,"href":"https:\/\/dreamonwedding.it\/fr\/wp-json\/wp\/v2\/comments?post=21968"}],"wp:featuredmedia":[{"embeddable":true,"href":"https:\/\/dreamonwedding.it\/fr\/wp-json\/wp\/v2\/media\/19707"}],"wp:attachment":[{"href":"https:\/\/dreamonwedding.it\/fr\/wp-json\/wp\/v2\/media?parent=21968"}],"wp:term":[{"taxonomy":"product_brand","embeddable":true,"href":"https:\/\/dreamonwedding.it\/fr\/wp-json\/wp\/v2\/product_brand?post=21968"},{"taxonomy":"product_cat","embeddable":true,"href":"https:\/\/dreamonwedding.it\/fr\/wp-json\/wp\/v2\/product_cat?post=21968"},{"taxonomy":"product_tag","embeddable":true,"href":"https:\/\/dreamonwedding.it\/fr\/wp-json\/wp\/v2\/product_tag?post=21968"}],"curies":[{"name":"wp","href":"https:\/\/api.w.org\/{rel}","templated":true}]}}