{"id":21972,"date":"2020-08-21T10:57:32","date_gmt":"2020-08-21T08:57:32","guid":{"rendered":"https:\/\/dreamonwedding.it\/product\/bougeoir-en-verre-finition-argentee\/"},"modified":"2025-06-05T12:22:04","modified_gmt":"2025-06-05T10:22:04","slug":"bougeoir-en-verre-finition-argentee","status":"publish","type":"product","link":"https:\/\/dreamonwedding.it\/fr\/produit\/bougeoir-en-verre-finition-argentee\/","title":{"rendered":"Bougeoir en verre &#8211; Finition argent\u00e9e"},"content":{"rendered":"<h5>Bougeoir en verre mercuris\u00e9, finition argent\u00e9e.<\/h5>\n<p>Bougeoir \u00e9l\u00e9gant et \u00e0 une flamme en verre cisel\u00e9 avec finition merceris\u00e9e. Parfait comme d\u00e9coration pour les tables de f\u00eate raffin\u00e9es et comme accessoire d&rsquo;ameublement pour les int\u00e9rieurs.<\/p>\n<p>D\u00e9coration pour mise en place de mariages et \u00e9v\u00e9nements et c\u00e9r\u00e9monies.<\/p>\n<p>Disponible en diff\u00e9rentes tailles.<\/p>\n<p>Suivez-nous sur <a href=\"https:\/\/www.instagram.com\/dreamon_emporio\/\" target=\"_blank\" rel=\"noopener\">Instagram<\/a> pour des inspirations, si vous voulez en savoir plus sur cet article <a href=\"https:\/ \/dreamonwedding .it\/exclusive-italy-wedding-planner\/\">contactez-nous<\/a><\/p>\n<p>&nbsp;<\/p>\n","protected":false},"excerpt":{"rendered":"<h5>Bougeoir en verre mercuris\u00e9, finition argent\u00e9e.<\/h5>\n<p>Bougeoir \u00e9l\u00e9gant et \u00e0 une flamme en verre cisel\u00e9 avec finition merceris\u00e9e. Parfait comme d\u00e9coration pour les tables de f\u00eate raffin\u00e9es et comme accessoire d&rsquo;ameublement pour les int\u00e9rieurs.<\/p>\n<p>Disponible en diff\u00e9rentes tailles et finitions.<\/p>\n","protected":false},"featured_media":19677,"comment_status":"open","ping_status":"closed","template":"","meta":[],"product_brand":[],"product_cat":[632],"product_tag":[747,740,691],"class_list":{"0":"post-21972","1":"product","2":"type-product","3":"status-publish","4":"has-post-thumbnail","6":"product_cat-lustres","7":"product_tag-chandeliers","8":"product_tag-decorations","9":"product_tag-verre","11":"first","12":"instock","13":"taxable","14":"shipping-taxable","15":"purchasable","16":"product-type-variable"},"_links":{"self":[{"href":"https:\/\/dreamonwedding.it\/fr\/wp-json\/wp\/v2\/product\/21972","targetHints":{"allow":["GET"]}}],"collection":[{"href":"https:\/\/dreamonwedding.it\/fr\/wp-json\/wp\/v2\/product"}],"about":[{"href":"https:\/\/dreamonwedding.it\/fr\/wp-json\/wp\/v2\/types\/product"}],"replies":[{"embeddable":true,"href":"https:\/\/dreamonwedding.it\/fr\/wp-json\/wp\/v2\/comments?post=21972"}],"wp:featuredmedia":[{"embeddable":true,"href":"https:\/\/dreamonwedding.it\/fr\/wp-json\/wp\/v2\/media\/19677"}],"wp:attachment":[{"href":"https:\/\/dreamonwedding.it\/fr\/wp-json\/wp\/v2\/media?parent=21972"}],"wp:term":[{"taxonomy":"product_brand","embeddable":true,"href":"https:\/\/dreamonwedding.it\/fr\/wp-json\/wp\/v2\/product_brand?post=21972"},{"taxonomy":"product_cat","embeddable":true,"href":"https:\/\/dreamonwedding.it\/fr\/wp-json\/wp\/v2\/product_cat?post=21972"},{"taxonomy":"product_tag","embeddable":true,"href":"https:\/\/dreamonwedding.it\/fr\/wp-json\/wp\/v2\/product_tag?post=21972"}],"curies":[{"name":"wp","href":"https:\/\/api.w.org\/{rel}","templated":true}]}}