{"id":21976,"date":"2020-08-21T11:14:54","date_gmt":"2020-08-21T09:14:54","guid":{"rendered":"https:\/\/dreamonwedding.it\/product\/bougeoir-en-verre-bougie-chauffe-plat-2\/"},"modified":"2020-08-21T11:14:54","modified_gmt":"2020-08-21T09:14:54","slug":"bougeoir-en-verre-bougie-chauffe-plat-2","status":"publish","type":"product","link":"https:\/\/dreamonwedding.it\/fr\/produit\/bougeoir-en-verre-bougie-chauffe-plat-2\/","title":{"rendered":"Bougeoir en verre &#8211; Bougie chauffe-plat"},"content":{"rendered":"<h5>Bougeoir en verre mercuris\u00e9, avec finition argent\u00e9e.<\/h5>\n<p>Jolie bougeoir en verre, id\u00e9al comme d\u00e9coration pour la table ou pour la maison. Le verre grav\u00e9 de motifs g\u00e9om\u00e9triques en relief donne \u00e0 l&rsquo;objet un aspect raffin\u00e9 et int\u00e9ressant.<\/p>\n<p>Ameublement, d\u00e9coration pour mariages, \u00e9v\u00e9nements ou f\u00eates ou un petit cadeau.<\/p>\n<p>Il peut contenir une bougie chauffe-plat de taille standard.<\/p>\n<p>La feuille d&rsquo;argent est endommag\u00e9e au contact de liquides.<\/p>\n<p>Id\u00e9al pour la d\u00e9coration int\u00e9rieure, les \u00e9v\u00e9nements, les c\u00e9r\u00e9monies et l&rsquo;ameublement en g\u00e9n\u00e9ral.<\/p>\n<p>&nbsp;<\/p>\n<p>Pour plus d&rsquo;inspiration, suivez-nous sur <a href=\"https:\/\/www.instagram.com\/dreamon_emporio\/\" target=\"_blank\" rel=\"noopener\">Instagram<\/a>, ou visitez notre <a href=\"https:\/\/dreamonwedding.it \/dreamon-shop\/\">boutique.<\/a><\/p>\n","protected":false},"excerpt":{"rendered":"<p>Bougeoir en verre mercuris\u00e9, finition argent\u00e9e.<\/p>\n<p>Jolie bougeoir en verre, id\u00e9al comme d\u00e9coration pour la table ou pour la maison.<\/p>\n<p>Ne pas utiliser en contact avec des liquides.<\/p>\n","protected":false},"featured_media":19680,"comment_status":"open","ping_status":"closed","template":"","meta":[],"product_brand":[],"product_cat":[655,631],"product_tag":[748,709,740],"class_list":{"0":"post-21976","1":"product","2":"type-product","3":"status-publish","4":"has-post-thumbnail","6":"product_cat-bougeoir","7":"product_cat-bougies","8":"product_tag-bougeoir","9":"product_tag-bougies","10":"product_tag-decorations","12":"first","13":"outofstock","14":"taxable","15":"shipping-taxable","16":"purchasable","17":"product-type-simple"},"_links":{"self":[{"href":"https:\/\/dreamonwedding.it\/fr\/wp-json\/wp\/v2\/product\/21976","targetHints":{"allow":["GET"]}}],"collection":[{"href":"https:\/\/dreamonwedding.it\/fr\/wp-json\/wp\/v2\/product"}],"about":[{"href":"https:\/\/dreamonwedding.it\/fr\/wp-json\/wp\/v2\/types\/product"}],"replies":[{"embeddable":true,"href":"https:\/\/dreamonwedding.it\/fr\/wp-json\/wp\/v2\/comments?post=21976"}],"wp:featuredmedia":[{"embeddable":true,"href":"https:\/\/dreamonwedding.it\/fr\/wp-json\/wp\/v2\/media\/19680"}],"wp:attachment":[{"href":"https:\/\/dreamonwedding.it\/fr\/wp-json\/wp\/v2\/media?parent=21976"}],"wp:term":[{"taxonomy":"product_brand","embeddable":true,"href":"https:\/\/dreamonwedding.it\/fr\/wp-json\/wp\/v2\/product_brand?post=21976"},{"taxonomy":"product_cat","embeddable":true,"href":"https:\/\/dreamonwedding.it\/fr\/wp-json\/wp\/v2\/product_cat?post=21976"},{"taxonomy":"product_tag","embeddable":true,"href":"https:\/\/dreamonwedding.it\/fr\/wp-json\/wp\/v2\/product_tag?post=21976"}],"curies":[{"name":"wp","href":"https:\/\/api.w.org\/{rel}","templated":true}]}}