{"id":21977,"date":"2020-08-21T11:19:10","date_gmt":"2020-08-21T09:19:10","guid":{"rendered":"https:\/\/dreamonwedding.it\/product\/bol-en-verre-finition-argentee\/"},"modified":"2020-08-21T11:19:10","modified_gmt":"2020-08-21T09:19:10","slug":"bol-en-verre-finition-argentee","status":"publish","type":"product","link":"https:\/\/dreamonwedding.it\/fr\/produit\/bol-en-verre-finition-argentee\/","title":{"rendered":"Bol en verre &#8211; Finition argent\u00e9e"},"content":{"rendered":"<h6>Tasse en verre mercuris\u00e9, finition argent.<\/h6>\n<p>Id\u00e9al pour la d\u00e9coration int\u00e9rieure, les \u00e9v\u00e9nements, les c\u00e9r\u00e9monies et l&rsquo;ameublement en g\u00e9n\u00e9ral.<\/p>\n<p>Ne pas utiliser en contact direct avec des liquides, la finition argent\u00e9e dispara\u00eetra.<\/p>\n<p>Nous garantissons la livraison express par courrier DHL (2-3 jours ouvrables).<\/p>\n<p>Si vous \u00eates un professionnel ou si vous avez besoin de ce produit en plus grande quantit\u00e9 que le stock affich\u00e9 sur le site <a href=\"https:\/\/dreamonwedding.it\/exclusive-italy-wedding-planner\/\">contactez-nous< \/a> pour obtenir un devis personnalis\u00e9.<\/p>\n<p>Vous pouvez \u00e9galement trouver tous nos produits sur <a href=\"https:\/\/g.page\/dream-on-emporio?we\" target=\"_blank\" rel=\"noopener\">Google Shopping.<\/a> <\/p>\n","protected":false},"excerpt":{"rendered":"<p>Bol en verre mercuris\u00e9, finition argent.<\/p>\n<p>Ne pas utiliser en contact avec des liquides.<\/p>\n","protected":false},"featured_media":19674,"comment_status":"open","ping_status":"closed","template":"","meta":[],"product_brand":[],"product_cat":[657,634],"product_tag":[726,740,691],"class_list":{"0":"post-21977","1":"product","2":"type-product","3":"status-publish","4":"has-post-thumbnail","6":"product_cat-vases","7":"product_cat-tasse","8":"product_tag-coupe","9":"product_tag-decorations","10":"product_tag-verre","12":"first","13":"outofstock","14":"taxable","15":"shipping-taxable","16":"purchasable","17":"product-type-simple"},"_links":{"self":[{"href":"https:\/\/dreamonwedding.it\/fr\/wp-json\/wp\/v2\/product\/21977","targetHints":{"allow":["GET"]}}],"collection":[{"href":"https:\/\/dreamonwedding.it\/fr\/wp-json\/wp\/v2\/product"}],"about":[{"href":"https:\/\/dreamonwedding.it\/fr\/wp-json\/wp\/v2\/types\/product"}],"replies":[{"embeddable":true,"href":"https:\/\/dreamonwedding.it\/fr\/wp-json\/wp\/v2\/comments?post=21977"}],"wp:featuredmedia":[{"embeddable":true,"href":"https:\/\/dreamonwedding.it\/fr\/wp-json\/wp\/v2\/media\/19674"}],"wp:attachment":[{"href":"https:\/\/dreamonwedding.it\/fr\/wp-json\/wp\/v2\/media?parent=21977"}],"wp:term":[{"taxonomy":"product_brand","embeddable":true,"href":"https:\/\/dreamonwedding.it\/fr\/wp-json\/wp\/v2\/product_brand?post=21977"},{"taxonomy":"product_cat","embeddable":true,"href":"https:\/\/dreamonwedding.it\/fr\/wp-json\/wp\/v2\/product_cat?post=21977"},{"taxonomy":"product_tag","embeddable":true,"href":"https:\/\/dreamonwedding.it\/fr\/wp-json\/wp\/v2\/product_tag?post=21977"}],"curies":[{"name":"wp","href":"https:\/\/api.w.org\/{rel}","templated":true}]}}