{"id":21978,"date":"2020-08-21T11:31:58","date_gmt":"2020-08-21T09:31:58","guid":{"rendered":"https:\/\/dreamonwedding.it\/product\/bougeoir-en-fer-peint-3-tailles\/"},"modified":"2020-08-21T11:31:58","modified_gmt":"2020-08-21T09:31:58","slug":"bougeoir-en-fer-peint-3-tailles","status":"publish","type":"product","link":"https:\/\/dreamonwedding.it\/fr\/produit\/bougeoir-en-fer-peint-3-tailles\/","title":{"rendered":"Bougeoir en fer &#8211; Peint &#8211; 3 Tailles"},"content":{"rendered":"<h6>Bougeoir en fer forg\u00e9 peint en noir.<\/h6>\n<p>Le chandelier est tr\u00e8s particulier car il est disponible pour loger des bougies cylindriques de diff\u00e9rents diam\u00e8tres :<\/p>\n<ul>\n<li>Taille S : bougie de 2,2 cm de diam\u00e8tre<\/li>\n<li>Taille M : bougie de 3 cm de diam\u00e8tre<\/li>\n<li>Taille L : bougies d&rsquo;un diam\u00e8tre de 4 cm<\/li>\n<\/ul>\n<p>Les bougies sont disponibles dans notre boutique et vendues s\u00e9par\u00e9ment.<\/p>\n<p>Nous garantissons la livraison express par courrier DHL (2-3 jours ouvrables).<\/p>\n<p>Si vous \u00eates un professionnel ou si vous avez besoin de ce produit en plus grande quantit\u00e9 que le stock affich\u00e9 sur le site<em><a href=\"https:\/\/dreamonwedding.it\/exclusive-italy-wedding-planner\/\"> contactez-nous< \/a> <\/em>pour obtenir un devis personnalis\u00e9.<\/p>\n<p>Vous pouvez \u00e9galement trouver tous nos produits dans notre <em><a href=\"https:\/\/g.page\/dream-on-emporio?gm\" target=\"_blank\" rel=\"noopener\"> Emporio, venez rendez-nous visite au showroom !<\/a><\/em><\/p>\n","protected":false},"excerpt":{"rendered":"<p>Bougeoir en fer \u00e0 une bougie, peint en noir.<\/p>\n<p>Disponible en diff\u00e9rentes tailles.<\/p>\n","protected":false},"featured_media":20820,"comment_status":"open","ping_status":"closed","template":"","meta":[],"product_brand":[],"product_cat":[632],"product_tag":[709,708,740],"class_list":{"0":"post-21978","1":"product","2":"type-product","3":"status-publish","4":"has-post-thumbnail","6":"product_cat-lustres","7":"product_tag-bougies","8":"product_tag-chandelier","9":"product_tag-decorations","11":"first","12":"instock","13":"taxable","14":"shipping-taxable","15":"purchasable","16":"product-type-variable"},"_links":{"self":[{"href":"https:\/\/dreamonwedding.it\/fr\/wp-json\/wp\/v2\/product\/21978","targetHints":{"allow":["GET"]}}],"collection":[{"href":"https:\/\/dreamonwedding.it\/fr\/wp-json\/wp\/v2\/product"}],"about":[{"href":"https:\/\/dreamonwedding.it\/fr\/wp-json\/wp\/v2\/types\/product"}],"replies":[{"embeddable":true,"href":"https:\/\/dreamonwedding.it\/fr\/wp-json\/wp\/v2\/comments?post=21978"}],"wp:featuredmedia":[{"embeddable":true,"href":"https:\/\/dreamonwedding.it\/fr\/wp-json\/wp\/v2\/media\/20820"}],"wp:attachment":[{"href":"https:\/\/dreamonwedding.it\/fr\/wp-json\/wp\/v2\/media?parent=21978"}],"wp:term":[{"taxonomy":"product_brand","embeddable":true,"href":"https:\/\/dreamonwedding.it\/fr\/wp-json\/wp\/v2\/product_brand?post=21978"},{"taxonomy":"product_cat","embeddable":true,"href":"https:\/\/dreamonwedding.it\/fr\/wp-json\/wp\/v2\/product_cat?post=21978"},{"taxonomy":"product_tag","embeddable":true,"href":"https:\/\/dreamonwedding.it\/fr\/wp-json\/wp\/v2\/product_tag?post=21978"}],"curies":[{"name":"wp","href":"https:\/\/api.w.org\/{rel}","templated":true}]}}