{"id":21982,"date":"2020-08-21T11:43:20","date_gmt":"2020-08-21T09:43:20","guid":{"rendered":"https:\/\/dreamonwedding.it\/product\/bougeoir-en-bois-naturel-hauteur-33-cm\/"},"modified":"2020-08-21T11:43:20","modified_gmt":"2020-08-21T09:43:20","slug":"bougeoir-en-bois-naturel-hauteur-33-cm","status":"publish","type":"product","link":"https:\/\/dreamonwedding.it\/fr\/produit\/bougeoir-en-bois-naturel-hauteur-33-cm\/","title":{"rendered":"Bougeoir en bois naturel &#8211; Hauteur 33 cm"},"content":{"rendered":"<h6>Chandelier rustique en bois naturel. Tige en bois finition brut, sur la base du support de bougie, en m\u00e9tal vieilli.<\/h6>\n<p>Il est \u00e9quip\u00e9 d&rsquo;une goupille pour soutenir la bougie de mani\u00e8re stable.<\/p>\n<p>Fabriqu\u00e9 en bois massif et naturel, de fabrication artisanale, chaque bougeoir a une tournure l\u00e9g\u00e8rement diff\u00e9rente de l&rsquo;autre.<\/p>\n<p>Nous garantissons la livraison express par courrier DHL (2-3 jours ouvrables).<\/p>\n<p>Si vous \u00eates un professionnel ou si vous avez besoin de ce produit en plus grande quantit\u00e9 que le stock affich\u00e9 sur le site<a href=\"https:\/\/dreamonwedding.it\/exclusive-italy-wedding-planner\/\"> contactez-nous< \/a> pour obtenir un devis personnalis\u00e9.<\/p>\n<p>Vous pouvez \u00e9galement trouver tous nos produits dans notre <a href=\"https:\/\/g.page\/dream-on-emporio?gm\" target=\"_blank\" rel=\"noopener\"> Emporio, venez nous rendre visite en salle d&rsquo;exposition !<\/a><\/p>\n","protected":false},"excerpt":{"rendered":"<p>Bougeoir en bois naturel au look vintage. Id\u00e9al pour les d\u00e9cors \u00e0 l&rsquo;aspect rustique et naturel.<\/p>\n","protected":false},"featured_media":19668,"comment_status":"open","ping_status":"closed","template":"","meta":[],"product_brand":[],"product_cat":[632],"product_tag":[749,747,740],"class_list":{"0":"post-21982","1":"product","2":"type-product","3":"status-publish","4":"has-post-thumbnail","6":"product_cat-lustres","7":"product_tag-bois","8":"product_tag-chandeliers","9":"product_tag-decorations","11":"first","12":"instock","13":"taxable","14":"shipping-taxable","15":"purchasable","16":"product-type-simple"},"_links":{"self":[{"href":"https:\/\/dreamonwedding.it\/fr\/wp-json\/wp\/v2\/product\/21982","targetHints":{"allow":["GET"]}}],"collection":[{"href":"https:\/\/dreamonwedding.it\/fr\/wp-json\/wp\/v2\/product"}],"about":[{"href":"https:\/\/dreamonwedding.it\/fr\/wp-json\/wp\/v2\/types\/product"}],"replies":[{"embeddable":true,"href":"https:\/\/dreamonwedding.it\/fr\/wp-json\/wp\/v2\/comments?post=21982"}],"wp:featuredmedia":[{"embeddable":true,"href":"https:\/\/dreamonwedding.it\/fr\/wp-json\/wp\/v2\/media\/19668"}],"wp:attachment":[{"href":"https:\/\/dreamonwedding.it\/fr\/wp-json\/wp\/v2\/media?parent=21982"}],"wp:term":[{"taxonomy":"product_brand","embeddable":true,"href":"https:\/\/dreamonwedding.it\/fr\/wp-json\/wp\/v2\/product_brand?post=21982"},{"taxonomy":"product_cat","embeddable":true,"href":"https:\/\/dreamonwedding.it\/fr\/wp-json\/wp\/v2\/product_cat?post=21982"},{"taxonomy":"product_tag","embeddable":true,"href":"https:\/\/dreamonwedding.it\/fr\/wp-json\/wp\/v2\/product_tag?post=21982"}],"curies":[{"name":"wp","href":"https:\/\/api.w.org\/{rel}","templated":true}]}}