{"id":21983,"date":"2020-08-21T12:01:53","date_gmt":"2020-08-21T10:01:53","guid":{"rendered":"https:\/\/dreamonwedding.it\/product\/lanterne-en-verre-cadre-en-metal-2-tailles\/"},"modified":"2024-11-10T05:46:27","modified_gmt":"2024-11-10T04:46:27","slug":"lanterne-en-verre-cadre-en-metal-2-tailles","status":"publish","type":"product","link":"https:\/\/dreamonwedding.it\/fr\/produit\/lanterne-en-verre-cadre-en-metal-2-tailles\/","title":{"rendered":"Lanterne en Verre &#8211; Cadre en M\u00e9tal &#8211; 2 Tailles"},"content":{"rendered":"<h6>Grande lanterne en verre avec cadre en m\u00e9tal noir<\/h6>\n<p>Lanterne en verre, cadre en m\u00e9tal peint, noir.<\/p>\n<p>Id\u00e9al pour d\u00e9corer des environnements ext\u00e9rieurs, tels que des jardins et des terrasses, et pour organiser des \u00e9v\u00e9nements et des c\u00e9r\u00e9monies.<\/p>\n<p>La grande lanterne a un look minimaliste et moderne, id\u00e9ale pour de nombreux types de meubles et de d\u00e9coration, parfaite pour contenir des bougies de diff\u00e9rentes tailles. Utilis\u00e9 en d\u00e9coration d&rsquo;int\u00e9rieur comme meuble ou pour cr\u00e9er une magnifique atmosph\u00e8re enchant\u00e9e dans les arrangements de mariage et d&rsquo;\u00e9v\u00e9nement.<\/p>\n<p>Une lanterne au look contemporain. Disponible en deux tailles, en m\u00e9tal peint noir mat.<br \/>\nChaque lanterne a une ouverture lat\u00e9rale pour ins\u00e9rer une ou plusieurs bougies ou du mat\u00e9riel d\u00e9coratif. Gr\u00e2ce \u00e0 la poign\u00e9e articul\u00e9e, ils peuvent \u00eatre suspendus.<\/p>\n<p>Ces lanternes sont tr\u00e8s polyvalentes et capables de cr\u00e9er une atmosph\u00e8re suggestive et accueillante en toute saison !<\/p>\n<p>&nbsp;<\/p>\n<p>Nous garantissons la livraison express par courrier DHL (2-3 jours ouvrables).<\/p>\n<p>Si vous \u00eates un professionnel ou si vous avez besoin de ce produit en plus grande quantit\u00e9 que le stock affich\u00e9 sur le site <a href=\"https:\/\/dreamonwedding.it\/exclusive-italy-wedding-planner\/\">contactez-nous< \/a> pour obtenir un devis personnalis\u00e9.<\/p>\n<p>&nbsp;<\/p>\n<p>Suivez notre page <a href=\"https:\/\/www.instagram.com\/dreamon_emporio\/\" target=\"_blank\" rel=\"noopener\">Instagram<\/a> pour vous inspirer ou rendez-nous visite sur <a href=\"https:\/\/g. page\/dream -on-emporio\"> salle d&rsquo;exposition.<\/a><\/p>\n","protected":false},"excerpt":{"rendered":"<h6>Grande lanterne en verre avec cadre en m\u00e9tal noir<\/h6>\n<p>Lanterne en verre, cadre en m\u00e9tal peint, noir.<\/p>\n<p>Id\u00e9al pour d\u00e9corer des environnements ext\u00e9rieurs, tels que des jardins et des terrasses, et pour organiser des \u00e9v\u00e9nements et des c\u00e9r\u00e9monies.<\/p>\n","protected":false},"featured_media":19659,"comment_status":"open","ping_status":"closed","template":"","meta":[],"product_brand":[],"product_cat":[655,653],"product_tag":[709,740,737],"class_list":{"0":"post-21983","1":"product","2":"type-product","3":"status-publish","4":"has-post-thumbnail","6":"product_cat-bougeoir","7":"product_cat-lanternes","8":"product_tag-bougies","9":"product_tag-decorations","10":"product_tag-lanterne-fr","12":"first","13":"outofstock","14":"taxable","15":"shipping-taxable","16":"purchasable","17":"product-type-variable"},"_links":{"self":[{"href":"https:\/\/dreamonwedding.it\/fr\/wp-json\/wp\/v2\/product\/21983","targetHints":{"allow":["GET"]}}],"collection":[{"href":"https:\/\/dreamonwedding.it\/fr\/wp-json\/wp\/v2\/product"}],"about":[{"href":"https:\/\/dreamonwedding.it\/fr\/wp-json\/wp\/v2\/types\/product"}],"replies":[{"embeddable":true,"href":"https:\/\/dreamonwedding.it\/fr\/wp-json\/wp\/v2\/comments?post=21983"}],"wp:featuredmedia":[{"embeddable":true,"href":"https:\/\/dreamonwedding.it\/fr\/wp-json\/wp\/v2\/media\/19659"}],"wp:attachment":[{"href":"https:\/\/dreamonwedding.it\/fr\/wp-json\/wp\/v2\/media?parent=21983"}],"wp:term":[{"taxonomy":"product_brand","embeddable":true,"href":"https:\/\/dreamonwedding.it\/fr\/wp-json\/wp\/v2\/product_brand?post=21983"},{"taxonomy":"product_cat","embeddable":true,"href":"https:\/\/dreamonwedding.it\/fr\/wp-json\/wp\/v2\/product_cat?post=21983"},{"taxonomy":"product_tag","embeddable":true,"href":"https:\/\/dreamonwedding.it\/fr\/wp-json\/wp\/v2\/product_tag?post=21983"}],"curies":[{"name":"wp","href":"https:\/\/api.w.org\/{rel}","templated":true}]}}