{"id":21986,"date":"2020-08-21T12:15:21","date_gmt":"2020-08-21T10:15:21","guid":{"rendered":"https:\/\/dreamonwedding.it\/product\/cadre-en-metal-noir\/"},"modified":"2025-06-02T21:25:46","modified_gmt":"2025-06-02T19:25:46","slug":"cadre-en-metal-noir","status":"publish","type":"product","link":"https:\/\/dreamonwedding.it\/fr\/produit\/cadre-en-metal-noir\/","title":{"rendered":"Cadre en M\u00e9tal &#8211; Noir"},"content":{"rendered":"<h6>Cadre m\u00e9tallique<\/h6>\n<p>Id\u00e9al pour composer votre tableau de mariage.<\/p>\n<p>Fait de verre double et transparent, avec du m\u00e9tal noir de haute qualit\u00e9, <span class=\"a-list-item\">ce qui le rend solide et facile \u00e0 nettoyer.<\/span><\/p>\n<p><span class=\"a-list-item\">Le cadre a un crochet pour une suspension facile au mur.<\/span><\/p>\n<p><span class=\"a-list-item\">La conception de la grande surface en verre avec cadre en m\u00e9tal noir conf\u00e8re \u00e0 chaque \u0153uvre un go\u00fbt, un style et une personnalit\u00e9 modernes.<\/span><\/p >\n<p>Nous garantissons la livraison express par courrier DHL (2-3 jours ouvrables).<\/p>\n<p>Si vous \u00eates un professionnel ou avez besoin de ce produit en plus grande quantit\u00e9 que le stock affich\u00e9 sur le site<a href=\"https:\/\/dreamonwedding.it\/index.php\/contatti\"> contactez-nous<\/a> pour un devis personnalis\u00e9.<\/p>\n<p>Vous pouvez \u00e9galement trouver tous nos produits dans notre <a href=\"https:\/\/g.page\/dream-on-emporio?gm\" target=\"_blank\" rel=\"noopener\"> Emporio, venez nous rendre visite en salle d&rsquo;exposition !<\/a><\/p>\n<p>Suivez-nous sur <a href=\"https:\/\/www.instagram.com\/dreamon_emporio\/\" target=\"_blank\" rel=\"noopener\">Instagram !<\/a><\/p>\n","protected":false},"excerpt":{"rendered":"<p>Cadre en m\u00e9tal, couleur noire<\/p>\n<p>Id\u00e9al pour composer votre tableau de mariage.<\/p>\n<p>Fait de verre double et transparent, avec du m\u00e9tal noir de haute qualit\u00e9, <span class=\"a-list-item\">ce qui le rend solide et facile \u00e0 nettoyer.<\/span><\/p>\n<p>&nbsp;<\/p>\n<p>&nbsp;<\/p>\n","protected":false},"featured_media":19647,"comment_status":"open","ping_status":"closed","template":"","meta":[],"product_brand":[],"product_cat":[635],"product_tag":[740,699],"class_list":{"0":"post-21986","1":"product","2":"type-product","3":"status-publish","4":"has-post-thumbnail","6":"product_cat-corniche","7":"product_tag-decorations","8":"product_tag-metal","10":"first","11":"outofstock","12":"taxable","13":"shipping-taxable","14":"purchasable","15":"product-type-simple"},"_links":{"self":[{"href":"https:\/\/dreamonwedding.it\/fr\/wp-json\/wp\/v2\/product\/21986","targetHints":{"allow":["GET"]}}],"collection":[{"href":"https:\/\/dreamonwedding.it\/fr\/wp-json\/wp\/v2\/product"}],"about":[{"href":"https:\/\/dreamonwedding.it\/fr\/wp-json\/wp\/v2\/types\/product"}],"replies":[{"embeddable":true,"href":"https:\/\/dreamonwedding.it\/fr\/wp-json\/wp\/v2\/comments?post=21986"}],"wp:featuredmedia":[{"embeddable":true,"href":"https:\/\/dreamonwedding.it\/fr\/wp-json\/wp\/v2\/media\/19647"}],"wp:attachment":[{"href":"https:\/\/dreamonwedding.it\/fr\/wp-json\/wp\/v2\/media?parent=21986"}],"wp:term":[{"taxonomy":"product_brand","embeddable":true,"href":"https:\/\/dreamonwedding.it\/fr\/wp-json\/wp\/v2\/product_brand?post=21986"},{"taxonomy":"product_cat","embeddable":true,"href":"https:\/\/dreamonwedding.it\/fr\/wp-json\/wp\/v2\/product_cat?post=21986"},{"taxonomy":"product_tag","embeddable":true,"href":"https:\/\/dreamonwedding.it\/fr\/wp-json\/wp\/v2\/product_tag?post=21986"}],"curies":[{"name":"wp","href":"https:\/\/api.w.org\/{rel}","templated":true}]}}