{"id":21987,"date":"2020-11-26T11:01:47","date_gmt":"2020-11-26T10:01:47","guid":{"rendered":"https:\/\/dreamonwedding.it\/product\/ruban-de-velours\/"},"modified":"2020-11-26T11:01:47","modified_gmt":"2020-11-26T10:01:47","slug":"ruban-de-velours","status":"publish","type":"product","link":"https:\/\/dreamonwedding.it\/fr\/produit\/ruban-de-velours\/","title":{"rendered":"Ruban de velours"},"content":{"rendered":"<h6>Ruban Velours<\/h6>\n<p>Beau ruban de velours, disponible en diff\u00e9rentes couleurs, id\u00e9al pour d\u00e9corer les bouquets de mari\u00e9e et les emballages cadeaux raffin\u00e9s.<\/p>\n","protected":false},"excerpt":{"rendered":"<p>Ruban de velours. Diverses couleurs.<\/p>\n","protected":false},"featured_media":19629,"comment_status":"open","ping_status":"closed","template":"","meta":[],"product_brand":[],"product_cat":[638],"product_tag":[740,773],"class_list":{"0":"post-21987","1":"product","2":"type-product","3":"status-publish","4":"has-post-thumbnail","6":"product_cat-decorations","7":"product_tag-decorations","8":"product_tag-rubans","10":"first","11":"outofstock","12":"taxable","13":"shipping-taxable","14":"purchasable","15":"product-type-variable"},"_links":{"self":[{"href":"https:\/\/dreamonwedding.it\/fr\/wp-json\/wp\/v2\/product\/21987","targetHints":{"allow":["GET"]}}],"collection":[{"href":"https:\/\/dreamonwedding.it\/fr\/wp-json\/wp\/v2\/product"}],"about":[{"href":"https:\/\/dreamonwedding.it\/fr\/wp-json\/wp\/v2\/types\/product"}],"replies":[{"embeddable":true,"href":"https:\/\/dreamonwedding.it\/fr\/wp-json\/wp\/v2\/comments?post=21987"}],"wp:featuredmedia":[{"embeddable":true,"href":"https:\/\/dreamonwedding.it\/fr\/wp-json\/wp\/v2\/media\/19629"}],"wp:attachment":[{"href":"https:\/\/dreamonwedding.it\/fr\/wp-json\/wp\/v2\/media?parent=21987"}],"wp:term":[{"taxonomy":"product_brand","embeddable":true,"href":"https:\/\/dreamonwedding.it\/fr\/wp-json\/wp\/v2\/product_brand?post=21987"},{"taxonomy":"product_cat","embeddable":true,"href":"https:\/\/dreamonwedding.it\/fr\/wp-json\/wp\/v2\/product_cat?post=21987"},{"taxonomy":"product_tag","embeddable":true,"href":"https:\/\/dreamonwedding.it\/fr\/wp-json\/wp\/v2\/product_tag?post=21987"}],"curies":[{"name":"wp","href":"https:\/\/api.w.org\/{rel}","templated":true}]}}