{"id":21999,"date":"2020-11-26T12:26:25","date_gmt":"2020-11-26T11:26:25","guid":{"rendered":"https:\/\/dreamonwedding.it\/product\/ruban-de-soie\/"},"modified":"2020-11-26T12:26:25","modified_gmt":"2020-11-26T11:26:25","slug":"ruban-de-soie","status":"publish","type":"product","link":"https:\/\/dreamonwedding.it\/fr\/produit\/ruban-de-soie\/","title":{"rendered":"Ruban de soie"},"content":{"rendered":"<h6>Ruban de soie &#8211; Diff\u00e9rentes couleurs<\/h6>\n<p>Ruban de soie pr\u00e9cieuse aux bords frang\u00e9s, longueur 3 m, \u00e9paisseur 2,5 cm, bobine bois.<\/p>\n<p>Ce ruban est parfait comme d\u00e9coration pour votre mariage et \u00e9v\u00e9nement &#8211; id\u00e9al pour attacher le bouquet de la mari\u00e9e, les serviettes ou la papeterie de mariage.<\/p>\n<p>Le beau ruban de soie est indiqu\u00e9 pour fermer les paquets cadeaux pr\u00e9cieux et raffin\u00e9s.<\/p>\n<p>&nbsp;<\/p>\n<p>Nous garantissons la livraison express par courrier DHL (2-3 jours ouvrables).<\/p>\n<p>Si vous \u00eates un professionnel ou avez besoin de ce produit en plus grande quantit\u00e9 que le stock affich\u00e9 sur le site<a href=\"https:\/\/dreamonwedding.it\/index.php\/contatti\">contactez-nous<\/a> pour obtenir un devis personnalis\u00e9.<\/p>\n<p>Vous pouvez \u00e9galement retrouver tous nos produits dans notre <a href=\"https:\/\/g.page\/dream-on-emporio?gm\"> Emporio, venez nous rendre visite au showroom !<\/a><\/ p><\/p>\n<p>&nbsp;<\/p>\n<p>Pour vous inspirer, suivez-nous sur <a href=\"https:\/\/www.instagram.com\/dreamon_emporio\/\" target=\"_blank\" rel=\"noopener\">Instagram <\/a>ou <a href=\"https:\/\/dreamonwedding.it\/exclusive-italy-wedding-planner\/\">contactez-nous.<\/a><\/p>\n","protected":false},"excerpt":{"rendered":"<h6>Ruban de soie &#8211; Diff\u00e9rentes couleurs<\/h6>\n<p>Ruban de soie pr\u00e9cieuse aux bords frang\u00e9s, longueur 3 m, \u00e9paisseur 2,5 cm, bobine bois.<\/p>\n<p>Id\u00e9al pour bouquet de mari\u00e9e.<\/p>\n","protected":false},"featured_media":19560,"comment_status":"open","ping_status":"closed","template":"","meta":[],"product_brand":[],"product_cat":[638],"product_tag":[740,773],"class_list":{"0":"post-21999","1":"product","2":"type-product","3":"status-publish","4":"has-post-thumbnail","6":"product_cat-decorations","7":"product_tag-decorations","8":"product_tag-rubans","10":"first","11":"outofstock","12":"taxable","13":"shipping-taxable","14":"purchasable","15":"product-type-variable"},"_links":{"self":[{"href":"https:\/\/dreamonwedding.it\/fr\/wp-json\/wp\/v2\/product\/21999","targetHints":{"allow":["GET"]}}],"collection":[{"href":"https:\/\/dreamonwedding.it\/fr\/wp-json\/wp\/v2\/product"}],"about":[{"href":"https:\/\/dreamonwedding.it\/fr\/wp-json\/wp\/v2\/types\/product"}],"replies":[{"embeddable":true,"href":"https:\/\/dreamonwedding.it\/fr\/wp-json\/wp\/v2\/comments?post=21999"}],"wp:featuredmedia":[{"embeddable":true,"href":"https:\/\/dreamonwedding.it\/fr\/wp-json\/wp\/v2\/media\/19560"}],"wp:attachment":[{"href":"https:\/\/dreamonwedding.it\/fr\/wp-json\/wp\/v2\/media?parent=21999"}],"wp:term":[{"taxonomy":"product_brand","embeddable":true,"href":"https:\/\/dreamonwedding.it\/fr\/wp-json\/wp\/v2\/product_brand?post=21999"},{"taxonomy":"product_cat","embeddable":true,"href":"https:\/\/dreamonwedding.it\/fr\/wp-json\/wp\/v2\/product_cat?post=21999"},{"taxonomy":"product_tag","embeddable":true,"href":"https:\/\/dreamonwedding.it\/fr\/wp-json\/wp\/v2\/product_tag?post=21999"}],"curies":[{"name":"wp","href":"https:\/\/api.w.org\/{rel}","templated":true}]}}