{"id":22012,"date":"2020-11-26T16:48:57","date_gmt":"2020-11-26T15:48:57","guid":{"rendered":"https:\/\/dreamonwedding.it\/product\/amphore-terre-cuite-vernissee\/"},"modified":"2020-11-26T16:48:57","modified_gmt":"2020-11-26T15:48:57","slug":"amphore-terre-cuite-vernissee","status":"publish","type":"product","link":"https:\/\/dreamonwedding.it\/fr\/produit\/amphore-terre-cuite-vernissee\/","title":{"rendered":"Amphore &#8211; Terre cuite verniss\u00e9e"},"content":{"rendered":"<h6>Amphore en terre cuite \u00e9maill\u00e9e &#8211; Faite \u00e0 la main<\/h6>\n<p>Grands vases en terre cuite vintage, faits \u00e0 la main par des potiers experts.<\/p>\n<p>\u00c9mail craquel\u00e9, couleur blanc laiteux.<br \/>\nId\u00e9al pour les d\u00e9corations de mariage et d&rsquo;\u00e9v\u00e9nement en plein air ou la d\u00e9coration int\u00e9rieure rustique.<\/p>\n<p>Nous garantissons la livraison express par courrier DHL (2-3 jours ouvrables).<\/p>\n<p>Si vous \u00eates un professionnel ou avez besoin de ce produit en plus grande quantit\u00e9 que le stock affich\u00e9 sur le site<a href=\"https:\/\/dreamonwedding.it\/index.php\/contatti\"> contactez-nous<\/a> pour un devis personnalis\u00e9.<\/p>\n<p>Vous pouvez \u00e9galement trouver tous nos produits dans notre <a href=\"https:\/\/g.page\/dream-on-emporio?gm\" target=\"_blank\" rel=\"noopener\"> Emporio, venez nous rendre visite en salle d&rsquo;exposition !<\/a><\/p>\n","protected":false},"excerpt":{"rendered":"<p>Amphore vintage en terre cuite verniss\u00e9e, faite \u00e0 la main par des potiers experts.<\/p>\n<p>\u00c9mail craquel\u00e9, couleur blanc laiteux.<\/p>\n","protected":false},"featured_media":19551,"comment_status":"open","ping_status":"closed","template":"","meta":[],"product_brand":[],"product_cat":[633,638,657],"product_tag":[775,682,668],"class_list":{"0":"post-22012","1":"product","2":"type-product","3":"status-publish","4":"has-post-thumbnail","6":"product_cat-conteneurs","7":"product_cat-decorations","8":"product_cat-vases","9":"product_tag-amphore","10":"product_tag-decoration","11":"product_tag-vase","13":"first","14":"outofstock","15":"taxable","16":"shipping-taxable","17":"purchasable","18":"product-type-variable"},"_links":{"self":[{"href":"https:\/\/dreamonwedding.it\/fr\/wp-json\/wp\/v2\/product\/22012","targetHints":{"allow":["GET"]}}],"collection":[{"href":"https:\/\/dreamonwedding.it\/fr\/wp-json\/wp\/v2\/product"}],"about":[{"href":"https:\/\/dreamonwedding.it\/fr\/wp-json\/wp\/v2\/types\/product"}],"replies":[{"embeddable":true,"href":"https:\/\/dreamonwedding.it\/fr\/wp-json\/wp\/v2\/comments?post=22012"}],"wp:featuredmedia":[{"embeddable":true,"href":"https:\/\/dreamonwedding.it\/fr\/wp-json\/wp\/v2\/media\/19551"}],"wp:attachment":[{"href":"https:\/\/dreamonwedding.it\/fr\/wp-json\/wp\/v2\/media?parent=22012"}],"wp:term":[{"taxonomy":"product_brand","embeddable":true,"href":"https:\/\/dreamonwedding.it\/fr\/wp-json\/wp\/v2\/product_brand?post=22012"},{"taxonomy":"product_cat","embeddable":true,"href":"https:\/\/dreamonwedding.it\/fr\/wp-json\/wp\/v2\/product_cat?post=22012"},{"taxonomy":"product_tag","embeddable":true,"href":"https:\/\/dreamonwedding.it\/fr\/wp-json\/wp\/v2\/product_tag?post=22012"}],"curies":[{"name":"wp","href":"https:\/\/api.w.org\/{rel}","templated":true}]}}