{"id":22019,"date":"2021-01-15T10:51:03","date_gmt":"2021-01-15T09:51:03","guid":{"rendered":"https:\/\/dreamonwedding.it\/product\/lampe-suspendue-en-maille-metallique-fini-laiton\/"},"modified":"2021-01-15T10:51:03","modified_gmt":"2021-01-15T09:51:03","slug":"lampe-suspendue-en-maille-metallique-fini-laiton","status":"publish","type":"product","link":"https:\/\/dreamonwedding.it\/fr\/produit\/lampe-suspendue-en-maille-metallique-fini-laiton\/","title":{"rendered":"Lampe suspendue en maille m\u00e9tallique &#8211; Fini laiton"},"content":{"rendered":"<h6>Lampe en maille m\u00e9tallique &#8211; Laiton<\/h6>\n<p>Lampe suspendue en maille m\u00e9tallique. De couleur or, le maillet en m\u00e9tal est fabriqu\u00e9 \u00e0 la main selon un motif irr\u00e9gulier pour donner un aspect \u00ab\u00a0pot\u00a0\u00bb. Le style est tr\u00e8s contemporain et s&rsquo;adapte aussi bien aux environnements \u00e0 saveur industrielle qu&rsquo;aux ambiances plus \u00e9clectiques.<\/p>\n<p>Chaque lampe a une douille E27 et un long c\u00e2ble \u00e9lectrique recouvert de tissu gris satin\u00e9.<\/p>\n<p>&nbsp;<\/p>\n<p>&nbsp;<\/p>\n<p>Nous garantissons la livraison express par courrier DHL (2-3 jours ouvrables).<\/p>\n<p>Si vous \u00eates un professionnel ou si vous avez besoin de ce produit en plus grande quantit\u00e9 que le stock affich\u00e9 sur le site<em><a href=\"https:\/\/dreamonwedding.it\/exclusive-italy-wedding-planner\/\"> contactez-nous< \/a> <\/em>pour obtenir un devis personnalis\u00e9.<\/p>\n<p>Vous pouvez \u00e9galement trouver tous nos produits dans notre <em><a href=\"https:\/\/g.page\/dream-on-emporio?gm\" target=\"_blank\" rel=\"noopener\"> Emporio, venez rendez-nous visite au showroom !<\/a><\/em><\/p>\n","protected":false},"excerpt":{"rendered":"<p>Lampe \u00e0 suspension en m\u00e9tal, finition laiton, en deux tailles.<\/p>\n<p>Douille E27, c\u00e2ble \u00e9lectrique recouvert de tissu gris satin\u00e9, en deux longueurs.<\/p>\n<p>&nbsp;<\/p>\n","protected":false},"featured_media":19524,"comment_status":"open","ping_status":"closed","template":"","meta":[],"product_brand":[],"product_cat":[652],"product_tag":[779,778,780],"class_list":{"0":"post-22019","1":"product","2":"type-product","3":"status-publish","4":"has-post-thumbnail","6":"product_cat-les-lampes","7":"product_tag-abat-jour","8":"product_tag-lampe","9":"product_tag-lustre","11":"first","12":"instock","13":"taxable","14":"shipping-taxable","15":"purchasable","16":"product-type-variable"},"_links":{"self":[{"href":"https:\/\/dreamonwedding.it\/fr\/wp-json\/wp\/v2\/product\/22019","targetHints":{"allow":["GET"]}}],"collection":[{"href":"https:\/\/dreamonwedding.it\/fr\/wp-json\/wp\/v2\/product"}],"about":[{"href":"https:\/\/dreamonwedding.it\/fr\/wp-json\/wp\/v2\/types\/product"}],"replies":[{"embeddable":true,"href":"https:\/\/dreamonwedding.it\/fr\/wp-json\/wp\/v2\/comments?post=22019"}],"wp:featuredmedia":[{"embeddable":true,"href":"https:\/\/dreamonwedding.it\/fr\/wp-json\/wp\/v2\/media\/19524"}],"wp:attachment":[{"href":"https:\/\/dreamonwedding.it\/fr\/wp-json\/wp\/v2\/media?parent=22019"}],"wp:term":[{"taxonomy":"product_brand","embeddable":true,"href":"https:\/\/dreamonwedding.it\/fr\/wp-json\/wp\/v2\/product_brand?post=22019"},{"taxonomy":"product_cat","embeddable":true,"href":"https:\/\/dreamonwedding.it\/fr\/wp-json\/wp\/v2\/product_cat?post=22019"},{"taxonomy":"product_tag","embeddable":true,"href":"https:\/\/dreamonwedding.it\/fr\/wp-json\/wp\/v2\/product_tag?post=22019"}],"curies":[{"name":"wp","href":"https:\/\/api.w.org\/{rel}","templated":true}]}}