{"id":22025,"date":"2021-01-15T12:02:20","date_gmt":"2021-01-15T11:02:20","guid":{"rendered":"https:\/\/dreamonwedding.it\/product\/cadre-en-laiton-antique\/"},"modified":"2021-01-15T12:02:20","modified_gmt":"2021-01-15T11:02:20","slug":"cadre-en-laiton-antique","status":"publish","type":"product","link":"https:\/\/dreamonwedding.it\/fr\/produit\/cadre-en-laiton-antique\/","title":{"rendered":"Cadre en laiton antique"},"content":{"rendered":"<h6>CADRE EN LAITON ANTIQUE &#8211; DOUBLE VERRE<\/h6>\n<p> D\u00e9licieux cadre en laiton magnifiquement fabriqu\u00e9 \u00e0 la main et fini dans un aspect antique. La construction en laiton massif se combine parfaitement avec l&rsquo;int\u00e9rieur \u00e0 double vitrage offrant la toile de fond parfaite pour toutes les formes d&rsquo;\u0153uvres d&rsquo;art, des photographies et des souvenirs aux croquis et croquis ou impressions.<\/p>\n<p>Les cadres sont con\u00e7us pour \u00eatre suspendus \u00e0 l&rsquo;aide d&rsquo;une cha\u00eene, \u00e9galement en laiton, pour la d\u00e9coration int\u00e9rieure.<\/p>\n<p>Le m\u00e9tal est habilement soud\u00e9 autour du verre avec des outils indiens traditionnels ; ce processus artisanal signifie qu&rsquo;il y a des marques de soudure sur les coutures de chaque pi\u00e8ce, une caract\u00e9ristique que nous aimons car elle raconte l&rsquo;histoire de la fabrication du produit.<\/p>\n<p>Id\u00e9al pour la d\u00e9coration de la maison ou pour cr\u00e9er des tableaux de mariage originaux ou des d\u00e9corations pour les mariages et les \u00e9v\u00e9nements.<\/p>\n<p>Suivez notre page <a href=\"https:\/\/www.instagram.com\/dreamon_emporio\/\" target=\"_blank\" rel=\"noopener\">Instagram<\/a> pour rester inform\u00e9 de nos actualit\u00e9s, ou venez nous rendre visite sur <a href=\"https : \/\/dreamonwedding.it\/exclusive-italy-wedding-planner\/\">showroom.<\/a><\/p>\n<p>&nbsp;<\/p>\n","protected":false},"excerpt":{"rendered":"<p>Cadre en laiton vieilli \u00e0 double vitrage.<\/p>\n<p>Disponible en diff\u00e9rentes tailles et formes.<\/p>\n<p>Feuille d&rsquo;or vendue s\u00e9par\u00e9ment.<\/p>\n","protected":false},"featured_media":19482,"comment_status":"open","ping_status":"closed","template":"","meta":[],"product_brand":[],"product_cat":[635,638],"product_tag":[790,783,741,700],"class_list":{"0":"post-22025","1":"product","2":"type-product","3":"status-publish","4":"has-post-thumbnail","6":"product_cat-corniche","7":"product_cat-decorations","8":"product_tag-carre","9":"product_tag-corniche","10":"product_tag-laiton","11":"product_tag-or","13":"first","14":"instock","15":"taxable","16":"shipping-taxable","17":"purchasable","18":"product-type-variable"},"_links":{"self":[{"href":"https:\/\/dreamonwedding.it\/fr\/wp-json\/wp\/v2\/product\/22025","targetHints":{"allow":["GET"]}}],"collection":[{"href":"https:\/\/dreamonwedding.it\/fr\/wp-json\/wp\/v2\/product"}],"about":[{"href":"https:\/\/dreamonwedding.it\/fr\/wp-json\/wp\/v2\/types\/product"}],"replies":[{"embeddable":true,"href":"https:\/\/dreamonwedding.it\/fr\/wp-json\/wp\/v2\/comments?post=22025"}],"wp:featuredmedia":[{"embeddable":true,"href":"https:\/\/dreamonwedding.it\/fr\/wp-json\/wp\/v2\/media\/19482"}],"wp:attachment":[{"href":"https:\/\/dreamonwedding.it\/fr\/wp-json\/wp\/v2\/media?parent=22025"}],"wp:term":[{"taxonomy":"product_brand","embeddable":true,"href":"https:\/\/dreamonwedding.it\/fr\/wp-json\/wp\/v2\/product_brand?post=22025"},{"taxonomy":"product_cat","embeddable":true,"href":"https:\/\/dreamonwedding.it\/fr\/wp-json\/wp\/v2\/product_cat?post=22025"},{"taxonomy":"product_tag","embeddable":true,"href":"https:\/\/dreamonwedding.it\/fr\/wp-json\/wp\/v2\/product_tag?post=22025"}],"curies":[{"name":"wp","href":"https:\/\/api.w.org\/{rel}","templated":true}]}}