{"id":22029,"date":"2021-01-15T12:11:20","date_gmt":"2021-01-15T11:11:20","guid":{"rendered":"https:\/\/dreamonwedding.it\/product\/petite-boite-marque-place-verre-et-laiton\/"},"modified":"2021-01-15T12:11:20","modified_gmt":"2021-01-15T11:11:20","slug":"petite-boite-marque-place-verre-et-laiton","status":"publish","type":"product","link":"https:\/\/dreamonwedding.it\/fr\/produit\/petite-boite-marque-place-verre-et-laiton\/","title":{"rendered":"Petite bo\u00eete marque-place &#8211; Verre et Laiton"},"content":{"rendered":"<h6>PETITE BO\u00ceTE CARTE MARQUE-PLACES D\u00c9CORATIF<\/h6>\n<p>Nous adorons ces petites bo\u00eetes d\u00e9coratives en verre, elles ont la taille id\u00e9ale pour contenir des friandises ou des souvenirs. Ils peuvent \u00eatre utilis\u00e9s comme marque-place raffin\u00e9, cadeaux adorables ou d\u00e9corations de No\u00ebl insolites. Habillez vos compositions de petits d\u00e9tails raffin\u00e9s, remplissez-les de d\u00e9licats feuillages, plumes ou autres petits souvenirs. En plus des d\u00e9corations, ils sont aussi un cadeau personnalis\u00e9 vraiment magique.<\/p>\n<p>Le m\u00e9tal est habilement soud\u00e9 autour du verre avec des outils indiens traditionnels ; ce processus artisanal signifie qu&rsquo;il y a des marques de soudure sur les coutures de chaque pi\u00e8ce, une caract\u00e9ristique que nous aimons car elle raconte l&rsquo;histoire de la fabrication du produit.<\/p>\n<p>Nous garantissons la livraison express par courrier DHL (2-3 jours ouvrables).<\/p>\n<p>Si vous \u00eates un professionnel ou si vous avez besoin de ce produit en plus grande quantit\u00e9 que le stock affich\u00e9 sur le site <a href=\"https:\/\/dreamonwedding.it\/exclusive-italy-wedding-planner\/\">contactez-nous< \/a> pour obtenir un devis personnalis\u00e9.<\/p>\n<p>Pour \u00eatre inform\u00e9 de l&rsquo;actualit\u00e9 de nos produits, suivez-nous sur <a href=\"https:\/\/www.instagram.com\/dreamon_emporio\/\" target=\"_blank\" rel=\"noopener\"> Instagram<\/a><\/p>\n<div class=\"prod-collapse-content\"><\/div>\n","protected":false},"excerpt":{"rendered":"<p>Petite bo\u00eete marque-place d\u00e9corative en verre et laiton.<\/p>\n<p>&nbsp;<\/p>\n","protected":false},"featured_media":19473,"comment_status":"open","ping_status":"closed","template":"","meta":[],"product_brand":[],"product_cat":[633,638],"product_tag":[785,786,741,791,700],"class_list":{"0":"post-22029","1":"product","2":"type-product","3":"status-publish","4":"has-post-thumbnail","6":"product_cat-conteneurs","7":"product_cat-decorations","8":"product_tag-espace-reserve","9":"product_tag-faveur-de-mariage","10":"product_tag-laiton","11":"product_tag-marque","12":"product_tag-or","14":"first","15":"instock","16":"taxable","17":"shipping-taxable","18":"purchasable","19":"product-type-simple"},"_links":{"self":[{"href":"https:\/\/dreamonwedding.it\/fr\/wp-json\/wp\/v2\/product\/22029","targetHints":{"allow":["GET"]}}],"collection":[{"href":"https:\/\/dreamonwedding.it\/fr\/wp-json\/wp\/v2\/product"}],"about":[{"href":"https:\/\/dreamonwedding.it\/fr\/wp-json\/wp\/v2\/types\/product"}],"replies":[{"embeddable":true,"href":"https:\/\/dreamonwedding.it\/fr\/wp-json\/wp\/v2\/comments?post=22029"}],"wp:featuredmedia":[{"embeddable":true,"href":"https:\/\/dreamonwedding.it\/fr\/wp-json\/wp\/v2\/media\/19473"}],"wp:attachment":[{"href":"https:\/\/dreamonwedding.it\/fr\/wp-json\/wp\/v2\/media?parent=22029"}],"wp:term":[{"taxonomy":"product_brand","embeddable":true,"href":"https:\/\/dreamonwedding.it\/fr\/wp-json\/wp\/v2\/product_brand?post=22029"},{"taxonomy":"product_cat","embeddable":true,"href":"https:\/\/dreamonwedding.it\/fr\/wp-json\/wp\/v2\/product_cat?post=22029"},{"taxonomy":"product_tag","embeddable":true,"href":"https:\/\/dreamonwedding.it\/fr\/wp-json\/wp\/v2\/product_tag?post=22029"}],"curies":[{"name":"wp","href":"https:\/\/api.w.org\/{rel}","templated":true}]}}