{"id":22030,"date":"2021-01-15T12:26:14","date_gmt":"2021-01-15T11:26:14","guid":{"rendered":"https:\/\/dreamonwedding.it\/product\/boite-a-bijoux-en-verre-et-laiton\/"},"modified":"2021-01-15T12:26:14","modified_gmt":"2021-01-15T11:26:14","slug":"boite-a-bijoux-en-verre-et-laiton","status":"publish","type":"product","link":"https:\/\/dreamonwedding.it\/fr\/produit\/boite-a-bijoux-en-verre-et-laiton\/","title":{"rendered":"Bo\u00eete \u00e0 bijoux en verre et laiton"},"content":{"rendered":"<h6>COFFRET \u00c0 BIJOUX EN VERRE ET LAITON &#8211; NID D&rsquo;ABEILLE<\/h6>\n<p>Magnifique bo\u00eete \u00e0 bijoux en nid d&rsquo;abeille en laiton soud\u00e9 \u00e0 la main avec une base en miroir.<\/p>\n<p>Cette superbe pi\u00e8ce au design attrayant et pratique en nid d&rsquo;abeille est id\u00e9ale pour ranger bijoux, boutons de manchette et autres petits objets.<\/p>\n<p>Le m\u00e9tal est habilement soud\u00e9 autour du verre avec des outils traditionnels ; ce processus artisanal signifie qu&rsquo;il y a des marques de soudure sur les coutures de chaque pi\u00e8ce, une caract\u00e9ristique que nous aimons car elle raconte l&rsquo;histoire de la fabrication du produit.<\/p>\n<p>Notre produit est fabriqu\u00e9 en laiton avec une base miroir, un mat\u00e9riau solide et r\u00e9sistant aux rayures, \u00e9quip\u00e9 d&rsquo;un couvercle tr\u00e8s facile \u00e0 ouvrir et \u00e0 fermer.<\/p>\n<p>Si vous \u00eates un professionnel ou si vous avez besoin de ce produit en plus grande quantit\u00e9 que le stock affich\u00e9 sur le site<a href=\"https:\/\/dreamonwedding.it\/exclusive-italy-wedding-planner\/\"> contactez-nous< \/a> pour obtenir un devis personnalis\u00e9.<\/p>\n<p>Suivez toutes nos activit\u00e9s sur notre page <a href=\"https:\/\/www.instagram.com\/dreamon_emporio\/\" target=\"_blank\" rel=\"noopener\">Instagram<\/a><\/p>\n","protected":false},"excerpt":{"rendered":"<p>Bo\u00eete \u00e0 bijoux en verre et laiton &#8211; nid d&rsquo;abeille<\/p>\n","protected":false},"featured_media":19461,"comment_status":"open","ping_status":"closed","template":"","meta":[],"product_brand":[],"product_cat":[651,633],"product_tag":[792,682,791],"class_list":{"0":"post-22030","1":"product","2":"type-product","3":"status-publish","4":"has-post-thumbnail","6":"product_cat-bijoux","7":"product_cat-conteneurs","8":"product_tag-boite-a-bijoux","9":"product_tag-decoration","10":"product_tag-marque","12":"first","13":"outofstock","14":"taxable","15":"shipping-taxable","16":"purchasable","17":"product-type-variable"},"_links":{"self":[{"href":"https:\/\/dreamonwedding.it\/fr\/wp-json\/wp\/v2\/product\/22030","targetHints":{"allow":["GET"]}}],"collection":[{"href":"https:\/\/dreamonwedding.it\/fr\/wp-json\/wp\/v2\/product"}],"about":[{"href":"https:\/\/dreamonwedding.it\/fr\/wp-json\/wp\/v2\/types\/product"}],"replies":[{"embeddable":true,"href":"https:\/\/dreamonwedding.it\/fr\/wp-json\/wp\/v2\/comments?post=22030"}],"wp:featuredmedia":[{"embeddable":true,"href":"https:\/\/dreamonwedding.it\/fr\/wp-json\/wp\/v2\/media\/19461"}],"wp:attachment":[{"href":"https:\/\/dreamonwedding.it\/fr\/wp-json\/wp\/v2\/media?parent=22030"}],"wp:term":[{"taxonomy":"product_brand","embeddable":true,"href":"https:\/\/dreamonwedding.it\/fr\/wp-json\/wp\/v2\/product_brand?post=22030"},{"taxonomy":"product_cat","embeddable":true,"href":"https:\/\/dreamonwedding.it\/fr\/wp-json\/wp\/v2\/product_cat?post=22030"},{"taxonomy":"product_tag","embeddable":true,"href":"https:\/\/dreamonwedding.it\/fr\/wp-json\/wp\/v2\/product_tag?post=22030"}],"curies":[{"name":"wp","href":"https:\/\/api.w.org\/{rel}","templated":true}]}}