{"id":22033,"date":"2021-01-15T12:54:58","date_gmt":"2021-01-15T11:54:58","guid":{"rendered":"https:\/\/dreamonwedding.it\/product\/bougie-conique-effilee-42-cm\/"},"modified":"2025-06-03T14:04:38","modified_gmt":"2025-06-03T12:04:38","slug":"bougie-conique-effilee-42-cm","status":"publish","type":"product","link":"https:\/\/dreamonwedding.it\/fr\/produit\/bougie-conique-effilee-42-cm\/","title":{"rendered":"Bougie conique effil\u00e9e 42 cm"},"content":{"rendered":"<h6>BOUGIE CONIQUE CONIQUE 42 CM<\/h6>\n<p>La forme gracieuse et \u00e9lanc\u00e9e, les couleurs mates et raffin\u00e9es de ces splendides bougies artisanales apporteront \u00e0 coup s\u00fbr une contribution particuli\u00e8re \u00e0 votre table, \u00e9v\u00e9nement ou d\u00e9cor.<\/p>\n<p>Cette ligne sophistiqu\u00e9e de bougies faites \u00e0 la main selon les anciennes traditions d&rsquo;Europe du Nord est un produit raffin\u00e9 pour un segment de client\u00e8le exclusif et exigeant.<\/p>\n<p>&nbsp;<\/p>\n<p>La production en paraffine naturelle, faite \u00e0 la main et laqu\u00e9e avec la m\u00e9thode d&rsquo;immersion donne de la lumi\u00e8re aux bougies qui ne coulent pas, ne fument pas et ne sentent pas, parfaites pour les soir\u00e9es familiales, la restauration de haut niveau et les \u00e9v\u00e9nements exclusifs.<\/p>\n<p> p><\/p>\n<p>Les bougies coniques coniques de 42 cm ont une dur\u00e9e de combustion de 11 heures et s&rsquo;\u00e9teignent automatiquement sans laisser de r\u00e9sidus.<\/p>\n<p>&nbsp;<\/p>\n<p>Le caramel est une couleur neutre qui convient parfaitement \u00e0 la plupart des int\u00e9rieurs<\/p>\n<p>Les bougies sont vendues \u00e0 l&rsquo;unit\u00e9, mais contactez-nous si vous avez besoin d&rsquo;une grande quantit\u00e9 pour un \u00e9v\u00e9nement.<\/p>\n<p>&nbsp;<\/p>\n<p>Nous garantissons la livraison express par courrier DHL (2-3 jours ouvrables).<\/p>\n<p>Si vous \u00eates un professionnel ou avez besoin de ce produit en plus grande quantit\u00e9 que le stock affich\u00e9 sur le site<a href=\"https:\/\/dreamonwedding.it\/index.php\/contatti\"> contactez-nous<\/a> pour un devis personnalis\u00e9.<\/p>\n<p>Vous pouvez \u00e9galement trouver tous nos produits dans notre <a href=\"https:\/\/g.page\/dream-on-emporio?gm\" target=\"_blank\" rel=\"noopener\"> Emporio, venez nous rendre visite en salle d&rsquo;exposition !<\/a><\/p>\n","protected":false},"excerpt":{"rendered":"<p>Bougie effil\u00e9e &#8211; 42cm<\/p>\n<p>\u00c9l\u00e9gant et pr\u00e9cieux, disponible en plusieurs coloris.<\/p>\n<p>Fabriqu\u00e9 \u00e0 la main avec de la paraffine naturelle, laqu\u00e9 par la m\u00e9thode d&rsquo;immersion.<\/p>\n<p>&nbsp;<\/p>\n","protected":false},"featured_media":19452,"comment_status":"open","ping_status":"closed","template":"","meta":[],"product_brand":[],"product_cat":[631,638],"product_tag":[733,795,796],"class_list":{"0":"post-22033","1":"product","2":"type-product","3":"status-publish","4":"has-post-thumbnail","6":"product_cat-bougies","7":"product_cat-decorations","8":"product_tag-bougie","9":"product_tag-conique","10":"product_tag-conique-fr","12":"first","13":"outofstock","14":"taxable","15":"shipping-taxable","16":"purchasable","17":"product-type-variable"},"_links":{"self":[{"href":"https:\/\/dreamonwedding.it\/fr\/wp-json\/wp\/v2\/product\/22033","targetHints":{"allow":["GET"]}}],"collection":[{"href":"https:\/\/dreamonwedding.it\/fr\/wp-json\/wp\/v2\/product"}],"about":[{"href":"https:\/\/dreamonwedding.it\/fr\/wp-json\/wp\/v2\/types\/product"}],"replies":[{"embeddable":true,"href":"https:\/\/dreamonwedding.it\/fr\/wp-json\/wp\/v2\/comments?post=22033"}],"wp:featuredmedia":[{"embeddable":true,"href":"https:\/\/dreamonwedding.it\/fr\/wp-json\/wp\/v2\/media\/19452"}],"wp:attachment":[{"href":"https:\/\/dreamonwedding.it\/fr\/wp-json\/wp\/v2\/media?parent=22033"}],"wp:term":[{"taxonomy":"product_brand","embeddable":true,"href":"https:\/\/dreamonwedding.it\/fr\/wp-json\/wp\/v2\/product_brand?post=22033"},{"taxonomy":"product_cat","embeddable":true,"href":"https:\/\/dreamonwedding.it\/fr\/wp-json\/wp\/v2\/product_cat?post=22033"},{"taxonomy":"product_tag","embeddable":true,"href":"https:\/\/dreamonwedding.it\/fr\/wp-json\/wp\/v2\/product_tag?post=22033"}],"curies":[{"name":"wp","href":"https:\/\/api.w.org\/{rel}","templated":true}]}}